{"id":23414,"date":"2025-11-04T15:22:32","date_gmt":"2025-11-04T14:22:32","guid":{"rendered":"https:\/\/www.billigtrikotde.com\/?post_type=product&#038;p=23414"},"modified":"2025-11-04T15:23:27","modified_gmt":"2025-11-04T14:23:27","slug":"barcelona-guenstige-alejandro-balde-3-heimtrikot-kinder-2025-26-fussball-trikotsatz","status":"publish","type":"product","link":"https:\/\/www.billigtrikotde.com\/sv\/barcelona-guenstige-alejandro-balde-3-heimtrikot-kinder-2025-26-fussball-trikotsatz\/","title":{"rendered":"Barcelona Billigt Alejandro Balde #3 Hemtr\u00f6ja Barn 2025-26 Fotbolls tr\u00f6jset"},"content":{"rendered":"<p>Barcelona-fotbollstr\u00f6jor f\u00f6r barn Tips f\u00f6r att skriva ut: N\u00e4r namnet och numret p\u00e5 bilden exakt motsvarar dina \u00f6nskem\u00e5l beh\u00f6ver du inte skriva in dem igen. Om inte, b\u00f6r du ange ditt \u00f6nskade namn och ditt nummer.<\/p>\n<p>Tips f\u00f6r tv\u00e4tt: Det \u00e4r rekommenderat att tv\u00e4tta fotbollstr\u00f6jor f\u00f6r hand. Om du vill anv\u00e4nda tv\u00e4ttmaskinen ska du komma ih\u00e5g att v\u00e4nda fotbollstr\u00f6jorna ut och in och sedan tv\u00e4tta dem. Fyll maskinen med kallt vatten och anv\u00e4nd ett skonsamt program f\u00f6r att b\u00e4ttre skydda f\u00e4rgerna.<\/p>","protected":false},"excerpt":{"rendered":"<p>Barcelona-Fu\u00dfballtrikots Kinder Tipps zum Drucken: Wenn der Name und die Nummer auf dem Bild genau Ihren W\u00fcnschen entsprechen, m\u00fcssen Sie sie nicht erneut eingeben. Wenn nicht, sollten Sie Ihren gew\u00fcnschten Namen und Ihre Nummer eingeben. Barcelona-Fu\u00dfballtrikots Kinder Tipps zum Waschen: Es wird empfohlen, Fu\u00dfballtrikots von Hand zu waschen. Wenn Sie die Waschmaschine benutzen m\u00f6chten, denken [&hellip;]<\/p>","protected":false},"featured_media":23416,"comment_status":"open","ping_status":"closed","template":"","meta":[],"product_brand":[],"product_cat":[146],"product_tag":[],"class_list":{"0":"post-23414","1":"product","2":"type-product","3":"status-publish","4":"has-post-thumbnail","6":"product_cat-barcelona-kindertrikot","8":"first","9":"instock","10":"shipping-taxable","11":"purchasable","12":"product-type-variable"},"_links":{"self":[{"href":"https:\/\/www.billigtrikotde.com\/sv\/wp-json\/wp\/v2\/product\/23414","targetHints":{"allow":["GET"]}}],"collection":[{"href":"https:\/\/www.billigtrikotde.com\/sv\/wp-json\/wp\/v2\/product"}],"about":[{"href":"https:\/\/www.billigtrikotde.com\/sv\/wp-json\/wp\/v2\/types\/product"}],"replies":[{"embeddable":true,"href":"https:\/\/www.billigtrikotde.com\/sv\/wp-json\/wp\/v2\/comments?post=23414"}],"wp:featuredmedia":[{"embeddable":true,"href":"https:\/\/www.billigtrikotde.com\/sv\/wp-json\/wp\/v2\/media\/23416"}],"wp:attachment":[{"href":"https:\/\/www.billigtrikotde.com\/sv\/wp-json\/wp\/v2\/media?parent=23414"}],"wp:term":[{"taxonomy":"product_brand","embeddable":true,"href":"https:\/\/www.billigtrikotde.com\/sv\/wp-json\/wp\/v2\/product_brand?post=23414"},{"taxonomy":"product_cat","embeddable":true,"href":"https:\/\/www.billigtrikotde.com\/sv\/wp-json\/wp\/v2\/product_cat?post=23414"},{"taxonomy":"product_tag","embeddable":true,"href":"https:\/\/www.billigtrikotde.com\/sv\/wp-json\/wp\/v2\/product_tag?post=23414"}],"curies":[{"name":"wp","href":"https:\/\/api.w.org\/{rel}","templated":true}]}}