{"id":2318,"date":"2024-10-23T14:11:57","date_gmt":"2024-10-23T12:11:57","guid":{"rendered":"http:\/\/billigtrikots.com\/?post_type=product&#038;p=2318"},"modified":"2024-10-23T14:13:06","modified_gmt":"2024-10-23T12:13:06","slug":"manchester-city-auswaertstrikot-2022-weiss-hellblau-mit-aufdruck-sterling-7","status":"publish","type":"product","link":"https:\/\/www.billigtrikotde.com\/sv\/manchester-city-auswaertstrikot-2022-weiss-hellblau-mit-aufdruck-sterling-7\/","title":{"rendered":"Manchester City bortast\u00e4ll 2022 vitt\/ljusbl\u00e5tt med Sterling 7-tryck"},"content":{"rendered":"<p>Den senaste bortatr\u00f6jan f\u00f6r herrar fr\u00e5n Puma MCFC kommer i en ovanligt ljus f\u00e4rg och \u00e4r d\u00e4rf\u00f6r helt unik! Den \u00e4r naturligtvis prydd med den stolta klubblogotypen, officiella sponsordetaljer och den legendariska Puma-katten. Missa inte den h\u00e4r unika designen!<\/p>\n<p>Den \u00e4r tillverkad av 100% \u00e5tervunnen polyester och tack vare dryCELL-tekniken s\u00e4kerst\u00e4ller den god v\u00e4rme- och fukthantering. Detta h\u00e5ller din kropp torr och fr\u00e4sch, och du kan vara s\u00e4ker p\u00e5 h\u00e5llbar kvalitet. Den speciella repliksk\u00e4rningen skiljer sig n\u00e5got fr\u00e5n de mer \u00e5tsittande spelartr\u00f6jorna och garanterar maximal r\u00f6relsefrihet i alla riktningar.<\/p>\n<p>Visa din trohet och lojalitet oavsett n\u00e4r och var Citizens \u00e4r p\u00e5 planen! Skaffa den officiella Puma Manchester City bortatr\u00f6jan f\u00f6r herrar 2021\/22 och fira det mycket framg\u00e5ngsrika laget!<\/p>\n<p>Tips f\u00f6r utskrift: Om namn och nummer p\u00e5 bilden \u00e4r exakt vad du vill ha, beh\u00f6ver du inte ange dem igen. Om inte, ska du ange \u00f6nskat namn och nummer.<\/p>\n<p>Tips f\u00f6r tv\u00e4tt: Det \u00e4r rekommenderat att tv\u00e4tta fotbollstr\u00f6jor f\u00f6r hand. Om du vill anv\u00e4nda tv\u00e4ttmaskinen ska du komma ih\u00e5g att v\u00e4nda fotbollstr\u00f6jorna ut och in och sedan tv\u00e4tta dem. Fyll maskinen med kallt vatten och anv\u00e4nd ett skonsamt program f\u00f6r att b\u00e4ttre skydda f\u00e4rgerna.<\/p>","protected":false},"excerpt":{"rendered":"<p>Das aktuelle Puma MCFC Herren Ausw\u00e4rts Trikot zeigt sich in einer ungew\u00f6hnlich hellen Farbe und ist somit ein echtes Unikat! Es ist nat\u00fcrlich mit dem stolzen Vereinslogo, offiziellen Sponsorendetails und der legend\u00e4ren Puma Cat geschm\u00fcckt. Dieses einzigartige Design darfst du dir nicht entgehen lassen! Gefertigt wird es aus 100% recyceltem Polyester und dank der dryCELL [&hellip;]<\/p>","protected":false},"featured_media":2350,"comment_status":"open","ping_status":"closed","template":"","meta":[],"product_brand":[],"product_cat":[82],"product_tag":[20,21,22,23,24,83,84],"class_list":{"0":"post-2318","1":"product","2":"type-product","3":"status-publish","4":"has-post-thumbnail","6":"product_cat-manchester-city","7":"product_tag-coole-fussballtrikots","8":"product_tag-fussballtrikot-fuer-herren","9":"product_tag-fussballtrikot-guenstig-kaufen","10":"product_tag-fussballtrikot-kurzarm","11":"product_tag-guenstiges-fussballtrikot","12":"product_tag-manchester-city-auswaertstrikot","13":"product_tag-manchester-city-trikots","15":"first","16":"instock","17":"shipping-taxable","18":"purchasable","19":"product-type-variable"},"_links":{"self":[{"href":"https:\/\/www.billigtrikotde.com\/sv\/wp-json\/wp\/v2\/product\/2318","targetHints":{"allow":["GET"]}}],"collection":[{"href":"https:\/\/www.billigtrikotde.com\/sv\/wp-json\/wp\/v2\/product"}],"about":[{"href":"https:\/\/www.billigtrikotde.com\/sv\/wp-json\/wp\/v2\/types\/product"}],"replies":[{"embeddable":true,"href":"https:\/\/www.billigtrikotde.com\/sv\/wp-json\/wp\/v2\/comments?post=2318"}],"wp:featuredmedia":[{"embeddable":true,"href":"https:\/\/www.billigtrikotde.com\/sv\/wp-json\/wp\/v2\/media\/2350"}],"wp:attachment":[{"href":"https:\/\/www.billigtrikotde.com\/sv\/wp-json\/wp\/v2\/media?parent=2318"}],"wp:term":[{"taxonomy":"product_brand","embeddable":true,"href":"https:\/\/www.billigtrikotde.com\/sv\/wp-json\/wp\/v2\/product_brand?post=2318"},{"taxonomy":"product_cat","embeddable":true,"href":"https:\/\/www.billigtrikotde.com\/sv\/wp-json\/wp\/v2\/product_cat?post=2318"},{"taxonomy":"product_tag","embeddable":true,"href":"https:\/\/www.billigtrikotde.com\/sv\/wp-json\/wp\/v2\/product_tag?post=2318"}],"curies":[{"name":"wp","href":"https:\/\/api.w.org\/{rel}","templated":true}]}}