{"id":2303,"date":"2024-10-23T14:11:23","date_gmt":"2024-10-23T12:11:23","guid":{"rendered":"http:\/\/billigtrikots.com\/?post_type=product&#038;p=2303"},"modified":"2024-10-23T14:11:44","modified_gmt":"2024-10-23T12:11:44","slug":"james-maddison-10-leicester-city-fc-2022-home-fussball-trikots-herren","status":"publish","type":"product","link":"https:\/\/www.billigtrikotde.com\/sv\/james-maddison-10-leicester-city-fc-2022-home-fussball-trikots-herren\/","title":{"rendered":"James Maddison #10 Leicester City FC 2022 Hem Fotbollstr\u00f6jor Herr"},"content":{"rendered":"<p>Spela som proffsen p\u00e5 planen med dessa Leicester City FC 2021\/22 hemmal\u00e5ngbystar f\u00f6r herrar. Dessa l\u00e4tta shorts finns i vit f\u00e4rgs\u00e4ttning och best\u00e5r av sl\u00e4t Primegreen-polyesterv\u00e4v med AEROREADY-teknologi som avleder svett f\u00f6r svalt komfort. Den har en elastisk midja med justerbara sn\u00f6ren f\u00f6r en individuell passform samt kontrasterande 3-stripes p\u00e5 sidorna. St\u00e4mplad med ett SportLogo och Foxes-sigill p\u00e5 varje ben. Maskintv\u00e4ttbar.<\/p>\n<p>Tips f\u00f6r utskrift: Om namn och nummer p\u00e5 bilden \u00e4r exakt vad du vill ha, beh\u00f6ver du inte ange dem igen. Om inte, ska du ange \u00f6nskat namn och nummer.<\/p>\n<p>Tips f\u00f6r tv\u00e4tt: Det \u00e4r rekommenderat att tv\u00e4tta fotbollstr\u00f6jor f\u00f6r hand. Om du vill anv\u00e4nda tv\u00e4ttmaskinen ska du komma ih\u00e5g att v\u00e4nda fotbollstr\u00f6jorna ut och in och sedan tv\u00e4tta dem. Fyll maskinen med kallt vatten och anv\u00e4nd ett skonsamt program f\u00f6r att b\u00e4ttre skydda f\u00e4rgerna.<\/p>","protected":false},"excerpt":{"rendered":"<p>Spielen Sie wie die Profis auf dem Platz mit diesen Leicester City FC 2021\/22 Heimshorts f\u00fcr Herren. Diese leichte Shorts ist in einer wei\u00dfen Farbgebung erh\u00e4ltlich und besteht aus glattem Primegreen-Polyestergewebe mit AEROREADY-Technologie, die Schwei\u00df f\u00fcr k\u00fchlen Komfort ableitet. Sie verf\u00fcgt \u00fcber einen elastischen Bund mit verstellbaren Kordeln f\u00fcr eine individuelle Passform sowie kontrastierende 3-Streifen [&hellip;]<\/p>","protected":false},"featured_media":2307,"comment_status":"open","ping_status":"closed","template":"","meta":[],"product_brand":[],"product_cat":[80],"product_tag":[20,21,22,23,54,24,81],"class_list":{"0":"post-2303","1":"product","2":"type-product","3":"status-publish","4":"has-post-thumbnail","6":"product_cat-leicester-city","7":"product_tag-coole-fussballtrikots","8":"product_tag-fussballtrikot-fuer-herren","9":"product_tag-fussballtrikot-guenstig-kaufen","10":"product_tag-fussballtrikot-kurzarm","11":"product_tag-fussballtrikot-set","12":"product_tag-guenstiges-fussballtrikot","13":"product_tag-leicester-city-f-c-trikots","15":"first","16":"instock","17":"shipping-taxable","18":"purchasable","19":"product-type-variable"},"_links":{"self":[{"href":"https:\/\/www.billigtrikotde.com\/sv\/wp-json\/wp\/v2\/product\/2303","targetHints":{"allow":["GET"]}}],"collection":[{"href":"https:\/\/www.billigtrikotde.com\/sv\/wp-json\/wp\/v2\/product"}],"about":[{"href":"https:\/\/www.billigtrikotde.com\/sv\/wp-json\/wp\/v2\/types\/product"}],"replies":[{"embeddable":true,"href":"https:\/\/www.billigtrikotde.com\/sv\/wp-json\/wp\/v2\/comments?post=2303"}],"wp:featuredmedia":[{"embeddable":true,"href":"https:\/\/www.billigtrikotde.com\/sv\/wp-json\/wp\/v2\/media\/2307"}],"wp:attachment":[{"href":"https:\/\/www.billigtrikotde.com\/sv\/wp-json\/wp\/v2\/media?parent=2303"}],"wp:term":[{"taxonomy":"product_brand","embeddable":true,"href":"https:\/\/www.billigtrikotde.com\/sv\/wp-json\/wp\/v2\/product_brand?post=2303"},{"taxonomy":"product_cat","embeddable":true,"href":"https:\/\/www.billigtrikotde.com\/sv\/wp-json\/wp\/v2\/product_cat?post=2303"},{"taxonomy":"product_tag","embeddable":true,"href":"https:\/\/www.billigtrikotde.com\/sv\/wp-json\/wp\/v2\/product_tag?post=2303"}],"curies":[{"name":"wp","href":"https:\/\/api.w.org\/{rel}","templated":true}]}}