{"id":22431,"date":"2025-08-08T14:55:16","date_gmt":"2025-08-08T12:55:16","guid":{"rendered":"https:\/\/www.billigtrikotde.com\/?post_type=product&#038;p=22431"},"modified":"2025-08-08T15:15:20","modified_gmt":"2025-08-08T13:15:20","slug":"inter-miami-lionel-messi-10-heimtrikot-kinder-2025-26-fussball-trikotsatz","status":"publish","type":"product","link":"https:\/\/www.billigtrikotde.com\/sv\/inter-miami-lionel-messi-10-heimtrikot-kinder-2025-26-fussball-trikotsatz\/","title":{"rendered":"Inter Miami Lionel Messi #10 Hemtr\u00f6ja Barn 2025-26 Fotbollstr\u00f6ja set"},"content":{"rendered":"<p>Hemmatchtr\u00f6jan 2025 baseras p\u00e5 de tr\u00f6jorna som av sp\u00e4nnande nyf\u00f6rv\u00e4rv som Sergio Busquets, Jordi Alba, Lionel Messi, Luis Su\u00e1rez och resten av f\u00f6rsta laget i Elitespel i MLS bar, och visar ditt orubbliga st\u00f6d f\u00f6r Inter Miami. Tr\u00f6jan har de ikoniska rosa r\u00e4nderna fr\u00e5n det klassiska Miami International-teamet och framh\u00e4ver energin i t\u00e4vlingen p\u00e5 h\u00f6gsta niv\u00e5. Den h\u00f6gpresterande AEROREADY-teknologin leder bort fukt s\u00e5 att du h\u00e5ller dig torr, medan klubbm\u00e4rket ger l\u00e4tt b\u00e4rkomfort.<\/p>\n<p>Tips f\u00f6r utskrift: Om namn och nummer p\u00e5 bilden \u00e4r exakt vad du vill ha, beh\u00f6ver du inte ange dem igen. Om inte, ska du ange \u00f6nskat namn och nummer.<\/p>\n<p>Tips f\u00f6r tv\u00e4tt: Det \u00e4r rekommenderat att tv\u00e4tta fotbollstr\u00f6jor f\u00f6r hand. Om du vill anv\u00e4nda tv\u00e4ttmaskinen ska du komma ih\u00e5g att v\u00e4nda fotbollstr\u00f6jorna ut och in och sedan tv\u00e4tta dem. Fyll maskinen med kallt vatten och anv\u00e4nd ett skonsamt program f\u00f6r att b\u00e4ttre skydda f\u00e4rgerna.<\/p>","protected":false},"excerpt":{"rendered":"<p>Das Heimtrikot 2025 basiert auf den Trikots, die von aufregenden Neuzug\u00e4ngen wie Sergio Busquets, Jordi Alba, Lionel Messi, Luis Suarez und dem Rest der ersten Mannschaft in Elitespielen der MLS getragen wurden, und zeigt Ihre unersch\u00fctterliche Unterst\u00fctzung f\u00fcr Inter Miami.Das Trikot weist die ikonischen rosa Streifen des klassischen Miami International-Teams auf und unterstreicht die Energie [&hellip;]<\/p>","protected":false},"featured_media":22435,"comment_status":"open","ping_status":"closed","template":"","meta":[],"product_brand":[],"product_cat":[569],"product_tag":[1461,1299],"class_list":{"0":"post-22431","1":"product","2":"type-product","3":"status-publish","4":"has-post-thumbnail","6":"product_cat-inter-miami-kindertrikot","7":"product_tag-guenstige-inter-miami-trikot-kinder","8":"product_tag-lionel-messi-trikots","10":"first","11":"instock","12":"shipping-taxable","13":"purchasable","14":"product-type-variable"},"_links":{"self":[{"href":"https:\/\/www.billigtrikotde.com\/sv\/wp-json\/wp\/v2\/product\/22431","targetHints":{"allow":["GET"]}}],"collection":[{"href":"https:\/\/www.billigtrikotde.com\/sv\/wp-json\/wp\/v2\/product"}],"about":[{"href":"https:\/\/www.billigtrikotde.com\/sv\/wp-json\/wp\/v2\/types\/product"}],"replies":[{"embeddable":true,"href":"https:\/\/www.billigtrikotde.com\/sv\/wp-json\/wp\/v2\/comments?post=22431"}],"wp:featuredmedia":[{"embeddable":true,"href":"https:\/\/www.billigtrikotde.com\/sv\/wp-json\/wp\/v2\/media\/22435"}],"wp:attachment":[{"href":"https:\/\/www.billigtrikotde.com\/sv\/wp-json\/wp\/v2\/media?parent=22431"}],"wp:term":[{"taxonomy":"product_brand","embeddable":true,"href":"https:\/\/www.billigtrikotde.com\/sv\/wp-json\/wp\/v2\/product_brand?post=22431"},{"taxonomy":"product_cat","embeddable":true,"href":"https:\/\/www.billigtrikotde.com\/sv\/wp-json\/wp\/v2\/product_cat?post=22431"},{"taxonomy":"product_tag","embeddable":true,"href":"https:\/\/www.billigtrikotde.com\/sv\/wp-json\/wp\/v2\/product_tag?post=22431"}],"curies":[{"name":"wp","href":"https:\/\/api.w.org\/{rel}","templated":true}]}}