{"id":222,"date":"2024-10-23T12:10:11","date_gmt":"2024-10-23T10:10:11","guid":{"rendered":"http:\/\/billigtrikots.com\/?post_type=product&#038;p=222"},"modified":"2024-10-23T12:12:13","modified_gmt":"2024-10-23T10:12:13","slug":"fc-barcelona-heimtrikot-2021-22-herren-fussballtrikots-blau-mit-aufdruck-suarez-9","status":"publish","type":"product","link":"https:\/\/www.billigtrikotde.com\/sv\/fc-barcelona-heimtrikot-2021-22-herren-fussballtrikots-blau-mit-aufdruck-suarez-9\/","title":{"rendered":"FC Barcelona hemmast\u00e4ll 2021\/22 fotbollstr\u00f6jor f\u00f6r herrar bl\u00e5 med tryck SUAREZ 9"},"content":{"rendered":"<p>Det 100 % \u00e5tervunna funktionsmaterialet med Nike Dri-FIT-teknologi \u00e4r s\u00e4rskilt andningsbart och ger en sval k\u00e4nsla. \u00c4kta lagdetaljer som klubbemblemet understryker din entusiasm f\u00f6r Barca, oavsett om du \u00e4r p\u00e5 planen eller p\u00e5 gatan.<\/p>\n<p>Tips f\u00f6r utskrift: Om namn och nummer p\u00e5 bilden \u00e4r exakt vad du vill ha, beh\u00f6ver du inte ange dem igen. Om inte, ska du ange \u00f6nskat namn och nummer.<\/p>\n<p>Tips f\u00f6r tv\u00e4tt: Det \u00e4r rekommenderat att tv\u00e4tta fotbollstr\u00f6jor f\u00f6r hand. Om du vill anv\u00e4nda tv\u00e4ttmaskinen ska du komma ih\u00e5g att v\u00e4nda fotbollstr\u00f6jorna ut och in och sedan tv\u00e4tta dem. Fyll maskinen med kallt vatten och anv\u00e4nd ett skonsamt program f\u00f6r att b\u00e4ttre skydda f\u00e4rgerna.<\/p>","protected":false},"excerpt":{"rendered":"<p>Das zu 100 % recycelte Funktionsmaterial mit Nike Dri-FIT-Technologie ist besonders atmungsaktiv und sorgt f\u00fcr ein k\u00fchles Tragegef\u00fchl. Authentische Teamdetails wie das Vereinswappen untermauern deine Begeisterung f\u00fcr Barca, egal ob auf dem Platz oder auf der Stra\u00dfe. Tipps zum Drucken: Wenn der Name und die Nummer auf dem Bild genau Ihren W\u00fcnschen entsprechen, m\u00fcssen Sie [&hellip;]<\/p>","protected":false},"featured_media":268,"comment_status":"open","ping_status":"closed","template":"","meta":[],"product_brand":[],"product_cat":[31],"product_tag":[32,20,33,21,22,23,24],"class_list":{"0":"post-222","1":"product","2":"type-product","3":"status-publish","4":"has-post-thumbnail","6":"product_cat-fc-barcelona","7":"product_tag-barcelona-heimtrikot","8":"product_tag-coole-fussballtrikots","9":"product_tag-fc-barcelona-trikots","10":"product_tag-fussballtrikot-fuer-herren","11":"product_tag-fussballtrikot-guenstig-kaufen","12":"product_tag-fussballtrikot-kurzarm","13":"product_tag-guenstiges-fussballtrikot","15":"first","16":"instock","17":"shipping-taxable","18":"purchasable","19":"product-type-variable"},"_links":{"self":[{"href":"https:\/\/www.billigtrikotde.com\/sv\/wp-json\/wp\/v2\/product\/222","targetHints":{"allow":["GET"]}}],"collection":[{"href":"https:\/\/www.billigtrikotde.com\/sv\/wp-json\/wp\/v2\/product"}],"about":[{"href":"https:\/\/www.billigtrikotde.com\/sv\/wp-json\/wp\/v2\/types\/product"}],"replies":[{"embeddable":true,"href":"https:\/\/www.billigtrikotde.com\/sv\/wp-json\/wp\/v2\/comments?post=222"}],"wp:featuredmedia":[{"embeddable":true,"href":"https:\/\/www.billigtrikotde.com\/sv\/wp-json\/wp\/v2\/media\/268"}],"wp:attachment":[{"href":"https:\/\/www.billigtrikotde.com\/sv\/wp-json\/wp\/v2\/media?parent=222"}],"wp:term":[{"taxonomy":"product_brand","embeddable":true,"href":"https:\/\/www.billigtrikotde.com\/sv\/wp-json\/wp\/v2\/product_brand?post=222"},{"taxonomy":"product_cat","embeddable":true,"href":"https:\/\/www.billigtrikotde.com\/sv\/wp-json\/wp\/v2\/product_cat?post=222"},{"taxonomy":"product_tag","embeddable":true,"href":"https:\/\/www.billigtrikotde.com\/sv\/wp-json\/wp\/v2\/product_tag?post=222"}],"curies":[{"name":"wp","href":"https:\/\/api.w.org\/{rel}","templated":true}]}}