{"id":22147,"date":"2025-07-13T16:28:08","date_gmt":"2025-07-13T14:28:08","guid":{"rendered":"https:\/\/www.billigtrikotde.com\/?post_type=product&#038;p=22147"},"modified":"2025-07-13T16:28:09","modified_gmt":"2025-07-13T14:28:09","slug":"manchester-city-ruben-dias-heimtrikot-kinder-2025-26-fussball-trikotsatz","status":"publish","type":"product","link":"https:\/\/www.billigtrikotde.com\/sv\/manchester-city-ruben-dias-heimtrikot-kinder-2025-26-fussball-trikotsatz\/","title":{"rendered":"Manchester City Ruben Dias #3 Hemtr\u00f6ja Barn 2025-26 Fotbolls tr\u00f6jset"},"content":{"rendered":"<p>Manchester City Ruben Dias Hemtr\u00f6ja Barn 2025-26 Fotbollstrikotsats. F\u00f6r f\u00f6rsta g\u00e5ngen i klubbens historia har Manchester City FC:s herrars hemtr\u00f6ja 2025\/26 tolkats p\u00e5 nytt med ett markant sk\u00e4rpdesign och den ikoniska himmelsbl\u00e5 f\u00e4rgen. Det \u00e4r en hyllning till de legendariska bortatr\u00f6jorna fr\u00e5n tidigare tider och ett tecken p\u00e5 klubbens unika anda. Denna hemtr\u00f6ja f\u00f6renar tradition med innovation och firar med ett diagonalt band City:s historia samtidigt modigt mot framtiden. Den \u00e4r utformad f\u00f6r komfort och prestanda och best\u00e5r av l\u00e4tt ULTRAWEAVE-material och dryCELL-teknologi som leder bort fukt och h\u00e5ller dig sval p\u00e5 och utanf\u00f6r planen.<\/p>\n<p>Tips f\u00f6r utskrift: Om namn och nummer p\u00e5 bilden \u00e4r exakt vad du vill ha, beh\u00f6ver du inte ange dem igen. Om inte, ska du ange \u00f6nskat namn och nummer.<\/p>\n<p>Tips f\u00f6r tv\u00e4tt: Det \u00e4r rekommenderat att tv\u00e4tta fotbollstr\u00f6jor f\u00f6r hand. Om du vill anv\u00e4nda tv\u00e4ttmaskinen ska du komma ih\u00e5g att v\u00e4nda fotbollstr\u00f6jorna ut och in och sedan tv\u00e4tta dem. Fyll maskinen med kallt vatten och anv\u00e4nd ett skonsamt program f\u00f6r att b\u00e4ttre skydda f\u00e4rgerna.<\/p>","protected":false},"excerpt":{"rendered":"<p>Manchester City Ruben Dias Heimtrikot Kinder 2025-26 Fu\u00dfball trikotsatz.Zum ersten Mal in der Vereinsgeschichte wurde das Manchester City FC 2025\/26 Herren-Heimtrikot mit einem markanten Sch\u00e4rpendesign und dem ikonischen Himmelblau neu interpretiert. Es ist eine Hommage an die legend\u00e4ren Ausw\u00e4rtstrikots der Vergangenheit und ein Symbol f\u00fcr den einzigartigen Geist des Vereins. Dieses Heimtrikot verbindet Tradition mit [&hellip;]<\/p>","protected":false},"featured_media":22149,"comment_status":"open","ping_status":"closed","template":"","meta":[],"product_brand":[],"product_cat":[144],"product_tag":[1537,1536],"class_list":{"0":"post-22147","1":"product","2":"type-product","3":"status-publish","4":"has-post-thumbnail","6":"product_cat-manchester-city-kindertrikot","7":"product_tag-guenstige-ruben-dias-trikot-kinder","8":"product_tag-ruben-dias-trikot-kinder-kaufen","10":"first","11":"instock","12":"shipping-taxable","13":"purchasable","14":"product-type-variable"},"_links":{"self":[{"href":"https:\/\/www.billigtrikotde.com\/sv\/wp-json\/wp\/v2\/product\/22147","targetHints":{"allow":["GET"]}}],"collection":[{"href":"https:\/\/www.billigtrikotde.com\/sv\/wp-json\/wp\/v2\/product"}],"about":[{"href":"https:\/\/www.billigtrikotde.com\/sv\/wp-json\/wp\/v2\/types\/product"}],"replies":[{"embeddable":true,"href":"https:\/\/www.billigtrikotde.com\/sv\/wp-json\/wp\/v2\/comments?post=22147"}],"wp:featuredmedia":[{"embeddable":true,"href":"https:\/\/www.billigtrikotde.com\/sv\/wp-json\/wp\/v2\/media\/22149"}],"wp:attachment":[{"href":"https:\/\/www.billigtrikotde.com\/sv\/wp-json\/wp\/v2\/media?parent=22147"}],"wp:term":[{"taxonomy":"product_brand","embeddable":true,"href":"https:\/\/www.billigtrikotde.com\/sv\/wp-json\/wp\/v2\/product_brand?post=22147"},{"taxonomy":"product_cat","embeddable":true,"href":"https:\/\/www.billigtrikotde.com\/sv\/wp-json\/wp\/v2\/product_cat?post=22147"},{"taxonomy":"product_tag","embeddable":true,"href":"https:\/\/www.billigtrikotde.com\/sv\/wp-json\/wp\/v2\/product_tag?post=22147"}],"curies":[{"name":"wp","href":"https:\/\/api.w.org\/{rel}","templated":true}]}}