{"id":21948,"date":"2025-05-22T14:03:08","date_gmt":"2025-05-22T12:03:08","guid":{"rendered":"https:\/\/www.billigtrikotde.com\/?post_type=product&#038;p=21948"},"modified":"2025-05-22T14:03:10","modified_gmt":"2025-05-22T12:03:10","slug":"kinder-fussballtrikots-manchester-city-heim-trikotsatz-2025-26","status":"publish","type":"product","link":"https:\/\/www.billigtrikotde.com\/sv\/kinder-fussballtrikots-manchester-city-heim-trikotsatz-2025-26\/","title":{"rendered":"Barn Fotbolls-tr\u00f6jor Manchester City Hemma Tr\u00f6jset 2025-26"},"content":{"rendered":"<h3>Barnfotbollstr\u00f6jor Manchester City Hemma Tr\u00f6jset 2025-26 Anpassningsbart<\/h3>\n<p>F\u00f6r f\u00f6rsta g\u00e5ngen i klubbens historia har Manchester City FC 2025\/26 herrarnas hemmatr\u00f6ja tolkats om med ett sl\u00e5ende sk\u00e4rpdesign och den ikoniska himmelsbl\u00e5 f\u00e4rgen. Det \u00e4r en hyllning till de legendariska bortatr\u00f6jorna fr\u00e5n d\u00e5tiden och ett symbol f\u00f6r klubbens unika anda. Denna hemmatr\u00f6ja f\u00f6renar tradition med innovation och firar med en diagonalt streck klubbens historia samtidigt modigt blickar mot framtiden. Den \u00e4r utformad f\u00f6r komfort och prestanda och best\u00e5r av l\u00e4tt ULTRAWEAVE-material och dryCELL-teknologi som avleder svett och h\u00e5ller dig sval p\u00e5 och utanf\u00f6r planen.<br \/>\nTips f\u00f6r utskrift: Om namn och nummer p\u00e5 bilden \u00e4r exakt vad du vill ha, beh\u00f6ver du inte ange dem igen. Om inte, ska du ange \u00f6nskat namn och nummer.<\/p>\n<p>Tips f\u00f6r tv\u00e4tt: Det \u00e4r rekommenderat att tv\u00e4tta fotbollstr\u00f6jor f\u00f6r hand. Om du vill anv\u00e4nda tv\u00e4ttmaskinen ska du komma ih\u00e5g att v\u00e4nda fotbollstr\u00f6jorna ut och in och sedan tv\u00e4tta dem. Fyll maskinen med kallt vatten och anv\u00e4nd ett skonsamt program f\u00f6r att b\u00e4ttre skydda f\u00e4rgerna.<\/p>","protected":false},"excerpt":{"rendered":"<p>Kinder Fu\u00dfballtrikots Manchester City Heim Trikotsatz 2025-26 Personalisierbar Zum ersten Mal in der Vereinsgeschichte wurde das Manchester City FC 2025\/26 Herren-Heimtrikot mit einem markanten Sch\u00e4rpendesign und dem ikonischen Himmelblau neu interpretiert. Es ist eine Hommage an die legend\u00e4ren Ausw\u00e4rtstrikots der Vergangenheit und ein Symbol f\u00fcr den einzigartigen Geist des Vereins. Dieses Heimtrikot verbindet Tradition mit [&hellip;]<\/p>","protected":false},"featured_media":21950,"comment_status":"open","ping_status":"closed","template":"","meta":[],"product_brand":[],"product_cat":[144],"product_tag":[20,22,23,24,1311],"class_list":{"0":"post-21948","1":"product","2":"type-product","3":"status-publish","4":"has-post-thumbnail","6":"product_cat-manchester-city-kindertrikot","7":"product_tag-coole-fussballtrikots","8":"product_tag-fussballtrikot-guenstig-kaufen","9":"product_tag-fussballtrikot-kurzarm","10":"product_tag-guenstiges-fussballtrikot","11":"product_tag-manchester-city-fussballtrikots","13":"first","14":"instock","15":"shipping-taxable","16":"purchasable","17":"product-type-variable"},"_links":{"self":[{"href":"https:\/\/www.billigtrikotde.com\/sv\/wp-json\/wp\/v2\/product\/21948","targetHints":{"allow":["GET"]}}],"collection":[{"href":"https:\/\/www.billigtrikotde.com\/sv\/wp-json\/wp\/v2\/product"}],"about":[{"href":"https:\/\/www.billigtrikotde.com\/sv\/wp-json\/wp\/v2\/types\/product"}],"replies":[{"embeddable":true,"href":"https:\/\/www.billigtrikotde.com\/sv\/wp-json\/wp\/v2\/comments?post=21948"}],"wp:featuredmedia":[{"embeddable":true,"href":"https:\/\/www.billigtrikotde.com\/sv\/wp-json\/wp\/v2\/media\/21950"}],"wp:attachment":[{"href":"https:\/\/www.billigtrikotde.com\/sv\/wp-json\/wp\/v2\/media?parent=21948"}],"wp:term":[{"taxonomy":"product_brand","embeddable":true,"href":"https:\/\/www.billigtrikotde.com\/sv\/wp-json\/wp\/v2\/product_brand?post=21948"},{"taxonomy":"product_cat","embeddable":true,"href":"https:\/\/www.billigtrikotde.com\/sv\/wp-json\/wp\/v2\/product_cat?post=21948"},{"taxonomy":"product_tag","embeddable":true,"href":"https:\/\/www.billigtrikotde.com\/sv\/wp-json\/wp\/v2\/product_tag?post=21948"}],"curies":[{"name":"wp","href":"https:\/\/api.w.org\/{rel}","templated":true}]}}