{"id":21896,"date":"2025-05-17T15:06:05","date_gmt":"2025-05-17T13:06:05","guid":{"rendered":"https:\/\/www.billigtrikotde.com\/?post_type=product&#038;p=21896"},"modified":"2025-05-17T16:20:21","modified_gmt":"2025-05-17T14:20:21","slug":"fc-barcelona-x-travis-scott-heimtrikot-2024-25-online-kaufen","status":"publish","type":"product","link":"https:\/\/www.billigtrikotde.com\/sv\/fc-barcelona-x-travis-scott-heimtrikot-2024-25-online-kaufen\/","title":{"rendered":"FC Barcelona X Travis Scott Hemma-tr\u00f6ja 2024-25 kort\u00e4rmad"},"content":{"rendered":"<h3>FC Barcelona X Travis Scott Heimtrikot 2024-25 Online Kaufen<\/h3>\n<p>Mit seinem limitierten Design ist das Barcelona x Travis Scott Trikot 2024\/25 ein Must-have f\u00fcr jeden Fan. Hergestellt aus hochwertigen Materialien, verk\u00f6rpert dieses Trikot die perfekte Verbindung von Fu\u00dfball und Hip-Hop-Kultur. Zeige deine Liebe zu beidem mit diesem einzigartigen und stylischen Fan-Edition-Trikot.<\/p>\n<p>Tips f\u00f6r utskrift: Om namn och nummer p\u00e5 bilden \u00e4r exakt vad du vill ha, beh\u00f6ver du inte ange dem igen. Om inte, ska du ange \u00f6nskat namn och nummer.<\/p>\n<p>Tips f\u00f6r tv\u00e4tt: Det \u00e4r rekommenderat att tv\u00e4tta fotbollstr\u00f6jor f\u00f6r hand. Om du vill anv\u00e4nda tv\u00e4ttmaskinen ska du komma ih\u00e5g att v\u00e4nda fotbollstr\u00f6jorna ut och in och sedan tv\u00e4tta dem. Fyll maskinen med kallt vatten och anv\u00e4nd ett skonsamt program f\u00f6r att b\u00e4ttre skydda f\u00e4rgerna.<\/p>","protected":false},"excerpt":{"rendered":"<p>FC Barcelona x Travis Scott hemmatr\u00f6ja 2024-25 K\u00f6p online Med sitt begr\u00e4nsade design \u00e4r Barcelona x Travis Scott-tr\u00f6jan 2024\/25 ett m\u00e5ste f\u00f6r varje fan. Tillverkad av h\u00f6gkvalitativa material f\u00f6rkroppar denna tr\u00f6ja den perfekta kopplingen mellan fotboll och hip-hop-kultur. Visa din k\u00e4rlek till b\u00e5da med denna unika och stiliga fan-editions-tr\u00f6ja. Tips f\u00f6r tryck: Om [\u2026]<\/p>","protected":false},"featured_media":21900,"comment_status":"open","ping_status":"closed","template":"","meta":[],"product_brand":[],"product_cat":[31],"product_tag":[1496,20,1275,21,22,24],"class_list":{"0":"post-21896","1":"product","2":"type-product","3":"status-publish","4":"has-post-thumbnail","6":"product_cat-fc-barcelona","7":"product_tag-barcelona-travis-scott-trikot","8":"product_tag-coole-fussballtrikots","9":"product_tag-fc-barcelona-24-25-trikot","10":"product_tag-fussballtrikot-fuer-herren","11":"product_tag-fussballtrikot-guenstig-kaufen","12":"product_tag-guenstiges-fussballtrikot","14":"first","15":"instock","16":"shipping-taxable","17":"purchasable","18":"product-type-variable"},"_links":{"self":[{"href":"https:\/\/www.billigtrikotde.com\/sv\/wp-json\/wp\/v2\/product\/21896","targetHints":{"allow":["GET"]}}],"collection":[{"href":"https:\/\/www.billigtrikotde.com\/sv\/wp-json\/wp\/v2\/product"}],"about":[{"href":"https:\/\/www.billigtrikotde.com\/sv\/wp-json\/wp\/v2\/types\/product"}],"replies":[{"embeddable":true,"href":"https:\/\/www.billigtrikotde.com\/sv\/wp-json\/wp\/v2\/comments?post=21896"}],"wp:featuredmedia":[{"embeddable":true,"href":"https:\/\/www.billigtrikotde.com\/sv\/wp-json\/wp\/v2\/media\/21900"}],"wp:attachment":[{"href":"https:\/\/www.billigtrikotde.com\/sv\/wp-json\/wp\/v2\/media?parent=21896"}],"wp:term":[{"taxonomy":"product_brand","embeddable":true,"href":"https:\/\/www.billigtrikotde.com\/sv\/wp-json\/wp\/v2\/product_brand?post=21896"},{"taxonomy":"product_cat","embeddable":true,"href":"https:\/\/www.billigtrikotde.com\/sv\/wp-json\/wp\/v2\/product_cat?post=21896"},{"taxonomy":"product_tag","embeddable":true,"href":"https:\/\/www.billigtrikotde.com\/sv\/wp-json\/wp\/v2\/product_tag?post=21896"}],"curies":[{"name":"wp","href":"https:\/\/api.w.org\/{rel}","templated":true}]}}