{"id":21841,"date":"2025-06-04T15:15:36","date_gmt":"2025-06-04T13:15:36","guid":{"rendered":"https:\/\/www.billigtrikotde.com\/?post_type=product&#038;p=21841"},"modified":"2025-06-05T16:38:23","modified_gmt":"2025-06-05T14:38:23","slug":"aston-villa-auswaertstrikot-kinder-2024-25-fussball-trikotsatz","status":"publish","type":"product","link":"https:\/\/www.billigtrikotde.com\/sv\/aston-villa-auswaertstrikot-kinder-2024-25-fussball-trikotsatz\/","title":{"rendered":"Aston Villa Bortatr\u00f6ja Barn 2024-25 Fotbollstr\u00f6jor"},"content":{"rendered":"<h3>Aston Villa bortsoufltr\u00f6ja barn 2024-25 fotbollstr\u00f6jor Set<\/h3>\n<p>Aston Villa 2024-25 bortsoufltr\u00f6ja har ett rent utseende med en dominerande vit f\u00e4rg med tre lavendelf\u00e4rgade r\u00e4nder och logotyper som verkar vara vinr\u00f6da (eller m\u00f6jligen svarta). Jubileumsm\u00e4rket \u201eAV 150\u201c \u00e4r tryckt p\u00e5 baksidan i stilfull kalligrafi. Tips f\u00f6r trycket: N\u00e4r namnet och numret [\u2026]<\/p>\n<p>Tips f\u00f6r utskrift: Om namn och nummer p\u00e5 bilden \u00e4r exakt vad du vill ha, beh\u00f6ver du inte ange dem igen. Om inte, ska du ange \u00f6nskat namn och nummer.<\/p>\n<p>Tips f\u00f6r tv\u00e4tt: Det \u00e4r rekommenderat att tv\u00e4tta fotbollstr\u00f6jor f\u00f6r hand. Om du vill anv\u00e4nda tv\u00e4ttmaskinen ska du komma ih\u00e5g att v\u00e4nda fotbollstr\u00f6jorna ut och in och sedan tv\u00e4tta dem. Fyll maskinen med kallt vatten och anv\u00e4nd ett skonsamt program f\u00f6r att b\u00e4ttre skydda f\u00e4rgerna.<\/p>","protected":false},"excerpt":{"rendered":"<p>Aston Villa Ausw\u00e4rtstrikot Kinder 2024-25 Fu\u00dfballtrikots Set Das Aston Villa 2024-25 Ausw\u00e4rtstrikot hat einen cleanen Look mit einer \u00fcberwiegend wei\u00dfen Farbe mit drei lavendelfarbenen Streifen und Logos, die weinrot (oder m\u00f6glicherweise schwarz) zu sein scheinen.Die Jubil\u00e4umsmarke &#8222;AV 150&#8220; ist in stilvoller Kalligrafie auf der R\u00fcckseite aufgedruckt. Tipps zum Drucken: Wenn der Name und die Nummer [&hellip;]<\/p>","protected":false},"featured_media":21843,"comment_status":"open","ping_status":"closed","template":"","meta":[],"product_brand":[],"product_cat":[893],"product_tag":[894,895,20,574,22,1491,24,94],"class_list":{"0":"post-21841","1":"product","2":"type-product","3":"status-publish","4":"has-post-thumbnail","6":"product_cat-aston-villa-kindertrikot","7":"product_tag-aston-villa-fussballtrikots-kinder-mit-eigenem-namen","8":"product_tag-aston-villa-trikot-fuer-kinder","9":"product_tag-coole-fussballtrikots","10":"product_tag-fussballtrikot-deutschland","11":"product_tag-fussballtrikot-guenstig-kaufen","12":"product_tag-guenstige-aston-villa-trikot-kinder","13":"product_tag-guenstiges-fussballtrikot","14":"product_tag-kinder-fussball-trikotsatz","16":"first","17":"instock","18":"shipping-taxable","19":"purchasable","20":"product-type-variable"},"_links":{"self":[{"href":"https:\/\/www.billigtrikotde.com\/sv\/wp-json\/wp\/v2\/product\/21841","targetHints":{"allow":["GET"]}}],"collection":[{"href":"https:\/\/www.billigtrikotde.com\/sv\/wp-json\/wp\/v2\/product"}],"about":[{"href":"https:\/\/www.billigtrikotde.com\/sv\/wp-json\/wp\/v2\/types\/product"}],"replies":[{"embeddable":true,"href":"https:\/\/www.billigtrikotde.com\/sv\/wp-json\/wp\/v2\/comments?post=21841"}],"wp:featuredmedia":[{"embeddable":true,"href":"https:\/\/www.billigtrikotde.com\/sv\/wp-json\/wp\/v2\/media\/21843"}],"wp:attachment":[{"href":"https:\/\/www.billigtrikotde.com\/sv\/wp-json\/wp\/v2\/media?parent=21841"}],"wp:term":[{"taxonomy":"product_brand","embeddable":true,"href":"https:\/\/www.billigtrikotde.com\/sv\/wp-json\/wp\/v2\/product_brand?post=21841"},{"taxonomy":"product_cat","embeddable":true,"href":"https:\/\/www.billigtrikotde.com\/sv\/wp-json\/wp\/v2\/product_cat?post=21841"},{"taxonomy":"product_tag","embeddable":true,"href":"https:\/\/www.billigtrikotde.com\/sv\/wp-json\/wp\/v2\/product_tag?post=21841"}],"curies":[{"name":"wp","href":"https:\/\/api.w.org\/{rel}","templated":true}]}}