{"id":21682,"date":"2025-05-06T14:46:48","date_gmt":"2025-05-06T12:46:48","guid":{"rendered":"https:\/\/www.billigtrikotde.com\/?post_type=product&#038;p=21682"},"modified":"2025-05-07T11:43:47","modified_gmt":"2025-05-07T09:43:47","slug":"kaufen-online-juventus-torwart-3rd-trikot-kinder-2024-25-fussballtrikots-set","status":"publish","type":"product","link":"https:\/\/www.billigtrikotde.com\/sv\/kaufen-online-juventus-torwart-3rd-trikot-kinder-2024-25-fussballtrikots-set\/","title":{"rendered":"Ny Juventus M\u00e5lvakt 3:e tr\u00f6ja Barn 2024-25 Kort\u00e4rmad (+ korta byxor)"},"content":{"rendered":"<h3>Kaufen Online Juventus m\u00e5lvakt 3:e tr\u00f6ja Barn 2024-25 Fotbollstr\u00f6jor Set<\/h3>\n<p>Tips f\u00f6r trycket: Om namnet och numret som finns p\u00e5 bilden exakt matchar vad du \u00f6nskar beh\u00f6ver du inte skriva in dem igen. Om det inte \u00e4r fallet m\u00e5ste du skriva in det namn och nummer du vill ha.<\/p>\n<p>Tips f\u00f6r tv\u00e4tten: Det rekommenderas att tv\u00e4tta fotbollstr\u00f6jorna f\u00f6r hand. Om du vill anv\u00e4nda tv\u00e4ttmaskinen, t\u00e4nk p\u00e5 att v\u00e4nda fotbollstr\u00f6jorna ut och in innan du tv\u00e4ttar dem. Fyll maskinen med kallt vatten och anv\u00e4nd en skonsam tv\u00e4ttcykel f\u00f6r att b\u00e4ttre skydda f\u00e4rgerna.<\/p>","protected":false},"excerpt":{"rendered":"<p>K\u00f6p Online Juventus m\u00e5lvakt 3:e tr\u00f6ja barn 2024-25 Fotbollstr\u00f6jor Set Tips f\u00f6r utskrift: Om namnet och numret som finns p\u00e5 bilden exakt motsvarar vad du \u00f6nskar, beh\u00f6ver du inte mata in dem igen. Om inte, m\u00e5ste du mata in det namn och det nummer du vill.<\/p>","protected":false},"featured_media":21684,"comment_status":"open","ping_status":"closed","template":"","meta":[],"product_brand":[],"product_cat":[148],"product_tag":[20,574,24,855,856,61,149,94],"class_list":{"0":"post-21682","1":"product","2":"type-product","3":"status-publish","4":"has-post-thumbnail","6":"product_cat-juventus-kindertrikot","7":"product_tag-coole-fussballtrikots","8":"product_tag-fussballtrikot-deutschland","9":"product_tag-guenstiges-fussballtrikot","10":"product_tag-juventus-fussballtrikots-kinder","11":"product_tag-juventus-trikot-fuer-kinder","12":"product_tag-juventus-trikots","13":"product_tag-juventus-trikotsatz-fuer-kinder","14":"product_tag-kinder-fussball-trikotsatz","16":"first","17":"instock","18":"shipping-taxable","19":"purchasable","20":"product-type-variable"},"_links":{"self":[{"href":"https:\/\/www.billigtrikotde.com\/sv\/wp-json\/wp\/v2\/product\/21682","targetHints":{"allow":["GET"]}}],"collection":[{"href":"https:\/\/www.billigtrikotde.com\/sv\/wp-json\/wp\/v2\/product"}],"about":[{"href":"https:\/\/www.billigtrikotde.com\/sv\/wp-json\/wp\/v2\/types\/product"}],"replies":[{"embeddable":true,"href":"https:\/\/www.billigtrikotde.com\/sv\/wp-json\/wp\/v2\/comments?post=21682"}],"wp:featuredmedia":[{"embeddable":true,"href":"https:\/\/www.billigtrikotde.com\/sv\/wp-json\/wp\/v2\/media\/21684"}],"wp:attachment":[{"href":"https:\/\/www.billigtrikotde.com\/sv\/wp-json\/wp\/v2\/media?parent=21682"}],"wp:term":[{"taxonomy":"product_brand","embeddable":true,"href":"https:\/\/www.billigtrikotde.com\/sv\/wp-json\/wp\/v2\/product_brand?post=21682"},{"taxonomy":"product_cat","embeddable":true,"href":"https:\/\/www.billigtrikotde.com\/sv\/wp-json\/wp\/v2\/product_cat?post=21682"},{"taxonomy":"product_tag","embeddable":true,"href":"https:\/\/www.billigtrikotde.com\/sv\/wp-json\/wp\/v2\/product_tag?post=21682"}],"curies":[{"name":"wp","href":"https:\/\/api.w.org\/{rel}","templated":true}]}}