{"id":21624,"date":"2025-05-05T15:43:09","date_gmt":"2025-05-05T13:43:09","guid":{"rendered":"https:\/\/www.billigtrikotde.com\/?post_type=product&#038;p=21624"},"modified":"2025-05-06T15:23:22","modified_gmt":"2025-05-06T13:23:22","slug":"herren-trikot-denver-nuggets-marineblau-swingman-kaufen-online","status":"publish","type":"product","link":"https:\/\/www.billigtrikotde.com\/sv\/herren-trikot-denver-nuggets-marineblau-swingman-kaufen-online\/","title":{"rendered":"Herrtr\u00f6ja Denver Nuggets Marinbl\u00e5 Swingman Anpassningsbar"},"content":{"rendered":"<h3>Herrtr\u00f6ja Denver Nuggets Marinbl\u00e5 Swingman k\u00f6pas online<\/h3>\n<p>F\u00f6r NBA-fans \u00e4r den bl\u00e5 herr-tanktoppen Denver Nuggets Swingman Icon Edition 22\/23 det r\u00e4tta valet. Den \u00e4r tillverkad av material av h\u00f6g kvalitet och erbjuder komfort och r\u00f6relsefrihet.<\/p>\n<p>Den bl\u00e5 herr-tanktoppen av Denver Nuggets Swingman Icon Edition 22\/23 har Dri-Fit-teknologi som absorberar svett fr\u00e5n kroppen och h\u00e5ller dig torr \u00e4ven p\u00e5 de hetaste dagarna.<\/p>\n<p>Med en personlig tryck g\u00f6r den bl\u00e5 herr-tanktoppen av Denver Nuggets Swingman Icon Edition 22\/23 fansen ett otroligt utseende. Missa inte denna m\u00f6jlighet och k\u00f6p den redan idag!<\/p>","protected":false},"excerpt":{"rendered":"<p>Herren Trikot Denver Nuggets Marineblau Swingman kaufen online F\u00fcr NBA-Fans ist das blaue Herren-Tanktop Denver Nuggets Swingman Icon Edition 22\/23 die richtige Wahl. Es ist aus hochwertigen Materialien gefertigt und bietet Komfort und Bewegungsfreiheit. Das blaue Herren-Tanktop der Denver Nuggets Swingman Icon Edition 22\/23 verf\u00fcgt \u00fcber die Dri-Fit-Technologie, die Schwei\u00df vom K\u00f6rper absorbiert und Sie [&hellip;]<\/p>","protected":false},"featured_media":21626,"comment_status":"open","ping_status":"closed","template":"","meta":[],"product_brand":[],"product_cat":[1485],"product_tag":[1486],"class_list":{"0":"post-21624","1":"product","2":"type-product","3":"status-publish","4":"has-post-thumbnail","6":"product_cat-denver-nuggets-trikots","7":"product_tag-trikot-denver-nuggets","9":"first","10":"instock","11":"shipping-taxable","12":"purchasable","13":"product-type-variable"},"_links":{"self":[{"href":"https:\/\/www.billigtrikotde.com\/sv\/wp-json\/wp\/v2\/product\/21624","targetHints":{"allow":["GET"]}}],"collection":[{"href":"https:\/\/www.billigtrikotde.com\/sv\/wp-json\/wp\/v2\/product"}],"about":[{"href":"https:\/\/www.billigtrikotde.com\/sv\/wp-json\/wp\/v2\/types\/product"}],"replies":[{"embeddable":true,"href":"https:\/\/www.billigtrikotde.com\/sv\/wp-json\/wp\/v2\/comments?post=21624"}],"wp:featuredmedia":[{"embeddable":true,"href":"https:\/\/www.billigtrikotde.com\/sv\/wp-json\/wp\/v2\/media\/21626"}],"wp:attachment":[{"href":"https:\/\/www.billigtrikotde.com\/sv\/wp-json\/wp\/v2\/media?parent=21624"}],"wp:term":[{"taxonomy":"product_brand","embeddable":true,"href":"https:\/\/www.billigtrikotde.com\/sv\/wp-json\/wp\/v2\/product_brand?post=21624"},{"taxonomy":"product_cat","embeddable":true,"href":"https:\/\/www.billigtrikotde.com\/sv\/wp-json\/wp\/v2\/product_cat?post=21624"},{"taxonomy":"product_tag","embeddable":true,"href":"https:\/\/www.billigtrikotde.com\/sv\/wp-json\/wp\/v2\/product_tag?post=21624"}],"curies":[{"name":"wp","href":"https:\/\/api.w.org\/{rel}","templated":true}]}}