{"id":21574,"date":"2025-04-29T14:39:03","date_gmt":"2025-04-29T12:39:03","guid":{"rendered":"https:\/\/www.billigtrikotde.com\/?post_type=product&#038;p=21574"},"modified":"2025-05-22T13:53:15","modified_gmt":"2025-05-22T11:53:15","slug":"barcelona-torwart-fussballtrikots-kinder-set-2024-25-grau","status":"publish","type":"product","link":"https:\/\/www.billigtrikotde.com\/sv\/barcelona-torwart-fussballtrikots-kinder-set-2024-25-grau\/","title":{"rendered":"Barcelona m\u00e5lvakt fotbolls-tr\u00f6jor Barns set 2024-25 gr\u00e5"},"content":{"rendered":"<h3>Barcelona m\u00e5lvakt fotbollstr\u00f6jor barn set gr\u00e5<\/h3>\n<p>Tips f\u00f6r utskrift: Om namn och nummer p\u00e5 bilden \u00e4r exakt vad du vill ha, beh\u00f6ver du inte ange dem igen. Om inte, ska du ange \u00f6nskat namn och nummer.<\/p>\n<p>Tips f\u00f6r tv\u00e4tt: Det \u00e4r rekommenderat att tv\u00e4tta fotbollstr\u00f6jor f\u00f6r hand. Om du vill anv\u00e4nda tv\u00e4ttmaskinen ska du komma ih\u00e5g att v\u00e4nda fotbollstr\u00f6jorna ut och in och sedan tv\u00e4tta dem. Fyll maskinen med kallt vatten och anv\u00e4nd ett skonsamt program f\u00f6r att b\u00e4ttre skydda f\u00e4rgerna.<\/p>","protected":false},"excerpt":{"rendered":"<p>Barcelona m\u00e5lvakt barnset orange fotbollstr\u00f6jor tips f\u00f6r utskrift: Om namn och nummer p\u00e5 bilden exakt \u00f6verensst\u00e4mmer med dina \u00f6nskem\u00e5l beh\u00f6ver du inte ange dem igen. Om inte b\u00f6r du ange ditt \u00f6nskade namn och ditt nummer. Tv\u00e4ttips: Det rekommenderas att fotbollstr\u00f6jor tv\u00e4ttas f\u00f6r hand. Om du anv\u00e4nder tv\u00e4ttmaskinen [\u2026]<\/p>","protected":false},"featured_media":21576,"comment_status":"open","ping_status":"closed","template":"","meta":[],"product_brand":[],"product_cat":[146],"product_tag":[707,708,20,215,94],"class_list":{"0":"post-21574","1":"product","2":"type-product","3":"status-publish","4":"has-post-thumbnail","6":"product_cat-barcelona-kindertrikot","7":"product_tag-barcelona-fussballtrikots-kinder","8":"product_tag-barcelona-trikot-fuer-kinder","9":"product_tag-coole-fussballtrikots","10":"product_tag-fussball-trikot-kurzarm","11":"product_tag-kinder-fussball-trikotsatz","13":"first","14":"instock","15":"shipping-taxable","16":"purchasable","17":"product-type-variable"},"_links":{"self":[{"href":"https:\/\/www.billigtrikotde.com\/sv\/wp-json\/wp\/v2\/product\/21574","targetHints":{"allow":["GET"]}}],"collection":[{"href":"https:\/\/www.billigtrikotde.com\/sv\/wp-json\/wp\/v2\/product"}],"about":[{"href":"https:\/\/www.billigtrikotde.com\/sv\/wp-json\/wp\/v2\/types\/product"}],"replies":[{"embeddable":true,"href":"https:\/\/www.billigtrikotde.com\/sv\/wp-json\/wp\/v2\/comments?post=21574"}],"wp:featuredmedia":[{"embeddable":true,"href":"https:\/\/www.billigtrikotde.com\/sv\/wp-json\/wp\/v2\/media\/21576"}],"wp:attachment":[{"href":"https:\/\/www.billigtrikotde.com\/sv\/wp-json\/wp\/v2\/media?parent=21574"}],"wp:term":[{"taxonomy":"product_brand","embeddable":true,"href":"https:\/\/www.billigtrikotde.com\/sv\/wp-json\/wp\/v2\/product_brand?post=21574"},{"taxonomy":"product_cat","embeddable":true,"href":"https:\/\/www.billigtrikotde.com\/sv\/wp-json\/wp\/v2\/product_cat?post=21574"},{"taxonomy":"product_tag","embeddable":true,"href":"https:\/\/www.billigtrikotde.com\/sv\/wp-json\/wp\/v2\/product_tag?post=21574"}],"curies":[{"name":"wp","href":"https:\/\/api.w.org\/{rel}","templated":true}]}}