{"id":21518,"date":"2025-04-26T11:43:08","date_gmt":"2025-04-26T09:43:08","guid":{"rendered":"https:\/\/www.billigtrikotde.com\/?post_type=product&#038;p=21518"},"modified":"2025-05-22T13:53:00","modified_gmt":"2025-05-22T11:53:00","slug":"atletico-madrid-torwart-heimtrikotsatz-kinder-2024-25-schwarz-fussballtrikots","status":"publish","type":"product","link":"https:\/\/www.billigtrikotde.com\/sv\/atletico-madrid-torwart-heimtrikotsatz-kinder-2024-25-schwarz-fussballtrikots\/","title":{"rendered":"Atletico Madrid M\u00e5lvakt Home Kit Barn 2024-25 svart Fotbollstr\u00f6jor"},"content":{"rendered":"<h3>Atl\u00e9tico Madrid m\u00e5lvakt hemmatriksl\u00e5ttbarn svart fotbollstr\u00f6jor Personligt anpassningsbara<\/h3>\n<p>Tips f\u00f6r utskrift: Om namn och nummer p\u00e5 bilden \u00e4r exakt vad du vill ha, beh\u00f6ver du inte ange dem igen. Om inte, ska du ange \u00f6nskat namn och nummer.<\/p>\n<p>Tips f\u00f6r tv\u00e4tt: Det \u00e4r rekommenderat att tv\u00e4tta fotbollstr\u00f6jor f\u00f6r hand. Om du vill anv\u00e4nda tv\u00e4ttmaskinen ska du komma ih\u00e5g att v\u00e4nda fotbollstr\u00f6jorna ut och in och sedan tv\u00e4tta dem. Fyll maskinen med kallt vatten och anv\u00e4nd ett skonsamt program f\u00f6r att b\u00e4ttre skydda f\u00e4rgerna.<\/p>","protected":false},"excerpt":{"rendered":"<p>Atletico Madrid m\u00e5lvakt hemmatr\u00f6jetrken barn svart fotbollstr\u00f6jor Personbar Tips f\u00f6r utskrift: Om namnet och numret p\u00e5 bilden exakt motsvarar dina \u00f6nskem\u00e5l beh\u00f6ver du inte skriva in dem igen. Om inte b\u00f6r du ange det namn och nummer du vill ha. Tv\u00e4ttr\u00e5d: Det rekommenderas att fotbollstr\u00f6jor tv\u00e4ttas f\u00f6r hand. Om du vill ...<\/p>","protected":false},"featured_media":21520,"comment_status":"open","ping_status":"closed","template":"","meta":[],"product_brand":[],"product_cat":[157],"product_tag":[868,869,20,215,94],"class_list":{"0":"post-21518","1":"product","2":"type-product","3":"status-publish","4":"has-post-thumbnail","6":"product_cat-atletico-madrid-kindertrikot","7":"product_tag-atletico-madrid-fussballtrikots-kinder","8":"product_tag-atletico-madrid-trikot-fuer-kinder","9":"product_tag-coole-fussballtrikots","10":"product_tag-fussball-trikot-kurzarm","11":"product_tag-kinder-fussball-trikotsatz","13":"first","14":"instock","15":"shipping-taxable","16":"purchasable","17":"product-type-variable"},"_links":{"self":[{"href":"https:\/\/www.billigtrikotde.com\/sv\/wp-json\/wp\/v2\/product\/21518","targetHints":{"allow":["GET"]}}],"collection":[{"href":"https:\/\/www.billigtrikotde.com\/sv\/wp-json\/wp\/v2\/product"}],"about":[{"href":"https:\/\/www.billigtrikotde.com\/sv\/wp-json\/wp\/v2\/types\/product"}],"replies":[{"embeddable":true,"href":"https:\/\/www.billigtrikotde.com\/sv\/wp-json\/wp\/v2\/comments?post=21518"}],"wp:featuredmedia":[{"embeddable":true,"href":"https:\/\/www.billigtrikotde.com\/sv\/wp-json\/wp\/v2\/media\/21520"}],"wp:attachment":[{"href":"https:\/\/www.billigtrikotde.com\/sv\/wp-json\/wp\/v2\/media?parent=21518"}],"wp:term":[{"taxonomy":"product_brand","embeddable":true,"href":"https:\/\/www.billigtrikotde.com\/sv\/wp-json\/wp\/v2\/product_brand?post=21518"},{"taxonomy":"product_cat","embeddable":true,"href":"https:\/\/www.billigtrikotde.com\/sv\/wp-json\/wp\/v2\/product_cat?post=21518"},{"taxonomy":"product_tag","embeddable":true,"href":"https:\/\/www.billigtrikotde.com\/sv\/wp-json\/wp\/v2\/product_tag?post=21518"}],"curies":[{"name":"wp","href":"https:\/\/api.w.org\/{rel}","templated":true}]}}