{"id":2149,"date":"2024-10-23T14:02:04","date_gmt":"2024-10-23T12:02:04","guid":{"rendered":"http:\/\/billigtrikots.com\/?post_type=product&#038;p=2149"},"modified":"2024-10-23T14:04:00","modified_gmt":"2024-10-23T12:04:00","slug":"inter-mailand-stefan-de-vrij-6-fussballtrikots-offizielles-set-2022-heim-trikot","status":"publish","type":"product","link":"https:\/\/www.billigtrikotde.com\/sv\/inter-mailand-stefan-de-vrij-6-fussballtrikots-offizielles-set-2022-heim-trikot\/","title":{"rendered":"Inter Milan Stefan de Vrij #6 Fotbollstr\u00f6jor Officiell upps\u00e4ttning 2022 Hemmatr\u00f6ja"},"content":{"rendered":"<p>St\u00f6dja ditt lag som 12:e man med den superbekv\u00e4ma modellen i bl\u00e5tt. Nike har skapat en verkligen utm\u00e4rkt produkt med den h\u00e4r tr\u00f6jan. Mer fanatism \u00e4r knappt m\u00f6jligt! Med denna hemmatr\u00f6ja f\u00f6r Inter Milan ut\u00f6kar du din fan-samling med en artikel som spelarna i Serie A b\u00e4r. Vi rekommenderar denna bekv\u00e4ma, svettavledande och andningsbara modell med ett behagligt b\u00e4rande. Den utm\u00e4rker sig visuellt med en klubbvapen p\u00e5 br\u00f6stet. S\u00e5 blir du \u00e4nnu mer prestationsfokuserad och kan ge allt i varje tr\u00e4ningstillf\u00e4lle.<\/p>","protected":false},"excerpt":{"rendered":"<p>Unterst\u00fctze dein Team als 12. Mann mit dem super bequemen Modell in Blau. Nike hat mit dem Trikot ein wirklich hervorragendes Produkt erschaffen. Mehr Fantum geht kaum! Mit diesem Inter Mailand-Heim-Trikot erweiterst du deine Fan-Sammlung um einen Artikel, wie ihn die Spieler in der Serie A tragen. Wir empfehlen dieses bequeme, schwei\u00dfableitende und atmungsaktive Modell [&hellip;]<\/p>","protected":false},"featured_media":2187,"comment_status":"open","ping_status":"closed","template":"","meta":[],"product_brand":[],"product_cat":[77],"product_tag":[20,21,22,23,54,24,78],"class_list":{"0":"post-2149","1":"product","2":"type-product","3":"status-publish","4":"has-post-thumbnail","6":"product_cat-inter-milan","7":"product_tag-coole-fussballtrikots","8":"product_tag-fussballtrikot-fuer-herren","9":"product_tag-fussballtrikot-guenstig-kaufen","10":"product_tag-fussballtrikot-kurzarm","11":"product_tag-fussballtrikot-set","12":"product_tag-guenstiges-fussballtrikot","13":"product_tag-inter-milan-trikots","15":"first","16":"instock","17":"shipping-taxable","18":"purchasable","19":"product-type-variable"},"_links":{"self":[{"href":"https:\/\/www.billigtrikotde.com\/sv\/wp-json\/wp\/v2\/product\/2149","targetHints":{"allow":["GET"]}}],"collection":[{"href":"https:\/\/www.billigtrikotde.com\/sv\/wp-json\/wp\/v2\/product"}],"about":[{"href":"https:\/\/www.billigtrikotde.com\/sv\/wp-json\/wp\/v2\/types\/product"}],"replies":[{"embeddable":true,"href":"https:\/\/www.billigtrikotde.com\/sv\/wp-json\/wp\/v2\/comments?post=2149"}],"wp:featuredmedia":[{"embeddable":true,"href":"https:\/\/www.billigtrikotde.com\/sv\/wp-json\/wp\/v2\/media\/2187"}],"wp:attachment":[{"href":"https:\/\/www.billigtrikotde.com\/sv\/wp-json\/wp\/v2\/media?parent=2149"}],"wp:term":[{"taxonomy":"product_brand","embeddable":true,"href":"https:\/\/www.billigtrikotde.com\/sv\/wp-json\/wp\/v2\/product_brand?post=2149"},{"taxonomy":"product_cat","embeddable":true,"href":"https:\/\/www.billigtrikotde.com\/sv\/wp-json\/wp\/v2\/product_cat?post=2149"},{"taxonomy":"product_tag","embeddable":true,"href":"https:\/\/www.billigtrikotde.com\/sv\/wp-json\/wp\/v2\/product_tag?post=2149"}],"curies":[{"name":"wp","href":"https:\/\/api.w.org\/{rel}","templated":true}]}}