{"id":21460,"date":"2025-04-16T05:16:03","date_gmt":"2025-04-16T03:16:03","guid":{"rendered":"https:\/\/www.billigtrikotde.com\/?post_type=product&#038;p=21460"},"modified":"2025-04-16T09:49:53","modified_gmt":"2025-04-16T07:49:53","slug":"guenstige-fussballtrikots-real-madrid-heim-trikotsatz-2025-26-cristiano-ronaldo","status":"publish","type":"product","link":"https:\/\/www.billigtrikotde.com\/sv\/guenstige-fussballtrikots-real-madrid-heim-trikotsatz-2025-26-cristiano-ronaldo\/","title":{"rendered":"Billiga fotbollstr\u00f6jor Real Madrid Home Kit 2025-26 Cristiano Ronaldo 7"},"content":{"rendered":"<h3>Beskrivning av det prisv\u00e4rda fotbollstr\u00f6jan Real Madrid hemmatr\u00f6ja set 2025-26 Cristiano Ronaldo:<\/h3>\n<ul>\n<li>V\u00e5rt paket inneh\u00e5ller precis det som s\u00e5g ut att vara vid tidpunkten f\u00f6r din best\u00e4llning p\u00e5 produktbilderna.<\/li>\n<li>Detta \u00e4r Real Madrid hemtr\u00f6jan f\u00f6r barn f\u00f6r s\u00e4songen 2025\/26 i den ikoniska vita klubbdesignen.<\/li>\n<li>Tr\u00f6jan har svarta r\u00e4nder p\u00e5 axlarna och gula passpoaler som ger ett modernt inslag till den klassiska looken.<\/li>\n<li>AEROREADY-teknologin s\u00e4kerst\u00e4ller fukttransport och andningsf\u00f6rm\u00e5ga f\u00f6r unga fans.<\/li>\n<li>Perfekt f\u00f6r unga fans som vill st\u00f6dja sitt lag p\u00e5 ett milj\u00f6v\u00e4nligt och stilfullt s\u00e4tt och samtidigt h\u00e5lla sig sval och bekv\u00e4m under matchen.<\/li>\n<\/ul>\n<p>Tips f\u00f6r utskrift: Om namn och nummer p\u00e5 bilden \u00e4r exakt vad du vill ha, beh\u00f6ver du inte ange dem igen. Om inte, ska du ange \u00f6nskat namn och nummer.<\/p>\n<p>Tips f\u00f6r tv\u00e4tt: Det \u00e4r rekommenderat att tv\u00e4tta fotbollstr\u00f6jor f\u00f6r hand. Om du vill anv\u00e4nda tv\u00e4ttmaskinen ska du komma ih\u00e5g att v\u00e4nda fotbollstr\u00f6jorna ut och in och sedan tv\u00e4tta dem. Fyll maskinen med kallt vatten och anv\u00e4nd ett skonsamt program f\u00f6r att b\u00e4ttre skydda f\u00e4rgerna.<\/p>","protected":false},"excerpt":{"rendered":"<p>Beskrivning av barnens Real Madrid hemma tr\u00f6ja-set 2025-26 Cristiano Ronaldo 7: V\u00e5rt paket inneh\u00e5ller precis vad som syns p\u00e5 produktbilderna vid best\u00e4llningen. Detta \u00e4r Real Madrid hemmatr\u00f6jan f\u00f6r barn s\u00e4songen 2025\/26 i den ikoniska vita klubbdesignen. Tr\u00f6jan har svarta r\u00e4nder p\u00e5 axlarna och gula passpoaler som matchar den klassiska [\u2026]<\/p>","protected":false},"featured_media":21463,"comment_status":"open","ping_status":"closed","template":"","meta":[],"product_brand":[],"product_cat":[45],"product_tag":[1307,574,21,228,24,489,490],"class_list":{"0":"post-21460","1":"product","2":"type-product","3":"status-publish","4":"has-post-thumbnail","6":"product_cat-real-madrid","7":"product_tag-cristiano-ronaldo-trikots","8":"product_tag-fussballtrikot-deutschland","9":"product_tag-fussballtrikot-fuer-herren","10":"product_tag-guenstige-fussballtrikot","11":"product_tag-guenstiges-fussballtrikot","12":"product_tag-real-madrid-fussballtrikot","13":"product_tag-real-madrid-trikot","15":"first","16":"instock","17":"shipping-taxable","18":"purchasable","19":"product-type-variable"},"_links":{"self":[{"href":"https:\/\/www.billigtrikotde.com\/sv\/wp-json\/wp\/v2\/product\/21460","targetHints":{"allow":["GET"]}}],"collection":[{"href":"https:\/\/www.billigtrikotde.com\/sv\/wp-json\/wp\/v2\/product"}],"about":[{"href":"https:\/\/www.billigtrikotde.com\/sv\/wp-json\/wp\/v2\/types\/product"}],"replies":[{"embeddable":true,"href":"https:\/\/www.billigtrikotde.com\/sv\/wp-json\/wp\/v2\/comments?post=21460"}],"wp:featuredmedia":[{"embeddable":true,"href":"https:\/\/www.billigtrikotde.com\/sv\/wp-json\/wp\/v2\/media\/21463"}],"wp:attachment":[{"href":"https:\/\/www.billigtrikotde.com\/sv\/wp-json\/wp\/v2\/media?parent=21460"}],"wp:term":[{"taxonomy":"product_brand","embeddable":true,"href":"https:\/\/www.billigtrikotde.com\/sv\/wp-json\/wp\/v2\/product_brand?post=21460"},{"taxonomy":"product_cat","embeddable":true,"href":"https:\/\/www.billigtrikotde.com\/sv\/wp-json\/wp\/v2\/product_cat?post=21460"},{"taxonomy":"product_tag","embeddable":true,"href":"https:\/\/www.billigtrikotde.com\/sv\/wp-json\/wp\/v2\/product_tag?post=21460"}],"curies":[{"name":"wp","href":"https:\/\/api.w.org\/{rel}","templated":true}]}}