{"id":21412,"date":"2025-03-25T16:25:54","date_gmt":"2025-03-25T15:25:54","guid":{"rendered":"https:\/\/www.billigtrikotde.com\/?post_type=product&#038;p=21412"},"modified":"2025-04-10T10:42:35","modified_gmt":"2025-04-10T08:42:35","slug":"billige-trikots-kinder-inter-miami-heimtrikot-2024-25-lionel-messi-10","status":"publish","type":"product","link":"https:\/\/www.billigtrikotde.com\/sv\/billige-trikots-kinder-inter-miami-heimtrikot-2024-25-lionel-messi-10\/","title":{"rendered":"Billiga Tr\u00f6jor Barn Inter Miami Hemmatr\u00f6ja 2024-25 Lionel Messi 10"},"content":{"rendered":"<p>Enkelt men \u00e4nd\u00e5 fullt av stolthet f\u00f6r Lionel Messi i Inter Miami FC: klubbens hemmatr\u00f6ja \u00e4r enf\u00e4rgat rosa. Den rena rosa f\u00e4rgen \u00e4r m\u00f6rkare \u00e4n f\u00f6rra s\u00e4songens tr\u00f6ja, med svarta detaljer p\u00e5 krage, f\u00e5ll, sidor och logotyp. Inter Miamis vapensk\u00f6ld \u00e4r broderad i mitten av tr\u00f6jan och p\u00e5tryckt med sponsorn Royal Caribbean. P\u00e5 tr\u00f6jans baksida finns det officiella namnet \"Messi\" och hans lagnummer \"10\".<\/p>\n<p>Den h\u00e4r fotbollstr\u00f6jan \u00e4r perfekt f\u00f6r matcher, visar lojalitet mot Messi och Inter Miami och kombinerar komfort och prestanda. Den har en ribbad rund halsringning, korta \u00e4rmar och en smal passform. Den integrerade Aeroready-prestandatekniken h\u00e5ller dig sval, torr och bekv\u00e4m oavsett om du spelar eller tittar p\u00e5 fotboll.<\/p>\n<p>Tips f\u00f6r utskrift: Om namn och nummer p\u00e5 bilden \u00e4r exakt vad du vill ha, beh\u00f6ver du inte ange dem igen. Om inte, ska du ange \u00f6nskat namn och nummer.<\/p>\n<p>Tips f\u00f6r tv\u00e4tt: Det \u00e4r rekommenderat att tv\u00e4tta fotbollstr\u00f6jor f\u00f6r hand. Om du vill anv\u00e4nda tv\u00e4ttmaskinen ska du komma ih\u00e5g att v\u00e4nda fotbollstr\u00f6jorna ut och in och sedan tv\u00e4tta dem. Fyll maskinen med kallt vatten och anv\u00e4nd ett skonsamt program f\u00f6r att b\u00e4ttre skydda f\u00e4rgerna.<\/p>","protected":false},"excerpt":{"rendered":"<p>Schlicht und doch voller Stolz f\u00fcr Lionel Messi von Inter Miami FC: Das Heimtrikot des Vereins ist schlicht rosa. Die reine Rosafarbe ist dunkler als das Trikot der letzten Saison, mit schwarzen Details an Kragen, Saum, Seiten und Logo. Das Wappen von Inter Miami ist in die Mitte des Trikots gestickt und mit dem Sponsor [&hellip;]<\/p>","protected":false},"featured_media":21414,"comment_status":"open","ping_status":"closed","template":"","meta":[],"product_brand":[],"product_cat":[569],"product_tag":[1462,20,22,1461,24,639,1466,1464,571,1463,1465,1299],"class_list":{"0":"post-21412","1":"product","2":"type-product","3":"status-publish","4":"has-post-thumbnail","6":"product_cat-inter-miami-kindertrikot","7":"product_tag-billige-deutschland-trikots","8":"product_tag-coole-fussballtrikots","9":"product_tag-fussballtrikot-guenstig-kaufen","10":"product_tag-guenstige-inter-miami-trikot-kinder","11":"product_tag-guenstiges-fussballtrikot","12":"product_tag-inter-miami-fussballtrikots-kinder-mit-eigenem-namen","13":"product_tag-inter-miami-heimtrikot","14":"product_tag-inter-miami-trikot-2024-25","15":"product_tag-inter-miami-trikot-fuer-kinder","16":"product_tag-inter-miami-trikot-kinder","17":"product_tag-inter-miami-trikots","18":"product_tag-lionel-messi-trikots","20":"first","21":"instock","22":"shipping-taxable","23":"purchasable","24":"product-type-variable"},"_links":{"self":[{"href":"https:\/\/www.billigtrikotde.com\/sv\/wp-json\/wp\/v2\/product\/21412","targetHints":{"allow":["GET"]}}],"collection":[{"href":"https:\/\/www.billigtrikotde.com\/sv\/wp-json\/wp\/v2\/product"}],"about":[{"href":"https:\/\/www.billigtrikotde.com\/sv\/wp-json\/wp\/v2\/types\/product"}],"replies":[{"embeddable":true,"href":"https:\/\/www.billigtrikotde.com\/sv\/wp-json\/wp\/v2\/comments?post=21412"}],"wp:featuredmedia":[{"embeddable":true,"href":"https:\/\/www.billigtrikotde.com\/sv\/wp-json\/wp\/v2\/media\/21414"}],"wp:attachment":[{"href":"https:\/\/www.billigtrikotde.com\/sv\/wp-json\/wp\/v2\/media?parent=21412"}],"wp:term":[{"taxonomy":"product_brand","embeddable":true,"href":"https:\/\/www.billigtrikotde.com\/sv\/wp-json\/wp\/v2\/product_brand?post=21412"},{"taxonomy":"product_cat","embeddable":true,"href":"https:\/\/www.billigtrikotde.com\/sv\/wp-json\/wp\/v2\/product_cat?post=21412"},{"taxonomy":"product_tag","embeddable":true,"href":"https:\/\/www.billigtrikotde.com\/sv\/wp-json\/wp\/v2\/product_tag?post=21412"}],"curies":[{"name":"wp","href":"https:\/\/api.w.org\/{rel}","templated":true}]}}