{"id":21409,"date":"2025-03-26T15:13:31","date_gmt":"2025-03-26T14:13:31","guid":{"rendered":"https:\/\/www.billigtrikotde.com\/?post_type=product&#038;p=21409"},"modified":"2025-04-10T10:42:21","modified_gmt":"2025-04-10T08:42:21","slug":"guenstige-fussballtrikots-kinder-inter-miami-3rd-trikot-2024-25-kurzarm-kurze-hosen","status":"publish","type":"product","link":"https:\/\/www.billigtrikotde.com\/sv\/guenstige-fussballtrikots-kinder-inter-miami-3rd-trikot-2024-25-kurzarm-kurze-hosen\/","title":{"rendered":"Billiga fotbollstr\u00f6jor barn Inter Miami 3:e tr\u00f6ja 2024-25 kort\u00e4rmad + shorts"},"content":{"rendered":"<p>Vad \u00e4r det som \u00e4r s\u00e5 unikt med Miamis sporttradition? Inter Miami FC 2024:s tredje bortatr\u00f6ja \u00e4r en hyllning till den legendariska Orange Bowl genom att kombinera klassiska detaljer med ljusa orange nyanser. AEROREADY h\u00e5ller fansen torra medan de hejar p\u00e5 sitt lag. Det sl\u00e4ta tyget har lagnamnet i art deco-stil samt Messis namn och nummer.<\/p>\n<p>Tips f\u00f6r utskrift: Om namn och nummer p\u00e5 bilden \u00e4r exakt vad du vill ha, beh\u00f6ver du inte ange dem igen. Om inte, ska du ange \u00f6nskat namn och nummer.<\/p>\n<p>Tips f\u00f6r tv\u00e4tt: Det \u00e4r rekommenderat att tv\u00e4tta fotbollstr\u00f6jor f\u00f6r hand. Om du vill anv\u00e4nda tv\u00e4ttmaskinen ska du komma ih\u00e5g att v\u00e4nda fotbollstr\u00f6jorna ut och in och sedan tv\u00e4tta dem. Fyll maskinen med kallt vatten och anv\u00e4nd ett skonsamt program f\u00f6r att b\u00e4ttre skydda f\u00e4rgerna.<\/p>","protected":false},"excerpt":{"rendered":"<p>Vad \u00e4r det som \u00e4r s\u00e5 unikt med Miamis sporttradition? Inter Miami FC 2024:s tredje bortatr\u00f6ja \u00e4r en hyllning till den legendariska Orange Bowl genom att kombinera klassiska detaljer med ljusa orange nyanser. AEROREADY h\u00e5ller fansen torra medan de hejar p\u00e5 sitt lag. Det sl\u00e4ta tyget har lagnamnet i art deco-stil samt Messis namn och nummer.<\/p>","protected":false},"featured_media":21411,"comment_status":"open","ping_status":"closed","template":"","meta":[],"product_brand":[],"product_cat":[569],"product_tag":[1462,20,22,1461,24,639,1464,571,1463,1465],"class_list":{"0":"post-21409","1":"product","2":"type-product","3":"status-publish","4":"has-post-thumbnail","6":"product_cat-inter-miami-kindertrikot","7":"product_tag-billige-deutschland-trikots","8":"product_tag-coole-fussballtrikots","9":"product_tag-fussballtrikot-guenstig-kaufen","10":"product_tag-guenstige-inter-miami-trikot-kinder","11":"product_tag-guenstiges-fussballtrikot","12":"product_tag-inter-miami-fussballtrikots-kinder-mit-eigenem-namen","13":"product_tag-inter-miami-trikot-2024-25","14":"product_tag-inter-miami-trikot-fuer-kinder","15":"product_tag-inter-miami-trikot-kinder","16":"product_tag-inter-miami-trikots","18":"first","19":"instock","20":"shipping-taxable","21":"purchasable","22":"product-type-variable"},"_links":{"self":[{"href":"https:\/\/www.billigtrikotde.com\/sv\/wp-json\/wp\/v2\/product\/21409","targetHints":{"allow":["GET"]}}],"collection":[{"href":"https:\/\/www.billigtrikotde.com\/sv\/wp-json\/wp\/v2\/product"}],"about":[{"href":"https:\/\/www.billigtrikotde.com\/sv\/wp-json\/wp\/v2\/types\/product"}],"replies":[{"embeddable":true,"href":"https:\/\/www.billigtrikotde.com\/sv\/wp-json\/wp\/v2\/comments?post=21409"}],"wp:featuredmedia":[{"embeddable":true,"href":"https:\/\/www.billigtrikotde.com\/sv\/wp-json\/wp\/v2\/media\/21411"}],"wp:attachment":[{"href":"https:\/\/www.billigtrikotde.com\/sv\/wp-json\/wp\/v2\/media?parent=21409"}],"wp:term":[{"taxonomy":"product_brand","embeddable":true,"href":"https:\/\/www.billigtrikotde.com\/sv\/wp-json\/wp\/v2\/product_brand?post=21409"},{"taxonomy":"product_cat","embeddable":true,"href":"https:\/\/www.billigtrikotde.com\/sv\/wp-json\/wp\/v2\/product_cat?post=21409"},{"taxonomy":"product_tag","embeddable":true,"href":"https:\/\/www.billigtrikotde.com\/sv\/wp-json\/wp\/v2\/product_tag?post=21409"}],"curies":[{"name":"wp","href":"https:\/\/api.w.org\/{rel}","templated":true}]}}