{"id":21406,"date":"2025-03-27T14:29:02","date_gmt":"2025-03-27T13:29:02","guid":{"rendered":"https:\/\/www.billigtrikotde.com\/?post_type=product&#038;p=21406"},"modified":"2025-04-27T15:32:52","modified_gmt":"2025-04-27T13:32:52","slug":"guenstige-fussballtrikots-kinder-inter-miami-auswaertstrikot-2024-25-kurzarm-kurze-hosen","status":"publish","type":"product","link":"https:\/\/www.billigtrikotde.com\/sv\/guenstige-fussballtrikots-kinder-inter-miami-auswaertstrikot-2024-25-kurzarm-kurze-hosen\/","title":{"rendered":"Billiga Fotbollstr\u00f6jor Barn Inter Miami Bortatr\u00f6ja 2024-25 Kort\u00e4rmad + Shorts"},"content":{"rendered":"<p>Internacional Miami 2024 2025 bortatr\u00f6ja \u00e4r inspirerad av stadens skimrande kustlinje och sticker ut med rosa detaljer och ett v\u00e5gm\u00f6nster. Den \u00e4r designad f\u00f6r fotbollsfansens komfort och kombinerar sl\u00e4tt tyg med fukttransporterande AEROREADY. Lagets motto \"Freedom is my dream\" \u00e4r tryckt p\u00e5 halsetiketten. Denna produkt \u00e4r tillverkad av 100 % \u00e5tervinningsbart material.<\/p>\n<p>Tips f\u00f6r utskrift: Om namn och nummer p\u00e5 bilden \u00e4r exakt vad du vill ha, beh\u00f6ver du inte ange dem igen. Om inte, ska du ange \u00f6nskat namn och nummer.<\/p>\n<p>Tips f\u00f6r tv\u00e4tt: Det \u00e4r rekommenderat att tv\u00e4tta fotbollstr\u00f6jor f\u00f6r hand. Om du vill anv\u00e4nda tv\u00e4ttmaskinen ska du komma ih\u00e5g att v\u00e4nda fotbollstr\u00f6jorna ut och in och sedan tv\u00e4tta dem. Fyll maskinen med kallt vatten och anv\u00e4nd ett skonsamt program f\u00f6r att b\u00e4ttre skydda f\u00e4rgerna.<\/p>","protected":false},"excerpt":{"rendered":"<p>Internacional Miami 2024 2025 bortatr\u00f6ja \u00e4r inspirerad av stadens skimrande kustlinje och sticker ut med rosa detaljer och ett v\u00e5gm\u00f6nster. Den \u00e4r designad f\u00f6r fotbollsfansens komfort och kombinerar sl\u00e4tt tyg med fukttransporterande AEROREADY. Lagets motto \"Freedom is my dream\" \u00e4r tryckt p\u00e5 halsetiketten. Denna produkt \u00e4r tillverkad av 100 % \u00e5tervinningsbart material.<\/p>","protected":false},"featured_media":21408,"comment_status":"open","ping_status":"closed","template":"","meta":[],"product_brand":[],"product_cat":[569],"product_tag":[20,21,22,1461,24,1467,633],"class_list":{"0":"post-21406","1":"product","2":"type-product","3":"status-publish","4":"has-post-thumbnail","6":"product_cat-inter-miami-kindertrikot","7":"product_tag-coole-fussballtrikots","8":"product_tag-fussballtrikot-fuer-herren","9":"product_tag-fussballtrikot-guenstig-kaufen","10":"product_tag-guenstige-inter-miami-trikot-kinder","11":"product_tag-guenstiges-fussballtrikot","12":"product_tag-inter-miami-auswaertstrikot-2024-25","13":"product_tag-inter-miami-fussballtrikot","15":"first","16":"instock","17":"shipping-taxable","18":"purchasable","19":"product-type-variable"},"_links":{"self":[{"href":"https:\/\/www.billigtrikotde.com\/sv\/wp-json\/wp\/v2\/product\/21406","targetHints":{"allow":["GET"]}}],"collection":[{"href":"https:\/\/www.billigtrikotde.com\/sv\/wp-json\/wp\/v2\/product"}],"about":[{"href":"https:\/\/www.billigtrikotde.com\/sv\/wp-json\/wp\/v2\/types\/product"}],"replies":[{"embeddable":true,"href":"https:\/\/www.billigtrikotde.com\/sv\/wp-json\/wp\/v2\/comments?post=21406"}],"wp:featuredmedia":[{"embeddable":true,"href":"https:\/\/www.billigtrikotde.com\/sv\/wp-json\/wp\/v2\/media\/21408"}],"wp:attachment":[{"href":"https:\/\/www.billigtrikotde.com\/sv\/wp-json\/wp\/v2\/media?parent=21406"}],"wp:term":[{"taxonomy":"product_brand","embeddable":true,"href":"https:\/\/www.billigtrikotde.com\/sv\/wp-json\/wp\/v2\/product_brand?post=21406"},{"taxonomy":"product_cat","embeddable":true,"href":"https:\/\/www.billigtrikotde.com\/sv\/wp-json\/wp\/v2\/product_cat?post=21406"},{"taxonomy":"product_tag","embeddable":true,"href":"https:\/\/www.billigtrikotde.com\/sv\/wp-json\/wp\/v2\/product_tag?post=21406"}],"curies":[{"name":"wp","href":"https:\/\/api.w.org\/{rel}","templated":true}]}}