{"id":21371,"date":"2025-03-23T16:59:58","date_gmt":"2025-03-23T15:59:58","guid":{"rendered":"https:\/\/www.billigtrikotde.com\/?post_type=product&#038;p=21371"},"modified":"2025-04-10T10:43:03","modified_gmt":"2025-04-10T08:43:03","slug":"billige-trikots-kinder-ajax-auswaertstrikot-2024-25-trikot-set","status":"publish","type":"product","link":"https:\/\/www.billigtrikotde.com\/sv\/billige-trikots-kinder-ajax-auswaertstrikot-2024-25-trikot-set\/","title":{"rendered":"Billiga Tr\u00f6jor Barn Ajax Bortatr\u00f6ja 2024-25 tr\u00f6jset"},"content":{"rendered":"<p><strong>Billiga Tr\u00f6jor Barn Ajax Bortatr\u00f6ja 2024-25 tr\u00f6jset<\/strong><\/p>\n<p>De billiga Ajax-tr\u00f6jorna hyllar Ajax rika historia samtidigt som de ger moderna element och energi till denna Ajax-tr\u00f6ja. Ajax fotbollslagstr\u00f6ja ser ut som en bl\u00e5 palett d\u00e4r olika nyanser av bl\u00e5tt, djupt rotade i klubbens identitet, \u00e4r harmoniskt sammanfl\u00e4tade. Det verkliga blickf\u00e5nget p\u00e5 denna Ajax-tr\u00f6ja \u00e4r dock den ljusgula f\u00e4rgen, som ger en dj\u00e4rv och i\u00f6gonfallande kontrast till helhetsintrycket.<\/p>\n<p>Tips f\u00f6r utskrift: Om namn och nummer p\u00e5 bilden \u00e4r exakt vad du vill ha, beh\u00f6ver du inte ange dem igen. Om inte, ska du ange \u00f6nskat namn och nummer.<\/p>\n<p>Tips f\u00f6r tv\u00e4tt: Det \u00e4r rekommenderat att tv\u00e4tta fotbollstr\u00f6jor f\u00f6r hand. Om du vill anv\u00e4nda tv\u00e4ttmaskinen ska du komma ih\u00e5g att v\u00e4nda fotbollstr\u00f6jorna ut och in och sedan tv\u00e4tta dem. Fyll maskinen med kallt vatten och anv\u00e4nd ett skonsamt program f\u00f6r att b\u00e4ttre skydda f\u00e4rgerna.<\/p>","protected":false},"excerpt":{"rendered":"<p>Billige Trikots Kinder Ajax Ausw\u00e4rtstrikot 2024-25 trikot set Die Billige Trikots von Ajax sind eine Hommage an die reiche Geschichte von Ajax und bringen gleichzeitig moderne Elemente und Energie in dieses Ajax-Trikot ein. Das Trikot der Ajax-Fu\u00dfballmannschaft sieht aus wie eine blaue Palette, in der verschiedene Blaut\u00f6ne, die tief in der Identit\u00e4t des Vereins verwurzelt [&hellip;]<\/p>","protected":false},"featured_media":21373,"comment_status":"open","ping_status":"closed","template":"","meta":[],"product_brand":[],"product_cat":[680],"product_tag":[1372,681,682,1456,301,20,22,23,24],"class_list":{"0":"post-21371","1":"product","2":"type-product","3":"status-publish","4":"has-post-thumbnail","6":"product_cat-ajax-kindertrikot","7":"product_tag-ajax-amsterdam-trikot","8":"product_tag-ajax-fussballtrikots-kinder-mit-eigenem-namen","9":"product_tag-ajax-trikot-fuer-kinder","10":"product_tag-ajax-trikot-kinder","11":"product_tag-ajax-trikots","12":"product_tag-coole-fussballtrikots","13":"product_tag-fussballtrikot-guenstig-kaufen","14":"product_tag-fussballtrikot-kurzarm","15":"product_tag-guenstiges-fussballtrikot","17":"first","18":"instock","19":"shipping-taxable","20":"purchasable","21":"product-type-variable"},"_links":{"self":[{"href":"https:\/\/www.billigtrikotde.com\/sv\/wp-json\/wp\/v2\/product\/21371","targetHints":{"allow":["GET"]}}],"collection":[{"href":"https:\/\/www.billigtrikotde.com\/sv\/wp-json\/wp\/v2\/product"}],"about":[{"href":"https:\/\/www.billigtrikotde.com\/sv\/wp-json\/wp\/v2\/types\/product"}],"replies":[{"embeddable":true,"href":"https:\/\/www.billigtrikotde.com\/sv\/wp-json\/wp\/v2\/comments?post=21371"}],"wp:featuredmedia":[{"embeddable":true,"href":"https:\/\/www.billigtrikotde.com\/sv\/wp-json\/wp\/v2\/media\/21373"}],"wp:attachment":[{"href":"https:\/\/www.billigtrikotde.com\/sv\/wp-json\/wp\/v2\/media?parent=21371"}],"wp:term":[{"taxonomy":"product_brand","embeddable":true,"href":"https:\/\/www.billigtrikotde.com\/sv\/wp-json\/wp\/v2\/product_brand?post=21371"},{"taxonomy":"product_cat","embeddable":true,"href":"https:\/\/www.billigtrikotde.com\/sv\/wp-json\/wp\/v2\/product_cat?post=21371"},{"taxonomy":"product_tag","embeddable":true,"href":"https:\/\/www.billigtrikotde.com\/sv\/wp-json\/wp\/v2\/product_tag?post=21371"}],"curies":[{"name":"wp","href":"https:\/\/api.w.org\/{rel}","templated":true}]}}