{"id":21367,"date":"2025-03-23T16:53:46","date_gmt":"2025-03-23T15:53:46","guid":{"rendered":"https:\/\/www.billigtrikotde.com\/?post_type=product&#038;p=21367"},"modified":"2025-03-23T16:56:46","modified_gmt":"2025-03-23T15:56:46","slug":"guenstige-kindertrikots-ajax-auswaertstrikot-2024-25-jordan-henderson-6","status":"publish","type":"product","link":"https:\/\/www.billigtrikotde.com\/sv\/guenstige-kindertrikots-ajax-auswaertstrikot-2024-25-jordan-henderson-6\/","title":{"rendered":"Billiga barntr\u00f6jor Ajax bortaset 2024-25 Jordan Henderson 6"},"content":{"rendered":"<p><strong>Billiga barntr\u00f6jor Ajax bortaset 2024-25 Jordan Henderson 6<\/strong><\/p>\n<p>De billiga Ajax-tr\u00f6jorna hyllar Ajax rika historia samtidigt som de ger moderna element och energi till denna Ajax-tr\u00f6ja. Ajax fotbollslagstr\u00f6ja ser ut som en bl\u00e5 palett d\u00e4r olika nyanser av bl\u00e5tt, djupt rotade i klubbens identitet, \u00e4r harmoniskt sammanfl\u00e4tade. Det verkliga blickf\u00e5nget p\u00e5 denna Ajax-tr\u00f6ja \u00e4r dock den ljusgula f\u00e4rgen, som ger en dj\u00e4rv och i\u00f6gonfallande kontrast till helhetsintrycket.<\/p>\n<p>Tips f\u00f6r utskrift: Om namn och nummer p\u00e5 bilden \u00e4r exakt vad du vill ha, beh\u00f6ver du inte ange dem igen. Om inte, ska du ange \u00f6nskat namn och nummer.<\/p>\n<p>Tips f\u00f6r tv\u00e4tt: Det \u00e4r rekommenderat att tv\u00e4tta fotbollstr\u00f6jor f\u00f6r hand. Om du vill anv\u00e4nda tv\u00e4ttmaskinen ska du komma ih\u00e5g att v\u00e4nda fotbollstr\u00f6jorna ut och in och sedan tv\u00e4tta dem. Fyll maskinen med kallt vatten och anv\u00e4nd ett skonsamt program f\u00f6r att b\u00e4ttre skydda f\u00e4rgerna.<\/p>","protected":false},"excerpt":{"rendered":"<p>Billiga barntr\u00f6jor Ajax bortatr\u00f6ja 2024-25 Jordan Henderson 6 De billiga tr\u00f6jorna fr\u00e5n Ajax \u00e4r en hyllning till Ajax:s rika historia och samtidigt moderna element och energi i denna Ajax-tr\u00f6ja. Tr\u00f6jan f\u00f6r Ajax:s fotbollslag ser ut som en bl\u00e5 palett, d\u00e4r olika bl\u00e5 nyanser \u00e4r djupt f\u00f6rankrade i f\u00f6reningens identitet [\u2026]<\/p>","protected":false},"featured_media":21369,"comment_status":"open","ping_status":"closed","template":"","meta":[],"product_brand":[],"product_cat":[680],"product_tag":[1372,681,682,1456,301,20,22,23,24,1458],"class_list":{"0":"post-21367","1":"product","2":"type-product","3":"status-publish","4":"has-post-thumbnail","6":"product_cat-ajax-kindertrikot","7":"product_tag-ajax-amsterdam-trikot","8":"product_tag-ajax-fussballtrikots-kinder-mit-eigenem-namen","9":"product_tag-ajax-trikot-fuer-kinder","10":"product_tag-ajax-trikot-kinder","11":"product_tag-ajax-trikots","12":"product_tag-coole-fussballtrikots","13":"product_tag-fussballtrikot-guenstig-kaufen","14":"product_tag-fussballtrikot-kurzarm","15":"product_tag-guenstiges-fussballtrikot","16":"product_tag-jordan-henderson-trikots","18":"first","19":"instock","20":"shipping-taxable","21":"purchasable","22":"product-type-variable"},"_links":{"self":[{"href":"https:\/\/www.billigtrikotde.com\/sv\/wp-json\/wp\/v2\/product\/21367","targetHints":{"allow":["GET"]}}],"collection":[{"href":"https:\/\/www.billigtrikotde.com\/sv\/wp-json\/wp\/v2\/product"}],"about":[{"href":"https:\/\/www.billigtrikotde.com\/sv\/wp-json\/wp\/v2\/types\/product"}],"replies":[{"embeddable":true,"href":"https:\/\/www.billigtrikotde.com\/sv\/wp-json\/wp\/v2\/comments?post=21367"}],"wp:featuredmedia":[{"embeddable":true,"href":"https:\/\/www.billigtrikotde.com\/sv\/wp-json\/wp\/v2\/media\/21369"}],"wp:attachment":[{"href":"https:\/\/www.billigtrikotde.com\/sv\/wp-json\/wp\/v2\/media?parent=21367"}],"wp:term":[{"taxonomy":"product_brand","embeddable":true,"href":"https:\/\/www.billigtrikotde.com\/sv\/wp-json\/wp\/v2\/product_brand?post=21367"},{"taxonomy":"product_cat","embeddable":true,"href":"https:\/\/www.billigtrikotde.com\/sv\/wp-json\/wp\/v2\/product_cat?post=21367"},{"taxonomy":"product_tag","embeddable":true,"href":"https:\/\/www.billigtrikotde.com\/sv\/wp-json\/wp\/v2\/product_tag?post=21367"}],"curies":[{"name":"wp","href":"https:\/\/api.w.org\/{rel}","templated":true}]}}