{"id":2133,"date":"2024-10-23T14:01:29","date_gmt":"2024-10-23T12:01:29","guid":{"rendered":"http:\/\/billigtrikots.com\/?post_type=product&#038;p=2133"},"modified":"2024-10-23T14:03:00","modified_gmt":"2024-10-23T12:03:00","slug":"inter-mailand-auswaertstrikot-2022-weiss-blau-guenstig-bestellen","status":"publish","type":"product","link":"https:\/\/www.billigtrikotde.com\/sv\/inter-mailand-auswaertstrikot-2022-weiss-blau-guenstig-bestellen\/","title":{"rendered":"Best\u00e4ll Inter Milan bortaset 2022 vitt\/bl\u00e5tt till ett f\u00f6rm\u00e5nligt pris"},"content":{"rendered":"<p>Oavsett om det \u00e4r p\u00e5 stadion eller hemma i soffan \u2013 ditt st\u00f6d visar du b\u00e4st genom den svettavledande modellen i vitt. Nike sl\u00e4pper med tr\u00f6jan en verkligen unik produkt. N\u00e4stan inget st\u00f6d g\u00e5r att f\u00e5 mer! Med denna Inter Milan borta-tr\u00f6ja ut\u00f6kar du din fan-kollektion med en artikel som spelarna i Serie A b\u00e4r. Vi rekommenderar denna supersk\u00f6na, svettavledande och andningsbara modell med den behagliga b\u00e4rkomforten. Detta \u00e4r en tr\u00f6ja som garanterat kan gl\u00e4nsa genom klubbemblemet p\u00e5 br\u00f6stet. S\u00e5 kan du visa alla att du \u00e4r den b\u00e4sta p\u00e5 planen.<\/p>\n<p>Tips f\u00f6r utskrift: Om namn och nummer p\u00e5 bilden \u00e4r exakt vad du vill ha, beh\u00f6ver du inte ange dem igen. Om inte, ska du ange \u00f6nskat namn och nummer.<\/p>\n<p>Tips f\u00f6r tv\u00e4tt: Det \u00e4r rekommenderat att tv\u00e4tta fotbollstr\u00f6jor f\u00f6r hand. Om du vill anv\u00e4nda tv\u00e4ttmaskinen ska du komma ih\u00e5g att v\u00e4nda fotbollstr\u00f6jorna ut och in och sedan tv\u00e4tta dem. Fyll maskinen med kallt vatten och anv\u00e4nd ett skonsamt program f\u00f6r att b\u00e4ttre skydda f\u00e4rgerna.<\/p>","protected":false},"excerpt":{"rendered":"<p>Ob im Stadion oder zuhause auf der Couch \u2013 deine Unterst\u00fctzung zeigst du am besten durch das schwei\u00dfableitende Modell in Wei\u00df. Nike ver\u00f6ffentlicht mit dem Shirt ein wirklich einmaliges Produkt. Mehr Support geht kaum! Mit diesem Inter Mailand-Ausw\u00e4rts-Shirt erweiterst du deine Fan-Kollektion um einen Artikel, wie ihn die Spieler in der Serie A tragen. Wir [&hellip;]<\/p>","protected":false},"featured_media":2165,"comment_status":"open","ping_status":"closed","template":"","meta":[],"product_brand":[],"product_cat":[77],"product_tag":[20,21,22,23,24,79,78],"class_list":{"0":"post-2133","1":"product","2":"type-product","3":"status-publish","4":"has-post-thumbnail","6":"product_cat-inter-milan","7":"product_tag-coole-fussballtrikots","8":"product_tag-fussballtrikot-fuer-herren","9":"product_tag-fussballtrikot-guenstig-kaufen","10":"product_tag-fussballtrikot-kurzarm","11":"product_tag-guenstiges-fussballtrikot","12":"product_tag-inter-milan-auswaertstrikot","13":"product_tag-inter-milan-trikots","15":"first","16":"instock","17":"shipping-taxable","18":"purchasable","19":"product-type-variable"},"_links":{"self":[{"href":"https:\/\/www.billigtrikotde.com\/sv\/wp-json\/wp\/v2\/product\/2133","targetHints":{"allow":["GET"]}}],"collection":[{"href":"https:\/\/www.billigtrikotde.com\/sv\/wp-json\/wp\/v2\/product"}],"about":[{"href":"https:\/\/www.billigtrikotde.com\/sv\/wp-json\/wp\/v2\/types\/product"}],"replies":[{"embeddable":true,"href":"https:\/\/www.billigtrikotde.com\/sv\/wp-json\/wp\/v2\/comments?post=2133"}],"wp:featuredmedia":[{"embeddable":true,"href":"https:\/\/www.billigtrikotde.com\/sv\/wp-json\/wp\/v2\/media\/2165"}],"wp:attachment":[{"href":"https:\/\/www.billigtrikotde.com\/sv\/wp-json\/wp\/v2\/media?parent=2133"}],"wp:term":[{"taxonomy":"product_brand","embeddable":true,"href":"https:\/\/www.billigtrikotde.com\/sv\/wp-json\/wp\/v2\/product_brand?post=2133"},{"taxonomy":"product_cat","embeddable":true,"href":"https:\/\/www.billigtrikotde.com\/sv\/wp-json\/wp\/v2\/product_cat?post=2133"},{"taxonomy":"product_tag","embeddable":true,"href":"https:\/\/www.billigtrikotde.com\/sv\/wp-json\/wp\/v2\/product_tag?post=2133"}],"curies":[{"name":"wp","href":"https:\/\/api.w.org\/{rel}","templated":true}]}}