{"id":21306,"date":"2025-03-17T15:03:28","date_gmt":"2025-03-17T14:03:28","guid":{"rendered":"https:\/\/www.billigtrikotde.com\/?post_type=product&#038;p=21306"},"modified":"2025-03-17T15:18:17","modified_gmt":"2025-03-17T14:18:17","slug":"kinder-arsenal-auswaertstrikot-2024-25-mit-aufdruck-jorginho-frello-20","status":"publish","type":"product","link":"https:\/\/www.billigtrikotde.com\/sv\/kinder-arsenal-auswaertstrikot-2024-25-mit-aufdruck-jorginho-frello-20\/","title":{"rendered":"Barn Arsenal bortatr\u00f6ja 2024-25 med tryck Jorginho Frello 20"},"content":{"rendered":"<p>Detta \u00e4r den senaste Arsenal 2024-25 bortatr\u00f6jan. Det som g\u00f6r denna Arsenal-tr\u00f6ja unik \u00e4r dess livfulla svarta, r\u00f6da och gr\u00f6na f\u00e4rgschema som \u00e5terspeglar stilen p\u00e5 den panafrikanska flaggan. Dessutom b\u00f6r alla ta en titt p\u00e5 m\u00f6nstret p\u00e5 denna Arsenal fotbollstr\u00f6ja eftersom det \u00e4r ganska i\u00f6gonfallande. Shortsen har ett vitt sicksackm\u00f6nster p\u00e5 sidorna, ett m\u00f6nster som ofta anv\u00e4nds i afrikanska m\u00f6nster f\u00f6r att representera skal.<\/p>\n<p>Tips f\u00f6r utskrift: Om namn och nummer p\u00e5 bilden \u00e4r exakt vad du vill ha, beh\u00f6ver du inte ange dem igen. Om inte, ska du ange \u00f6nskat namn och nummer.<\/p>\n<p>Tips f\u00f6r tv\u00e4tt: Det \u00e4r rekommenderat att tv\u00e4tta fotbollstr\u00f6jor f\u00f6r hand. Om du vill anv\u00e4nda tv\u00e4ttmaskinen ska du komma ih\u00e5g att v\u00e4nda fotbollstr\u00f6jorna ut och in och sedan tv\u00e4tta dem. Fyll maskinen med kallt vatten och anv\u00e4nd ett skonsamt program f\u00f6r att b\u00e4ttre skydda f\u00e4rgerna.<\/p>","protected":false},"excerpt":{"rendered":"<p>Dies ist das neueste Ausw\u00e4rtstrikot von Arsenal 2024\u201325. Was dieses Arsenal-Trikot einzigartig macht, ist seine leuchtende Farbgebung in Schwarz, Rot und Gr\u00fcn, die den Stil der panafrikanischen Flagge widerspiegelt. Dar\u00fcber hinaus sollte jeder einen Blick auf das Muster dieses Arsenal-Fu\u00dfballtrikots werfen, da es ziemlich auff\u00e4llig ist. Die Shorts haben an den Seiten ein wei\u00dfes Zickzackmuster, [&hellip;]<\/p>","protected":false},"featured_media":21308,"comment_status":"open","ping_status":"closed","template":"","meta":[],"product_brand":[],"product_cat":[167],"product_tag":[851,1445,852,1263,20,1444,1443],"class_list":{"0":"post-21306","1":"product","2":"type-product","3":"status-publish","4":"has-post-thumbnail","6":"product_cat-arsenal-kindertrikot","7":"product_tag-arsenal-fussballtrikots-kinder","8":"product_tag-arsenal-fussballtrikots-kinder-mit-eigenem-namen","9":"product_tag-arsenal-trikot-fuer-kinder","10":"product_tag-arsenal-trikotsatz-fuer-kinder","11":"product_tag-coole-fussballtrikots","12":"product_tag-guenstige-jorginho-frello-trikot-kinder","13":"product_tag-jorginho-frello-trikot-kinder-kaufen","15":"first","16":"instock","17":"shipping-taxable","18":"purchasable","19":"product-type-variable"},"_links":{"self":[{"href":"https:\/\/www.billigtrikotde.com\/sv\/wp-json\/wp\/v2\/product\/21306","targetHints":{"allow":["GET"]}}],"collection":[{"href":"https:\/\/www.billigtrikotde.com\/sv\/wp-json\/wp\/v2\/product"}],"about":[{"href":"https:\/\/www.billigtrikotde.com\/sv\/wp-json\/wp\/v2\/types\/product"}],"replies":[{"embeddable":true,"href":"https:\/\/www.billigtrikotde.com\/sv\/wp-json\/wp\/v2\/comments?post=21306"}],"wp:featuredmedia":[{"embeddable":true,"href":"https:\/\/www.billigtrikotde.com\/sv\/wp-json\/wp\/v2\/media\/21308"}],"wp:attachment":[{"href":"https:\/\/www.billigtrikotde.com\/sv\/wp-json\/wp\/v2\/media?parent=21306"}],"wp:term":[{"taxonomy":"product_brand","embeddable":true,"href":"https:\/\/www.billigtrikotde.com\/sv\/wp-json\/wp\/v2\/product_brand?post=21306"},{"taxonomy":"product_cat","embeddable":true,"href":"https:\/\/www.billigtrikotde.com\/sv\/wp-json\/wp\/v2\/product_cat?post=21306"},{"taxonomy":"product_tag","embeddable":true,"href":"https:\/\/www.billigtrikotde.com\/sv\/wp-json\/wp\/v2\/product_tag?post=21306"}],"curies":[{"name":"wp","href":"https:\/\/api.w.org\/{rel}","templated":true}]}}