{"id":21294,"date":"2025-03-19T16:17:38","date_gmt":"2025-03-19T15:17:38","guid":{"rendered":"https:\/\/www.billigtrikotde.com\/?post_type=product&#038;p=21294"},"modified":"2025-04-24T16:15:05","modified_gmt":"2025-04-24T14:15:05","slug":"kinder-fussball-trikot-arsenal-heimtrikot-2024-25-mit-namen-thomas-partey-5","status":"publish","type":"product","link":"https:\/\/www.billigtrikotde.com\/sv\/kinder-fussball-trikot-arsenal-heimtrikot-2024-25-mit-namen-thomas-partey-5\/","title":{"rendered":"Barn Fotbollstr\u00f6ja Arsenal Hemmatr\u00f6ja 2024-25 med Namn Thomas Partey 5"},"content":{"rendered":"<p>Arsenal Hemmatr\u00f6jan 2024-2025 kombinerar klubbens klassiska r\u00f6da huvudf\u00e4rg med vita logotyper och m\u00f6rkbl\u00e5 designelement. N\u00e4r det g\u00e4ller designen \u00e4r Arsenal 2024-25 hemmatr\u00f6ja ganska enkel. Den \u00e4r baserad p\u00e5 den nya mallen 2024\u201325 och har unika sidmarkeringar, i detta fall i bl\u00e5tt.<\/p>\n<p>Tips f\u00f6r utskrift: Om namn och nummer p\u00e5 bilden \u00e4r exakt vad du vill ha, beh\u00f6ver du inte ange dem igen. Om inte, ska du ange \u00f6nskat namn och nummer.<\/p>\n<p>Tips f\u00f6r tv\u00e4tt: Det \u00e4r rekommenderat att tv\u00e4tta fotbollstr\u00f6jor f\u00f6r hand. Om du vill anv\u00e4nda tv\u00e4ttmaskinen ska du komma ih\u00e5g att v\u00e4nda fotbollstr\u00f6jorna ut och in och sedan tv\u00e4tta dem. Fyll maskinen med kallt vatten och anv\u00e4nd ett skonsamt program f\u00f6r att b\u00e4ttre skydda f\u00e4rgerna.<\/p>","protected":false},"excerpt":{"rendered":"<p>Das Arsenal Heimtrikot 2024-2025 kombiniert die klassische rote Hauptfarbe des Vereins mit wei\u00dfen Logos und dunkelblauen Designelementen. In Bezug auf das Design ist das Arsenal 2024-25 Heimtrikot recht schlicht. Es basiert auf der neuen Vorlage 2024\u201325 und verf\u00fcgt \u00fcber einzigartige Seitenmarkierungen, in diesem Fall in Blau. Tipps zum Drucken: Wenn der Name und die Nummer [&hellip;]<\/p>","protected":false},"featured_media":21296,"comment_status":"open","ping_status":"closed","template":"","meta":[],"product_brand":[],"product_cat":[167],"product_tag":[1442,1441],"class_list":{"0":"post-21294","1":"product","2":"type-product","3":"status-publish","4":"has-post-thumbnail","6":"product_cat-arsenal-kindertrikot","7":"product_tag-guenstige-thomas-partey-trikot-kinder","8":"product_tag-thomas-partey-trikot-kinder-kaufen","10":"first","11":"instock","12":"shipping-taxable","13":"purchasable","14":"product-type-variable"},"_links":{"self":[{"href":"https:\/\/www.billigtrikotde.com\/sv\/wp-json\/wp\/v2\/product\/21294","targetHints":{"allow":["GET"]}}],"collection":[{"href":"https:\/\/www.billigtrikotde.com\/sv\/wp-json\/wp\/v2\/product"}],"about":[{"href":"https:\/\/www.billigtrikotde.com\/sv\/wp-json\/wp\/v2\/types\/product"}],"replies":[{"embeddable":true,"href":"https:\/\/www.billigtrikotde.com\/sv\/wp-json\/wp\/v2\/comments?post=21294"}],"wp:featuredmedia":[{"embeddable":true,"href":"https:\/\/www.billigtrikotde.com\/sv\/wp-json\/wp\/v2\/media\/21296"}],"wp:attachment":[{"href":"https:\/\/www.billigtrikotde.com\/sv\/wp-json\/wp\/v2\/media?parent=21294"}],"wp:term":[{"taxonomy":"product_brand","embeddable":true,"href":"https:\/\/www.billigtrikotde.com\/sv\/wp-json\/wp\/v2\/product_brand?post=21294"},{"taxonomy":"product_cat","embeddable":true,"href":"https:\/\/www.billigtrikotde.com\/sv\/wp-json\/wp\/v2\/product_cat?post=21294"},{"taxonomy":"product_tag","embeddable":true,"href":"https:\/\/www.billigtrikotde.com\/sv\/wp-json\/wp\/v2\/product_tag?post=21294"}],"curies":[{"name":"wp","href":"https:\/\/api.w.org\/{rel}","templated":true}]}}