{"id":21273,"date":"2025-03-16T11:35:19","date_gmt":"2025-03-16T10:35:19","guid":{"rendered":"https:\/\/www.billigtrikotde.com\/?post_type=product&#038;p=21273"},"modified":"2025-03-16T11:35:20","modified_gmt":"2025-03-16T10:35:20","slug":"guenstige-fussballtrikots-kinder-arsenal-3rd-trikot-2024-25-riccardo-calafiori-33","status":"publish","type":"product","link":"https:\/\/www.billigtrikotde.com\/sv\/guenstige-fussballtrikots-kinder-arsenal-3rd-trikot-2024-25-riccardo-calafiori-33\/","title":{"rendered":"Billiga Fotbollstr\u00f6jor Barn Arsenal 3:e tr\u00f6ja 2024-25 Riccardo Calafiori 33"},"content":{"rendered":"<p>Arsenaltr\u00f6jan 2024-25 \u00e4r en sl\u00e5ende blandning av ljusbl\u00e5, midnattsbl\u00e5 och ljus Veronica-lila. En del av grafiken \u00e4r i lila, vilket lyser upp utseendet p\u00e5 Arsenal-tr\u00f6jan.<\/p>\n<p>Tips f\u00f6r utskrift: Om namn och nummer p\u00e5 bilden \u00e4r exakt vad du vill ha, beh\u00f6ver du inte ange dem igen. Om inte, ska du ange \u00f6nskat namn och nummer.<\/p>\n<p>Tips f\u00f6r tv\u00e4tt: Det \u00e4r rekommenderat att tv\u00e4tta fotbollstr\u00f6jor f\u00f6r hand. Om du vill anv\u00e4nda tv\u00e4ttmaskinen ska du komma ih\u00e5g att v\u00e4nda fotbollstr\u00f6jorna ut och in och sedan tv\u00e4tta dem. Fyll maskinen med kallt vatten och anv\u00e4nd ett skonsamt program f\u00f6r att b\u00e4ttre skydda f\u00e4rgerna.<\/p>","protected":false},"excerpt":{"rendered":"<p>Arsenal-tr\u00f6jan 2024\u201325 best\u00e5r av en i\u00f6gonfallande blandning av ljusbl\u00e5tt, nattsvart och lysande Veronica-lila. N\u00e5gra av grafikernas f\u00e4rger \u00e4r i lila, vilket g\u00f6r Arsenal-tr\u00f6jans utseende ljusare. Utskriftstips: Om namn och nummer p\u00e5 bilden exakt uppfyller dina \u00f6nskem\u00e5l beh\u00f6ver du inte skriva in dem igen. Om inte b\u00f6r du dina [\u2026]<\/p>","protected":false},"featured_media":21275,"comment_status":"open","ping_status":"closed","template":"","meta":[],"product_brand":[],"product_cat":[167],"product_tag":[851,1445,852,1263,20,94,1447],"class_list":{"0":"post-21273","1":"product","2":"type-product","3":"status-publish","4":"has-post-thumbnail","6":"product_cat-arsenal-kindertrikot","7":"product_tag-arsenal-fussballtrikots-kinder","8":"product_tag-arsenal-fussballtrikots-kinder-mit-eigenem-namen","9":"product_tag-arsenal-trikot-fuer-kinder","10":"product_tag-arsenal-trikotsatz-fuer-kinder","11":"product_tag-coole-fussballtrikots","12":"product_tag-kinder-fussball-trikotsatz","13":"product_tag-riccardo-calafiori-trikots","15":"first","16":"instock","17":"shipping-taxable","18":"purchasable","19":"product-type-variable"},"_links":{"self":[{"href":"https:\/\/www.billigtrikotde.com\/sv\/wp-json\/wp\/v2\/product\/21273","targetHints":{"allow":["GET"]}}],"collection":[{"href":"https:\/\/www.billigtrikotde.com\/sv\/wp-json\/wp\/v2\/product"}],"about":[{"href":"https:\/\/www.billigtrikotde.com\/sv\/wp-json\/wp\/v2\/types\/product"}],"replies":[{"embeddable":true,"href":"https:\/\/www.billigtrikotde.com\/sv\/wp-json\/wp\/v2\/comments?post=21273"}],"wp:featuredmedia":[{"embeddable":true,"href":"https:\/\/www.billigtrikotde.com\/sv\/wp-json\/wp\/v2\/media\/21275"}],"wp:attachment":[{"href":"https:\/\/www.billigtrikotde.com\/sv\/wp-json\/wp\/v2\/media?parent=21273"}],"wp:term":[{"taxonomy":"product_brand","embeddable":true,"href":"https:\/\/www.billigtrikotde.com\/sv\/wp-json\/wp\/v2\/product_brand?post=21273"},{"taxonomy":"product_cat","embeddable":true,"href":"https:\/\/www.billigtrikotde.com\/sv\/wp-json\/wp\/v2\/product_cat?post=21273"},{"taxonomy":"product_tag","embeddable":true,"href":"https:\/\/www.billigtrikotde.com\/sv\/wp-json\/wp\/v2\/product_tag?post=21273"}],"curies":[{"name":"wp","href":"https:\/\/api.w.org\/{rel}","templated":true}]}}