{"id":21267,"date":"2025-06-04T15:56:24","date_gmt":"2025-06-04T13:56:24","guid":{"rendered":"https:\/\/www.billigtrikotde.com\/?post_type=product&#038;p=21267"},"modified":"2025-06-11T13:57:07","modified_gmt":"2025-06-11T11:57:07","slug":"billige-fussballtrikots-trikotsatz-arsenal-riccardo-calafiori-33-heimtrikot-kinder-2024-25","status":"publish","type":"product","link":"https:\/\/www.billigtrikotde.com\/sv\/billige-fussballtrikots-trikotsatz-arsenal-riccardo-calafiori-33-heimtrikot-kinder-2024-25\/","title":{"rendered":"Arsenal Riccardo Calafiori #33 Hemtr\u00f6ja Barn 2024-25 Kort\u00e4rmad (+ korta byxor)"},"content":{"rendered":"<h3>Billige Fussballtrikots trikotsatz Arsenal Riccardo Calafiori #33 Heimtrikot Kinder 2024-25<\/h3>\n<p>Arsenal Hemmatr\u00f6jan 2024-2025 kombinerar klubbens klassiska r\u00f6da huvudf\u00e4rg med vita logotyper och m\u00f6rkbl\u00e5 designelement. N\u00e4r det g\u00e4ller designen \u00e4r Arsenal 2024-25 hemmatr\u00f6ja ganska enkel. Den \u00e4r baserad p\u00e5 den nya mallen 2024\u201325 och har unika sidmarkeringar, i detta fall i bl\u00e5tt.<\/p>\n<p>Tips f\u00f6r utskrift: Om namn och nummer p\u00e5 bilden \u00e4r exakt vad du vill ha, beh\u00f6ver du inte ange dem igen. Om inte, ska du ange \u00f6nskat namn och nummer.<\/p>\n<p>Tips f\u00f6r tv\u00e4tt: Det \u00e4r rekommenderat att tv\u00e4tta fotbollstr\u00f6jor f\u00f6r hand. Om du vill anv\u00e4nda tv\u00e4ttmaskinen ska du komma ih\u00e5g att v\u00e4nda fotbollstr\u00f6jorna ut och in och sedan tv\u00e4tta dem. Fyll maskinen med kallt vatten och anv\u00e4nd ett skonsamt program f\u00f6r att b\u00e4ttre skydda f\u00e4rgerna.<\/p>","protected":false},"excerpt":{"rendered":"<p>Billiga Fotbollstr\u00f6jor trikotsats Arsenal Riccardo Calafiori #33 Hemstr\u00f6ja Barn 2024-25 Arsenal Hemstr\u00f6jan 2024-2025 kombinerar klubbens klassiska r\u00f6da huvudf\u00e4rg med vita logotyper och m\u00f6rkbl\u00e5 designelement. N\u00e4r det g\u00e4ller designen \u00e4r Arsenal 2024-25 Hemtr\u00f6ja r\u00e4tt enkel. Den bygger p\u00e5 den nya mallen 2024\u201325 och har unika sidemarkeringar, i detta fall i [\u2026]<\/p>","protected":false},"featured_media":21269,"comment_status":"open","ping_status":"closed","template":"","meta":[],"product_brand":[],"product_cat":[167],"product_tag":[1524,1525,1447],"class_list":{"0":"post-21267","1":"product","2":"type-product","3":"status-publish","4":"has-post-thumbnail","6":"product_cat-arsenal-kindertrikot","7":"product_tag-guenstige-riccardo-calafiori-trikot-kinder","8":"product_tag-riccardo-calafiori-trikot-kinder-kaufen","9":"product_tag-riccardo-calafiori-trikots","11":"first","12":"instock","13":"shipping-taxable","14":"purchasable","15":"product-type-variable"},"_links":{"self":[{"href":"https:\/\/www.billigtrikotde.com\/sv\/wp-json\/wp\/v2\/product\/21267","targetHints":{"allow":["GET"]}}],"collection":[{"href":"https:\/\/www.billigtrikotde.com\/sv\/wp-json\/wp\/v2\/product"}],"about":[{"href":"https:\/\/www.billigtrikotde.com\/sv\/wp-json\/wp\/v2\/types\/product"}],"replies":[{"embeddable":true,"href":"https:\/\/www.billigtrikotde.com\/sv\/wp-json\/wp\/v2\/comments?post=21267"}],"wp:featuredmedia":[{"embeddable":true,"href":"https:\/\/www.billigtrikotde.com\/sv\/wp-json\/wp\/v2\/media\/21269"}],"wp:attachment":[{"href":"https:\/\/www.billigtrikotde.com\/sv\/wp-json\/wp\/v2\/media?parent=21267"}],"wp:term":[{"taxonomy":"product_brand","embeddable":true,"href":"https:\/\/www.billigtrikotde.com\/sv\/wp-json\/wp\/v2\/product_brand?post=21267"},{"taxonomy":"product_cat","embeddable":true,"href":"https:\/\/www.billigtrikotde.com\/sv\/wp-json\/wp\/v2\/product_cat?post=21267"},{"taxonomy":"product_tag","embeddable":true,"href":"https:\/\/www.billigtrikotde.com\/sv\/wp-json\/wp\/v2\/product_tag?post=21267"}],"curies":[{"name":"wp","href":"https:\/\/api.w.org\/{rel}","templated":true}]}}