{"id":21257,"date":"2025-06-04T15:52:47","date_gmt":"2025-06-04T13:52:47","guid":{"rendered":"https:\/\/www.billigtrikotde.com\/?post_type=product&#038;p=21257"},"modified":"2025-06-11T13:56:50","modified_gmt":"2025-06-11T11:56:50","slug":"arsenal-fussballtrikots-set-takehiro-tomiyasu-18-heimtrikot-kinder-2024-25","status":"publish","type":"product","link":"https:\/\/www.billigtrikotde.com\/sv\/arsenal-fussballtrikots-set-takehiro-tomiyasu-18-heimtrikot-kinder-2024-25\/","title":{"rendered":"Arsenal Takehiro Tomiyasu #18 Hemtr\u00f6ja Barn 2024-25 Kort\u00e4rmad (+ korta byxor)"},"content":{"rendered":"<h3>Arsenal fotbollstr\u00f6jor Set Takehiro Tomiyasu #18 Hemtr\u00f6ja barn 2024-25<\/h3>\n<p>Arsenal Hemmatr\u00f6jan 2024-2025 kombinerar klubbens klassiska r\u00f6da huvudf\u00e4rg med vita logotyper och m\u00f6rkbl\u00e5 designelement. N\u00e4r det g\u00e4ller designen \u00e4r Arsenal 2024-25 hemmatr\u00f6ja ganska enkel. Den \u00e4r baserad p\u00e5 den nya mallen 2024\u201325 och har unika sidmarkeringar, i detta fall i bl\u00e5tt.<\/p>\n<p>Tips f\u00f6r utskrift: Om namn och nummer p\u00e5 bilden \u00e4r exakt vad du vill ha, beh\u00f6ver du inte ange dem igen. Om inte, ska du ange \u00f6nskat namn och nummer.<\/p>\n<p>Tips f\u00f6r tv\u00e4tt: Det \u00e4r rekommenderat att tv\u00e4tta fotbollstr\u00f6jor f\u00f6r hand. Om du vill anv\u00e4nda tv\u00e4ttmaskinen ska du komma ih\u00e5g att v\u00e4nda fotbollstr\u00f6jorna ut och in och sedan tv\u00e4tta dem. Fyll maskinen med kallt vatten och anv\u00e4nd ett skonsamt program f\u00f6r att b\u00e4ttre skydda f\u00e4rgerna.<\/p>","protected":false},"excerpt":{"rendered":"<p>Arsenal fotbollstr\u00f6jor Set Takehiro Tomiyasu #18 Hemtr\u00f6ja Barn 2024-25 Arsenal Hemtr\u00f6ja 2024-2025 kombinerar klubbens klassiska r\u00f6da huvudf\u00e4rg med vita logotyper och m\u00f6rkbl\u00e5 designelement. N\u00e4r det g\u00e4ller designen \u00e4r Arsenal 2024-25 Hemtr\u00f6ja ganska enkel. Den baseras p\u00e5 den nya mallen 2024\u201325 och har unika sidemarkeringsm\u00e4rken, i detta fall i bl\u00e5tt. [\u2026]<\/p>","protected":false},"featured_media":21259,"comment_status":"open","ping_status":"closed","template":"","meta":[],"product_brand":[],"product_cat":[167],"product_tag":[1438,1437,1523],"class_list":{"0":"post-21257","1":"product","2":"type-product","3":"status-publish","4":"has-post-thumbnail","6":"product_cat-arsenal-kindertrikot","7":"product_tag-guenstige-takehiro-tomiyasu-trikot-kinder","8":"product_tag-takehiro-tomiyasu-trikot-kinder-kaufen","9":"product_tag-takehiro-tomiyasu-trikots","11":"first","12":"instock","13":"shipping-taxable","14":"purchasable","15":"product-type-variable"},"_links":{"self":[{"href":"https:\/\/www.billigtrikotde.com\/sv\/wp-json\/wp\/v2\/product\/21257","targetHints":{"allow":["GET"]}}],"collection":[{"href":"https:\/\/www.billigtrikotde.com\/sv\/wp-json\/wp\/v2\/product"}],"about":[{"href":"https:\/\/www.billigtrikotde.com\/sv\/wp-json\/wp\/v2\/types\/product"}],"replies":[{"embeddable":true,"href":"https:\/\/www.billigtrikotde.com\/sv\/wp-json\/wp\/v2\/comments?post=21257"}],"wp:featuredmedia":[{"embeddable":true,"href":"https:\/\/www.billigtrikotde.com\/sv\/wp-json\/wp\/v2\/media\/21259"}],"wp:attachment":[{"href":"https:\/\/www.billigtrikotde.com\/sv\/wp-json\/wp\/v2\/media?parent=21257"}],"wp:term":[{"taxonomy":"product_brand","embeddable":true,"href":"https:\/\/www.billigtrikotde.com\/sv\/wp-json\/wp\/v2\/product_brand?post=21257"},{"taxonomy":"product_cat","embeddable":true,"href":"https:\/\/www.billigtrikotde.com\/sv\/wp-json\/wp\/v2\/product_cat?post=21257"},{"taxonomy":"product_tag","embeddable":true,"href":"https:\/\/www.billigtrikotde.com\/sv\/wp-json\/wp\/v2\/product_tag?post=21257"}],"curies":[{"name":"wp","href":"https:\/\/api.w.org\/{rel}","templated":true}]}}