{"id":21096,"date":"2025-11-04T15:49:56","date_gmt":"2025-11-04T14:49:56","guid":{"rendered":"https:\/\/www.billigtrikotde.com\/?post_type=product&#038;p=21096"},"modified":"2025-11-04T15:50:01","modified_gmt":"2025-11-04T14:50:01","slug":"manchester-city-erling-haaland-9-heimtrikot-kinder-2024-25-kurzarm-kurze-hosen","status":"publish","type":"product","link":"https:\/\/www.billigtrikotde.com\/sv\/manchester-city-erling-haaland-9-heimtrikot-kinder-2024-25-kurzarm-kurze-hosen\/","title":{"rendered":"Manchester City Erling Haaland #9 Hemtr\u00f6ja Barn 2024-25 Kort\u00e4rmad (+ korta byxor)"},"content":{"rendered":"<p>Manchester City-fotbollstr\u00f6jor f\u00f6r barn: Tips att skriva ut: N\u00e4r namnet och numret p\u00e5 bilden exakt motsvarar dina \u00f6nskem\u00e5l beh\u00f6ver du inte skriva in dem igen. Om inte, b\u00f6r du skriva in ditt \u00f6nskade namn och ditt nummer.<\/p>\n<p>Tips f\u00f6r tv\u00e4tt: Det \u00e4r rekommenderat att tv\u00e4tta fotbollstr\u00f6jor f\u00f6r hand. Om du vill anv\u00e4nda tv\u00e4ttmaskinen ska du komma ih\u00e5g att v\u00e4nda fotbollstr\u00f6jorna ut och in och sedan tv\u00e4tta dem. Fyll maskinen med kallt vatten och anv\u00e4nd ett skonsamt program f\u00f6r att b\u00e4ttre skydda f\u00e4rgerna.<\/p>","protected":false},"excerpt":{"rendered":"<p>Manchester City-Fotbollsset-Barn-Tips f\u00f6r utskrift: N\u00e4r namnet och numret p\u00e5 bilden exakt motsvarar dina \u00f6nskem\u00e5l beh\u00f6ver du inte skriva in dem igen. Om inte, b\u00f6r du ange ditt \u00f6nskade namn och ditt nummer. Tips f\u00f6r tv\u00e4tt: Det rekommenderas att tv\u00e4tta fotbollsset f\u00f6r hand. Om du vill anv\u00e4nda tv\u00e4ttmaskinen, kom ih\u00e5g att fotbollsset [\u2026]<\/p>","protected":false},"featured_media":21098,"comment_status":"open","ping_status":"closed","template":"","meta":[],"product_brand":[],"product_cat":[144],"product_tag":[1428,1429],"class_list":{"0":"post-21096","1":"product","2":"type-product","3":"status-publish","4":"has-post-thumbnail","6":"product_cat-manchester-city-kindertrikot","7":"product_tag-erling-haaland-trikot-kinder-kaufen","8":"product_tag-guenstige-erling-haaland-trikot-kinder","10":"first","11":"instock","12":"shipping-taxable","13":"purchasable","14":"product-type-variable"},"_links":{"self":[{"href":"https:\/\/www.billigtrikotde.com\/sv\/wp-json\/wp\/v2\/product\/21096","targetHints":{"allow":["GET"]}}],"collection":[{"href":"https:\/\/www.billigtrikotde.com\/sv\/wp-json\/wp\/v2\/product"}],"about":[{"href":"https:\/\/www.billigtrikotde.com\/sv\/wp-json\/wp\/v2\/types\/product"}],"replies":[{"embeddable":true,"href":"https:\/\/www.billigtrikotde.com\/sv\/wp-json\/wp\/v2\/comments?post=21096"}],"wp:featuredmedia":[{"embeddable":true,"href":"https:\/\/www.billigtrikotde.com\/sv\/wp-json\/wp\/v2\/media\/21098"}],"wp:attachment":[{"href":"https:\/\/www.billigtrikotde.com\/sv\/wp-json\/wp\/v2\/media?parent=21096"}],"wp:term":[{"taxonomy":"product_brand","embeddable":true,"href":"https:\/\/www.billigtrikotde.com\/sv\/wp-json\/wp\/v2\/product_brand?post=21096"},{"taxonomy":"product_cat","embeddable":true,"href":"https:\/\/www.billigtrikotde.com\/sv\/wp-json\/wp\/v2\/product_cat?post=21096"},{"taxonomy":"product_tag","embeddable":true,"href":"https:\/\/www.billigtrikotde.com\/sv\/wp-json\/wp\/v2\/product_tag?post=21096"}],"curies":[{"name":"wp","href":"https:\/\/api.w.org\/{rel}","templated":true}]}}