{"id":20897,"date":"2025-03-06T14:27:23","date_gmt":"2025-03-06T13:27:23","guid":{"rendered":"https:\/\/www.billigtrikotde.com\/?post_type=product&#038;p=20897"},"modified":"2025-03-06T14:52:29","modified_gmt":"2025-03-06T13:52:29","slug":"billige-trikots-kinder-ac-milan-auswaerts-trikotsatz-2024-25-alvaro-morata-7","status":"publish","type":"product","link":"https:\/\/www.billigtrikotde.com\/sv\/billige-trikots-kinder-ac-milan-auswaerts-trikotsatz-2024-25-alvaro-morata-7\/","title":{"rendered":"Billiga Barntr\u00f6jor AC Milan Bortakit 2024-25 Alvaro Morata 7"},"content":{"rendered":"<p>Den vita bortatr\u00f6jan tar upp den klassiska f\u00e4rgdesignen f\u00f6r AC Milan och presenterar en ny look f\u00f6r s\u00e4songen 24\/25. Den vita tr\u00f6jan har ett diskret m\u00f6nster med vertikala r\u00e4nder. Kragen och \u00e4rmarna \u00e4r f\u00f6rsedda med r\u00f6da och svarta dekorationer, och en svart logga full\u00e4ndar designen. Det finns en silikontryckt AC Milan-emblem och tv\u00e5 v\u00e4rmetransfererade sponsorl\u00f6sningar.<\/p>\n<p>Detta \u00e4r en kort\u00e4rmad, ribbad polotr\u00f6ja f\u00f6r bortamatcher, perfekt f\u00f6r matchdagar och vardag. Tr\u00f6jan finns i vuxenstorlekar S\u20132XL och \u00e4r utformad f\u00f6r optimal komfort p\u00e5 och utanf\u00f6r planen. Denna T-shirt i l\u00e4tt polyester \u00e4r andningsbar och har Duracell:s svettavledande teknologi som h\u00e5ller dig sval och torr.<\/p>\n<p>Tips f\u00f6r utskrift: Om namn och nummer p\u00e5 bilden \u00e4r exakt vad du vill ha, beh\u00f6ver du inte ange dem igen. Om inte, ska du ange \u00f6nskat namn och nummer.<\/p>\n<p>Tips f\u00f6r tv\u00e4tt: Det \u00e4r rekommenderat att tv\u00e4tta fotbollstr\u00f6jor f\u00f6r hand. Om du vill anv\u00e4nda tv\u00e4ttmaskinen ska du komma ih\u00e5g att v\u00e4nda fotbollstr\u00f6jorna ut och in och sedan tv\u00e4tta dem. Fyll maskinen med kallt vatten och anv\u00e4nd ett skonsamt program f\u00f6r att b\u00e4ttre skydda f\u00e4rgerna.<\/p>","protected":false},"excerpt":{"rendered":"<p>Das wei\u00dfe Ausw\u00e4rtstrikot greift das klassische Farbdesign des AC Mailand auf und pr\u00e4sentiert einen neuen Look f\u00fcr die Saison 24\/25. Das wei\u00dfe Trikot weist ein dezentes Muster mit vertikalen Streifen auf. Der Kragen und die Manschetten sind mit roten und schwarzen Verzierungen versehen, und ein schwarzes Logo rundet das Design ab. Es gibt ein mit [&hellip;]<\/p>","protected":false},"featured_media":20899,"comment_status":"open","ping_status":"closed","template":"","meta":[],"product_brand":[],"product_cat":[92],"product_tag":[630,631,93,20,574,1415,24,1416,94],"class_list":{"0":"post-20897","1":"product","2":"type-product","3":"status-publish","4":"has-post-thumbnail","6":"product_cat-ac-mailand-kindertrikot","7":"product_tag-ac-milan-fussballtrikots-kinder","8":"product_tag-ac-milan-trikot-fuer-kinder","9":"product_tag-ac-milan-trikotsatz-fuer-kinder","10":"product_tag-coole-fussballtrikots","11":"product_tag-fussballtrikot-deutschland","12":"product_tag-fussballtrikots-set","13":"product_tag-guenstiges-fussballtrikot","14":"product_tag-kinder-ac-milan-trikot","15":"product_tag-kinder-fussball-trikotsatz","17":"first","18":"instock","19":"shipping-taxable","20":"purchasable","21":"product-type-variable"},"_links":{"self":[{"href":"https:\/\/www.billigtrikotde.com\/sv\/wp-json\/wp\/v2\/product\/20897","targetHints":{"allow":["GET"]}}],"collection":[{"href":"https:\/\/www.billigtrikotde.com\/sv\/wp-json\/wp\/v2\/product"}],"about":[{"href":"https:\/\/www.billigtrikotde.com\/sv\/wp-json\/wp\/v2\/types\/product"}],"replies":[{"embeddable":true,"href":"https:\/\/www.billigtrikotde.com\/sv\/wp-json\/wp\/v2\/comments?post=20897"}],"wp:featuredmedia":[{"embeddable":true,"href":"https:\/\/www.billigtrikotde.com\/sv\/wp-json\/wp\/v2\/media\/20899"}],"wp:attachment":[{"href":"https:\/\/www.billigtrikotde.com\/sv\/wp-json\/wp\/v2\/media?parent=20897"}],"wp:term":[{"taxonomy":"product_brand","embeddable":true,"href":"https:\/\/www.billigtrikotde.com\/sv\/wp-json\/wp\/v2\/product_brand?post=20897"},{"taxonomy":"product_cat","embeddable":true,"href":"https:\/\/www.billigtrikotde.com\/sv\/wp-json\/wp\/v2\/product_cat?post=20897"},{"taxonomy":"product_tag","embeddable":true,"href":"https:\/\/www.billigtrikotde.com\/sv\/wp-json\/wp\/v2\/product_tag?post=20897"}],"curies":[{"name":"wp","href":"https:\/\/api.w.org\/{rel}","templated":true}]}}