{"id":2087,"date":"2024-10-23T13:59:20","date_gmt":"2024-10-23T11:59:20","guid":{"rendered":"http:\/\/billigtrikots.com\/?post_type=product&#038;p=2087"},"modified":"2024-10-23T14:00:52","modified_gmt":"2024-10-23T12:00:52","slug":"inter-mailand-stadium-auswaertstrikot-2022-weiss-blau-mit-aufdruck-young-15","status":"publish","type":"product","link":"https:\/\/www.billigtrikotde.com\/sv\/inter-mailand-stadium-auswaertstrikot-2022-weiss-blau-mit-aufdruck-young-15\/","title":{"rendered":"Inter Milan Stadium bortast\u00e4ll 2022 vitt\/bl\u00e5tt med Young 15-tryck"},"content":{"rendered":"<p>St\u00f6d Nerazzurri med Nike Inter Mailand 21\/22 Stadium Borta-tr\u00f6jan, en fansversion av tr\u00f6jan som b\u00e4rs av proffsen, med en n\u00e5got l\u00f6sare passform.<\/p>\n<p>Den speciellt f\u00f6r fans designade Nike Inter Mailand 21\/22 Stadium Borta-tr\u00f6jan \u00e4r tillverkad av l\u00e4tt Nike Breathe-material som h\u00e5ller dig sval och bekv\u00e4m, oavsett om du f\u00f6ljer dina hj\u00e4ltar under matchen eller hejar p\u00e5 dem fr\u00e5n l\u00e4ktaren.<\/p>\n<p>Inter Mailand 21\/22 Borta-tr\u00f6jan hyllar klubbens nya visuella identitet och erbjuder f\u00f6rutom den nyutformade \u201eIM\u201c-emblemet en handritad Biscione-ormgrafik som p\u00e5minner om den klassiska tr\u00f6jan fr\u00e5n 10\/11 och symboliserar \u00f6verg\u00e5ngen fr\u00e5n en era till en annan.<\/p>\n<p>Tips f\u00f6r utskrift: Om namn och nummer p\u00e5 bilden \u00e4r exakt vad du vill ha, beh\u00f6ver du inte ange dem igen. Om inte, ska du ange \u00f6nskat namn och nummer.<\/p>\n<p>Tips f\u00f6r tv\u00e4tt: Det \u00e4r rekommenderat att tv\u00e4tta fotbollstr\u00f6jor f\u00f6r hand. Om du vill anv\u00e4nda tv\u00e4ttmaskinen ska du komma ih\u00e5g att v\u00e4nda fotbollstr\u00f6jorna ut och in och sedan tv\u00e4tta dem. Fyll maskinen med kallt vatten och anv\u00e4nd ett skonsamt program f\u00f6r att b\u00e4ttre skydda f\u00e4rgerna.<\/p>","protected":false},"excerpt":{"rendered":"<p>St\u00f6d Nerazzurri med Nike Inter Mailand 21\/22 Stadium Borta-tr\u00f6jan, en fanversion av tr\u00f6jan som anv\u00e4nds av proffsen, med en n\u00e5got l\u00f6sare passform. Den speciellt f\u00f6r fans designade Nike Inter Mailand 21\/22 Stadium Borta-tr\u00f6jan best\u00e5r av l\u00e4tt Nike Breathe-material som h\u00e5ller dig sval och bekv\u00e4m, oavsett om du f\u00f6ljer din hj\u00e4lte vid\u2026<\/p>","protected":false},"featured_media":2118,"comment_status":"open","ping_status":"closed","template":"","meta":[],"product_brand":[],"product_cat":[77],"product_tag":[20,21,22,23,24,79,78],"class_list":{"0":"post-2087","1":"product","2":"type-product","3":"status-publish","4":"has-post-thumbnail","6":"product_cat-inter-milan","7":"product_tag-coole-fussballtrikots","8":"product_tag-fussballtrikot-fuer-herren","9":"product_tag-fussballtrikot-guenstig-kaufen","10":"product_tag-fussballtrikot-kurzarm","11":"product_tag-guenstiges-fussballtrikot","12":"product_tag-inter-milan-auswaertstrikot","13":"product_tag-inter-milan-trikots","15":"first","16":"instock","17":"shipping-taxable","18":"purchasable","19":"product-type-variable"},"_links":{"self":[{"href":"https:\/\/www.billigtrikotde.com\/sv\/wp-json\/wp\/v2\/product\/2087","targetHints":{"allow":["GET"]}}],"collection":[{"href":"https:\/\/www.billigtrikotde.com\/sv\/wp-json\/wp\/v2\/product"}],"about":[{"href":"https:\/\/www.billigtrikotde.com\/sv\/wp-json\/wp\/v2\/types\/product"}],"replies":[{"embeddable":true,"href":"https:\/\/www.billigtrikotde.com\/sv\/wp-json\/wp\/v2\/comments?post=2087"}],"wp:featuredmedia":[{"embeddable":true,"href":"https:\/\/www.billigtrikotde.com\/sv\/wp-json\/wp\/v2\/media\/2118"}],"wp:attachment":[{"href":"https:\/\/www.billigtrikotde.com\/sv\/wp-json\/wp\/v2\/media?parent=2087"}],"wp:term":[{"taxonomy":"product_brand","embeddable":true,"href":"https:\/\/www.billigtrikotde.com\/sv\/wp-json\/wp\/v2\/product_brand?post=2087"},{"taxonomy":"product_cat","embeddable":true,"href":"https:\/\/www.billigtrikotde.com\/sv\/wp-json\/wp\/v2\/product_cat?post=2087"},{"taxonomy":"product_tag","embeddable":true,"href":"https:\/\/www.billigtrikotde.com\/sv\/wp-json\/wp\/v2\/product_tag?post=2087"}],"curies":[{"name":"wp","href":"https:\/\/api.w.org\/{rel}","templated":true}]}}