{"id":20841,"date":"2025-03-01T11:18:54","date_gmt":"2025-03-01T10:18:54","guid":{"rendered":"https:\/\/www.billigtrikotde.com\/?post_type=product&#038;p=20841"},"modified":"2025-03-01T11:21:26","modified_gmt":"2025-03-01T10:21:26","slug":"guenstig-kinder-ac-milan-3rd-trikot-2024-25-fussballtrikots-set-malick-thiaw-28","status":"publish","type":"product","link":"https:\/\/www.billigtrikotde.com\/sv\/guenstig-kinder-ac-milan-3rd-trikot-2024-25-fussballtrikots-set-malick-thiaw-28\/","title":{"rendered":"Billiga barn AC Milan 3:e tr\u00f6jan 2024-25 fotbollstr\u00f6jor set Malick Thiaw 28"},"content":{"rendered":"<p>AC Milans tredjetr\u00f6ja f\u00f6r s\u00e4songen 2024\/25 avviker fr\u00e5n det klassiska f\u00e4rgschemat med r\u00f6tt och svart. M\u00f6rkgr\u00e5tt \u00e4r huvudf\u00e4rgen och detaljerna i f\u00e4rskt mintgr\u00f6nt, inklusive det monokroma klubbm\u00e4rket, manschetterna och kragen, \u00e4r i f\u00e4rskt mintgr\u00f6nt. Dessutom ger detaljerna i druvdimma p\u00e5 kragen en subtil och sofistikerad touch och \u00e5terspeglar den fram\u00e5tblickande andan i Milano.<\/p>\n<p>Tips f\u00f6r utskrift: Om namn och nummer p\u00e5 bilden \u00e4r exakt vad du vill ha, beh\u00f6ver du inte ange dem igen. Om inte, ska du ange \u00f6nskat namn och nummer.<\/p>\n<p>Tips f\u00f6r tv\u00e4tt: Det \u00e4r rekommenderat att tv\u00e4tta fotbollstr\u00f6jor f\u00f6r hand. Om du vill anv\u00e4nda tv\u00e4ttmaskinen ska du komma ih\u00e5g att v\u00e4nda fotbollstr\u00f6jorna ut och in och sedan tv\u00e4tta dem. Fyll maskinen med kallt vatten och anv\u00e4nd ett skonsamt program f\u00f6r att b\u00e4ttre skydda f\u00e4rgerna.<\/p>","protected":false},"excerpt":{"rendered":"<p>Das dritte Trikot des AC Mailand f\u00fcr die Saison 2024\/25 weicht vom klassischen Farbschema aus Rot und Schwarz ab. Dunkelgrau ist die Hauptfarbe und die Details in frischem Mintgr\u00fcn, darunter das einfarbige Vereinsabzeichen, die Manschetten und der Kragen, sind in frischem Mintgr\u00fcn gehalten. Dar\u00fcber hinaus verleihen die Details in Grape Mist am Kragen eine subtile [&hellip;]<\/p>","protected":false},"featured_media":20843,"comment_status":"open","ping_status":"closed","template":"","meta":[],"product_brand":[],"product_cat":[92],"product_tag":[630,631,93,20,574,1415,24,1416,94,1419],"class_list":{"0":"post-20841","1":"product","2":"type-product","3":"status-publish","4":"has-post-thumbnail","6":"product_cat-ac-mailand-kindertrikot","7":"product_tag-ac-milan-fussballtrikots-kinder","8":"product_tag-ac-milan-trikot-fuer-kinder","9":"product_tag-ac-milan-trikotsatz-fuer-kinder","10":"product_tag-coole-fussballtrikots","11":"product_tag-fussballtrikot-deutschland","12":"product_tag-fussballtrikots-set","13":"product_tag-guenstiges-fussballtrikot","14":"product_tag-kinder-ac-milan-trikot","15":"product_tag-kinder-fussball-trikotsatz","16":"product_tag-malick-thiaw-trikot","18":"first","19":"instock","20":"shipping-taxable","21":"purchasable","22":"product-type-variable"},"_links":{"self":[{"href":"https:\/\/www.billigtrikotde.com\/sv\/wp-json\/wp\/v2\/product\/20841","targetHints":{"allow":["GET"]}}],"collection":[{"href":"https:\/\/www.billigtrikotde.com\/sv\/wp-json\/wp\/v2\/product"}],"about":[{"href":"https:\/\/www.billigtrikotde.com\/sv\/wp-json\/wp\/v2\/types\/product"}],"replies":[{"embeddable":true,"href":"https:\/\/www.billigtrikotde.com\/sv\/wp-json\/wp\/v2\/comments?post=20841"}],"wp:featuredmedia":[{"embeddable":true,"href":"https:\/\/www.billigtrikotde.com\/sv\/wp-json\/wp\/v2\/media\/20843"}],"wp:attachment":[{"href":"https:\/\/www.billigtrikotde.com\/sv\/wp-json\/wp\/v2\/media?parent=20841"}],"wp:term":[{"taxonomy":"product_brand","embeddable":true,"href":"https:\/\/www.billigtrikotde.com\/sv\/wp-json\/wp\/v2\/product_brand?post=20841"},{"taxonomy":"product_cat","embeddable":true,"href":"https:\/\/www.billigtrikotde.com\/sv\/wp-json\/wp\/v2\/product_cat?post=20841"},{"taxonomy":"product_tag","embeddable":true,"href":"https:\/\/www.billigtrikotde.com\/sv\/wp-json\/wp\/v2\/product_tag?post=20841"}],"curies":[{"name":"wp","href":"https:\/\/api.w.org\/{rel}","templated":true}]}}