{"id":20811,"date":"2025-02-21T14:01:42","date_gmt":"2025-02-21T13:01:42","guid":{"rendered":"https:\/\/www.billigtrikotde.com\/?post_type=product&#038;p=20811"},"modified":"2025-04-16T09:50:42","modified_gmt":"2025-04-16T07:50:42","slug":"billige-trikots-kinder-chelsea-auswaerts-trikotsatz-2024-25-cole-palmer-20","status":"publish","type":"product","link":"https:\/\/www.billigtrikotde.com\/sv\/billige-trikots-kinder-chelsea-auswaerts-trikotsatz-2024-25-cole-palmer-20\/","title":{"rendered":"Billiga Tr\u00f6jor Barn Chelsea Bortast\u00e4ll 2024-25 Cole Palmer 20"},"content":{"rendered":"<p>Temat \"Blue Blame\" p\u00e5 denna Chelsea FC 24\/25 hemmatr\u00f6ja \u00e5terges ocks\u00e5 p\u00e5 bortatr\u00f6jan, vilket betonar klubbens gemensamma ambition, brinnande passion och beslutsamhet att lyckas. Den sl\u00e5ende orange accentf\u00e4rgen symboliserar eld och representerar den gemensamma drivkraften hos alla som \u00e4r associerade med Chelsea, b\u00e5de p\u00e5 och utanf\u00f6r planen. Sloganen \"Together, We Burn Blue\" sammanfattar detta etos och \u00e5terspeglar den enighet och intensitet som klubben str\u00e4var efter att ta med sig till den nya s\u00e4songen.Chelsea away kit 2024\/25 har ett skr\u00e4ddarsytt vapen som lyfter fram de orange tonerna fr\u00e5n klubbens tidigare kit p\u00e5 ett modernt s\u00e4tt. Detta skr\u00e4ddarsydda element understryker klubbens engagemang f\u00f6r innovation och respekt f\u00f6r sitt arv.<\/p>\n<p>Tips f\u00f6r utskrift: Om namn och nummer p\u00e5 bilden \u00e4r exakt vad du vill ha, beh\u00f6ver du inte ange dem igen. Om inte, ska du ange \u00f6nskat namn och nummer.<\/p>\n<p>Tips f\u00f6r tv\u00e4tt: Det \u00e4r rekommenderat att tv\u00e4tta fotbollstr\u00f6jor f\u00f6r hand. Om du vill anv\u00e4nda tv\u00e4ttmaskinen ska du komma ih\u00e5g att v\u00e4nda fotbollstr\u00f6jorna ut och in och sedan tv\u00e4tta dem. Fyll maskinen med kallt vatten och anv\u00e4nd ett skonsamt program f\u00f6r att b\u00e4ttre skydda f\u00e4rgerna.<\/p>","protected":false},"excerpt":{"rendered":"<p>Das \u201eBlue Blame\u201c-Thema dieses Chelsea Heimtrikots 24\/25 des wird auch auf dem Ausw\u00e4rtstrikot wiedergegeben und unterstreicht den gemeinsamen Ehrgeiz, die brennende Leidenschaft und die Entschlossenheit des Vereins, erfolgreich zu sein. Die auff\u00e4llige orange Akzentfarbe symbolisiert Feuer und repr\u00e4sentiert den gemeinsamen Antrieb aller, die mit Chelsea verbunden sind, sowohl auf als auch neben dem Spielfeld. Der [&hellip;]<\/p>","protected":false},"featured_media":20813,"comment_status":"open","ping_status":"closed","template":"","meta":[],"product_brand":[],"product_cat":[162],"product_tag":[20,1280,831,832,163,1221,24,94],"class_list":{"0":"post-20811","1":"product","2":"type-product","3":"status-publish","4":"has-post-thumbnail","6":"product_cat-chelsea-kindertrikot","7":"product_tag-coole-fussballtrikots","8":"product_tag-chelsea-fc-24-25-trikot","9":"product_tag-chelsea-fussballtrikots-kinder","10":"product_tag-chelsea-trikot-fuer-kinder","11":"product_tag-chelsea-trikotsatz-fuer-kinder","12":"product_tag-cole-palmer-trikots","13":"product_tag-guenstiges-fussballtrikot","14":"product_tag-kinder-fussball-trikotsatz","16":"first","17":"instock","18":"shipping-taxable","19":"purchasable","20":"product-type-variable"},"_links":{"self":[{"href":"https:\/\/www.billigtrikotde.com\/sv\/wp-json\/wp\/v2\/product\/20811","targetHints":{"allow":["GET"]}}],"collection":[{"href":"https:\/\/www.billigtrikotde.com\/sv\/wp-json\/wp\/v2\/product"}],"about":[{"href":"https:\/\/www.billigtrikotde.com\/sv\/wp-json\/wp\/v2\/types\/product"}],"replies":[{"embeddable":true,"href":"https:\/\/www.billigtrikotde.com\/sv\/wp-json\/wp\/v2\/comments?post=20811"}],"wp:featuredmedia":[{"embeddable":true,"href":"https:\/\/www.billigtrikotde.com\/sv\/wp-json\/wp\/v2\/media\/20813"}],"wp:attachment":[{"href":"https:\/\/www.billigtrikotde.com\/sv\/wp-json\/wp\/v2\/media?parent=20811"}],"wp:term":[{"taxonomy":"product_brand","embeddable":true,"href":"https:\/\/www.billigtrikotde.com\/sv\/wp-json\/wp\/v2\/product_brand?post=20811"},{"taxonomy":"product_cat","embeddable":true,"href":"https:\/\/www.billigtrikotde.com\/sv\/wp-json\/wp\/v2\/product_cat?post=20811"},{"taxonomy":"product_tag","embeddable":true,"href":"https:\/\/www.billigtrikotde.com\/sv\/wp-json\/wp\/v2\/product_tag?post=20811"}],"curies":[{"name":"wp","href":"https:\/\/api.w.org\/{rel}","templated":true}]}}