{"id":20721,"date":"2025-01-29T05:48:39","date_gmt":"2025-01-29T04:48:39","guid":{"rendered":"https:\/\/www.billigtrikotde.com\/?post_type=product&#038;p=20721"},"modified":"2025-03-01T09:23:07","modified_gmt":"2025-03-01T08:23:07","slug":"kinder-trikot-billig-tottenham-hotspur-ausweich-trikotsatz-2024-25","status":"publish","type":"product","link":"https:\/\/www.billigtrikotde.com\/sv\/kinder-trikot-billig-tottenham-hotspur-ausweich-trikotsatz-2024-25\/","title":{"rendered":"Barntr\u00f6ja Billiga Tottenham Hotspur 2024-25"},"content":{"rendered":"<p>Designen p\u00e5 Tottenham Hotspurs tredjetr\u00f6ja \u00e4r subtilt inspirerad av de sju almar som har st\u00e5tt i South Tottenham i \u00e5rhundraden. Dessa tr\u00e4d har fascinerat lokalbefolkningen i generationer och \u00e4r djupt rotade i folklore. Enligt legenden planterades de ursprungliga almarna p\u00e5 1300-talet av sju systrar i en lokal familj, vilket ger omr\u00e5dets historia en mystisk pr\u00e4gel.<\/p>\n<p>Genom att inf\u00f6rliva element fr\u00e5n denna lokala legend i tr\u00f6jans design vill Tottenham Hotspur visa att man \u00e4r fast besluten att uppr\u00e4tth\u00e5lla sina band till samh\u00e4llet. M\u00f6nstret p\u00e5 det gr\u00f6na tyget fungerar som en visuell representation av klubbens djupt rotade koppling till sitt postnummer N17 och det omgivande omr\u00e5det som har varit dess hem i \u00f6ver ett sekel.<\/p>","protected":false},"excerpt":{"rendered":"<p>Das Design des dritten Trikots der Kinder Trikot Billig Tottenham Hotspur ist subtil inspiriert von den sieben Ulmen, die seit Jahrhunderten in South Tottenham stehen. Diese B\u00e4ume faszinieren die Anwohner seit Generationen und sind tief in der Folklore verwurzelt. Der Legende nach wurden die urspr\u00fcnglichen Ulmen im 14. Jahrhundert von sieben Schwestern einer einheimischen Familie [&hellip;]<\/p>","protected":false},"featured_media":20723,"comment_status":"open","ping_status":"closed","template":"","meta":[],"product_brand":[],"product_cat":[102],"product_tag":[20,574,24,94,1404,652,104,105],"class_list":{"0":"post-20721","1":"product","2":"type-product","3":"status-publish","4":"has-post-thumbnail","6":"product_cat-tottenham-hotspur-kindertrikot","7":"product_tag-coole-fussballtrikots","8":"product_tag-fussballtrikot-deutschland","9":"product_tag-guenstiges-fussballtrikot","10":"product_tag-kinder-fussball-trikotsatz","11":"product_tag-kinder-trikot-billig-tottenham-hotspur","12":"product_tag-tottenham-hotspur-fussballtrikot","13":"product_tag-tottenham-hotspur-trikots","14":"product_tag-tottenham-hotspur-trikotsatz-fuer-kinder","16":"first","17":"instock","18":"shipping-taxable","19":"purchasable","20":"product-type-variable"},"_links":{"self":[{"href":"https:\/\/www.billigtrikotde.com\/sv\/wp-json\/wp\/v2\/product\/20721","targetHints":{"allow":["GET"]}}],"collection":[{"href":"https:\/\/www.billigtrikotde.com\/sv\/wp-json\/wp\/v2\/product"}],"about":[{"href":"https:\/\/www.billigtrikotde.com\/sv\/wp-json\/wp\/v2\/types\/product"}],"replies":[{"embeddable":true,"href":"https:\/\/www.billigtrikotde.com\/sv\/wp-json\/wp\/v2\/comments?post=20721"}],"wp:featuredmedia":[{"embeddable":true,"href":"https:\/\/www.billigtrikotde.com\/sv\/wp-json\/wp\/v2\/media\/20723"}],"wp:attachment":[{"href":"https:\/\/www.billigtrikotde.com\/sv\/wp-json\/wp\/v2\/media?parent=20721"}],"wp:term":[{"taxonomy":"product_brand","embeddable":true,"href":"https:\/\/www.billigtrikotde.com\/sv\/wp-json\/wp\/v2\/product_brand?post=20721"},{"taxonomy":"product_cat","embeddable":true,"href":"https:\/\/www.billigtrikotde.com\/sv\/wp-json\/wp\/v2\/product_cat?post=20721"},{"taxonomy":"product_tag","embeddable":true,"href":"https:\/\/www.billigtrikotde.com\/sv\/wp-json\/wp\/v2\/product_tag?post=20721"}],"curies":[{"name":"wp","href":"https:\/\/api.w.org\/{rel}","templated":true}]}}