{"id":20700,"date":"2025-01-29T04:53:02","date_gmt":"2025-01-29T03:53:02","guid":{"rendered":"https:\/\/www.billigtrikotde.com\/?post_type=product&#038;p=20700"},"modified":"2025-02-08T15:17:34","modified_gmt":"2025-02-08T14:17:34","slug":"kinder-fussballtrikots-tottenham-hotspur-heim-trikotsatz-2024-25-archie-gray-14","status":"publish","type":"product","link":"https:\/\/www.billigtrikotde.com\/sv\/kinder-fussballtrikots-tottenham-hotspur-heim-trikotsatz-2024-25-archie-gray-14\/","title":{"rendered":"Fotbollstr\u00f6jor f\u00f6r barn Tottenham Hotspur Home Kit 2024-25 Archie Gray 14"},"content":{"rendered":"<p>Designen av den prisv\u00e4rda Tottenham Hotspur 24\/25 hemmatr\u00f6jan visar genomg\u00e5ende marinbl\u00e5 \u00e4rmar som \u00e5terv\u00e4nder till den vita \u201eLilywhite\u201c-tr\u00f6jan. Denna design hyllar de ikoniska f\u00e4rgerna f\u00f6r den norra Londonsklubben.<\/p>\n<p>Tr\u00f6jan har en ny rundhalsdesign fr\u00e5n Soccer och randiga \u00e4rmb\u00fcnd. Alla detaljer p\u00e5 tr\u00f6jan \u00e4r i Tottenhams traditionella marinbl\u00e5a accenter och passar till de m\u00f6rkbl\u00e5 shortsen och vita strumpor f\u00f6r en klassisk Spurs-look.<\/p>\n<p>Tips f\u00f6r utskrift: Om namn och nummer p\u00e5 bilden \u00e4r exakt vad du vill ha, beh\u00f6ver du inte ange dem igen. Om inte, ska du ange \u00f6nskat namn och nummer.<\/p>\n<p>Tips f\u00f6r tv\u00e4tt: Det \u00e4r rekommenderat att tv\u00e4tta fotbollstr\u00f6jor f\u00f6r hand. Om du vill anv\u00e4nda tv\u00e4ttmaskinen ska du komma ih\u00e5g att v\u00e4nda fotbollstr\u00f6jorna ut och in och sedan tv\u00e4tta dem. Fyll maskinen med kallt vatten och anv\u00e4nd ett skonsamt program f\u00f6r att b\u00e4ttre skydda f\u00e4rgerna.<\/p>","protected":false},"excerpt":{"rendered":"<p>Designen p\u00e5 den prisv\u00e4rda Tottenham Hotspur 24\/25 hemmatr\u00f6jan visar kontinuerligt marinf\u00e4rgade \u00e4rmar som \u00e5terv\u00e4nder till den vita \u201eLilywhite\u201c-tr\u00f6jan. Denna design firar klubbens ikoniska f\u00e4rger fr\u00e5n nordv\u00e4stra London. Tr\u00f6jan har en ny rundhalsdesign fr\u00e5n Soccer och n\u00e4mndstrippade \u00e4rmband. Alla detaljer p\u00e5 tr\u00f6jan h\u00e5lls i Tottenhams traditionella marinbl\u00e5a accenter och passar till de m\u00f6rkbl\u00e5 shortsen och [\u2026]<\/p>","protected":false},"featured_media":20702,"comment_status":"open","ping_status":"closed","template":"","meta":[],"product_brand":[],"product_cat":[102],"product_tag":[1400,20,574,24,94,652,104,105],"class_list":{"0":"post-20700","1":"product","2":"type-product","3":"status-publish","4":"has-post-thumbnail","6":"product_cat-tottenham-hotspur-kindertrikot","7":"product_tag-archie-gray-trikots","8":"product_tag-coole-fussballtrikots","9":"product_tag-fussballtrikot-deutschland","10":"product_tag-guenstiges-fussballtrikot","11":"product_tag-kinder-fussball-trikotsatz","12":"product_tag-tottenham-hotspur-fussballtrikot","13":"product_tag-tottenham-hotspur-trikots","14":"product_tag-tottenham-hotspur-trikotsatz-fuer-kinder","16":"first","17":"instock","18":"shipping-taxable","19":"purchasable","20":"product-type-variable"},"_links":{"self":[{"href":"https:\/\/www.billigtrikotde.com\/sv\/wp-json\/wp\/v2\/product\/20700","targetHints":{"allow":["GET"]}}],"collection":[{"href":"https:\/\/www.billigtrikotde.com\/sv\/wp-json\/wp\/v2\/product"}],"about":[{"href":"https:\/\/www.billigtrikotde.com\/sv\/wp-json\/wp\/v2\/types\/product"}],"replies":[{"embeddable":true,"href":"https:\/\/www.billigtrikotde.com\/sv\/wp-json\/wp\/v2\/comments?post=20700"}],"wp:featuredmedia":[{"embeddable":true,"href":"https:\/\/www.billigtrikotde.com\/sv\/wp-json\/wp\/v2\/media\/20702"}],"wp:attachment":[{"href":"https:\/\/www.billigtrikotde.com\/sv\/wp-json\/wp\/v2\/media?parent=20700"}],"wp:term":[{"taxonomy":"product_brand","embeddable":true,"href":"https:\/\/www.billigtrikotde.com\/sv\/wp-json\/wp\/v2\/product_brand?post=20700"},{"taxonomy":"product_cat","embeddable":true,"href":"https:\/\/www.billigtrikotde.com\/sv\/wp-json\/wp\/v2\/product_cat?post=20700"},{"taxonomy":"product_tag","embeddable":true,"href":"https:\/\/www.billigtrikotde.com\/sv\/wp-json\/wp\/v2\/product_tag?post=20700"}],"curies":[{"name":"wp","href":"https:\/\/api.w.org\/{rel}","templated":true}]}}