{"id":20662,"date":"2025-01-24T08:36:18","date_gmt":"2025-01-24T07:36:18","guid":{"rendered":"https:\/\/www.billigtrikotde.com\/?post_type=product&#038;p=20662"},"modified":"2025-03-01T09:14:12","modified_gmt":"2025-03-01T08:14:12","slug":"fc-barcelona-ausweich-trikotsatz-2024-25-fussballtrikots-fuer-kinder","status":"publish","type":"product","link":"https:\/\/www.billigtrikotde.com\/sv\/fc-barcelona-ausweich-trikotsatz-2024-25-fussballtrikots-fuer-kinder\/","title":{"rendered":"FC Barcelona 2024-25 Fotbollskit f\u00f6r barn"},"content":{"rendered":"<p>Den prisv\u00e4rda tredjetr\u00f6jan Bar\u00e7a 2024-25 imponerar med sitt moderna f\u00e4rgschema. Den kombinerar en ljus voltf\u00e4rg med bl\u00e5tt f\u00f6r logotyper och applikationer. De officiella f\u00e4rgerna \u00e4r \"Barely Volt \/ Old Royal\" och Bar\u00e7a 2024-2025 tredjetr\u00f6ja \u00e4r designad med en kvinnlig k\u00f6nssymbol - en hermafrodit, en cirkel \u00f6ver ett kors.<\/p>\n<p>Liksom alla andra tr\u00f6jor f\u00f6r s\u00e4songen 2024-2025 har Barcelonas tr\u00f6ja 24-25 ocks\u00e5 en swoosh p\u00e5 huvudet. Vapnet finns p\u00e5 v\u00e4nster sida i en enf\u00e4rgad, bl\u00e5kantad voltversion.<\/p>\n<p>Tips f\u00f6r utskrift: Om namn och nummer p\u00e5 bilden \u00e4r exakt vad du vill ha, beh\u00f6ver du inte ange dem igen. Om inte, ska du ange \u00f6nskat namn och nummer.<\/p>\n<p>Tips f\u00f6r tv\u00e4tt: Det \u00e4r rekommenderat att tv\u00e4tta fotbollstr\u00f6jor f\u00f6r hand. Om du vill anv\u00e4nda tv\u00e4ttmaskinen ska du komma ih\u00e5g att v\u00e4nda fotbollstr\u00f6jorna ut och in och sedan tv\u00e4tta dem. Fyll maskinen med kallt vatten och anv\u00e4nd ett skonsamt program f\u00f6r att b\u00e4ttre skydda f\u00e4rgerna.<\/p>","protected":false},"excerpt":{"rendered":"<p>Den prisv\u00e4rda Bar\u00e7a 2024-25:s tredje tr\u00f6ja utm\u00e4rker sig genom ett modernt f\u00e4rgschema. Den kombinerar en ljus Volt med Bl\u00e5 f\u00e4rger f\u00f6r logotyper och applikationer. Officiellt lyder f\u00e4rgerna \u201eBarely Volt \/ Old Royal\u201c. Bar\u00e7a 2024-2025:s tredje tr\u00f6ja \u00e4r utformad med ett k\u00f6nsorganssymbol f\u00f6r kvinnor \u2013 en hermafrodit, en cirkel \u00f6ver ett kors. Precis som alla andra tr\u00f6jorna i s\u00e4songen [\u2026]<\/p>","protected":false},"featured_media":20664,"comment_status":"open","ping_status":"closed","template":"","meta":[],"product_brand":[],"product_cat":[146],"product_tag":[20,33,1261,22,24],"class_list":{"0":"post-20662","1":"product","2":"type-product","3":"status-publish","4":"has-post-thumbnail","6":"product_cat-barcelona-kindertrikot","7":"product_tag-coole-fussballtrikots","8":"product_tag-fc-barcelona-trikots","9":"product_tag-fussballtrikot-fuer-kinder","10":"product_tag-fussballtrikot-guenstig-kaufen","11":"product_tag-guenstiges-fussballtrikot","13":"first","14":"instock","15":"shipping-taxable","16":"purchasable","17":"product-type-variable"},"_links":{"self":[{"href":"https:\/\/www.billigtrikotde.com\/sv\/wp-json\/wp\/v2\/product\/20662","targetHints":{"allow":["GET"]}}],"collection":[{"href":"https:\/\/www.billigtrikotde.com\/sv\/wp-json\/wp\/v2\/product"}],"about":[{"href":"https:\/\/www.billigtrikotde.com\/sv\/wp-json\/wp\/v2\/types\/product"}],"replies":[{"embeddable":true,"href":"https:\/\/www.billigtrikotde.com\/sv\/wp-json\/wp\/v2\/comments?post=20662"}],"wp:featuredmedia":[{"embeddable":true,"href":"https:\/\/www.billigtrikotde.com\/sv\/wp-json\/wp\/v2\/media\/20664"}],"wp:attachment":[{"href":"https:\/\/www.billigtrikotde.com\/sv\/wp-json\/wp\/v2\/media?parent=20662"}],"wp:term":[{"taxonomy":"product_brand","embeddable":true,"href":"https:\/\/www.billigtrikotde.com\/sv\/wp-json\/wp\/v2\/product_brand?post=20662"},{"taxonomy":"product_cat","embeddable":true,"href":"https:\/\/www.billigtrikotde.com\/sv\/wp-json\/wp\/v2\/product_cat?post=20662"},{"taxonomy":"product_tag","embeddable":true,"href":"https:\/\/www.billigtrikotde.com\/sv\/wp-json\/wp\/v2\/product_tag?post=20662"}],"curies":[{"name":"wp","href":"https:\/\/api.w.org\/{rel}","templated":true}]}}