{"id":20573,"date":"2025-01-10T14:55:49","date_gmt":"2025-01-10T13:55:49","guid":{"rendered":"https:\/\/www.billigtrikotde.com\/?post_type=product&#038;p=20573"},"modified":"2025-02-01T15:58:52","modified_gmt":"2025-02-01T14:58:52","slug":"fussballtrikots-kaufen-kinder-real-madrid-auswaerts-trikotsatz-2024-2025-personalisierbar","status":"publish","type":"product","link":"https:\/\/www.billigtrikotde.com\/sv\/fussballtrikots-kaufen-kinder-real-madrid-auswaerts-trikotsatz-2024-2025-personalisierbar\/","title":{"rendered":"Fotbollstr\u00f6jor K\u00f6p Barn Real Madrid Bortaset 2024-2025 Anpassningsbar"},"content":{"rendered":"<p>Den prisv\u00e4rda Real Madrid 24-25 bortatr\u00f6jan p\u00e5minner om tredjetr\u00f6jan fr\u00e5n 2013-2014 n\u00e4r det g\u00e4ller f\u00e4rg. Den \u00e4r \u00f6verv\u00e4gande ljusorange med svarta applikationer. Kragen har vita detaljer. F\u00e4rgen p\u00e5 Real Madrid 24-25 bortatr\u00f6ja p\u00e5minner om tredjetr\u00f6jan fr\u00e5n s\u00e4songen 2013-2014. Under s\u00e4songen 2013-2014 uppn\u00e5dde Madrid sin Decima-dr\u00f6m, den 10:e Champions League-titeln.<\/p>\n<p>Tips f\u00f6r utskrift: Om namn och nummer p\u00e5 bilden \u00e4r exakt vad du vill ha, beh\u00f6ver du inte ange dem igen. Om inte, ska du ange \u00f6nskat namn och nummer.<\/p>\n<p>Tips f\u00f6r tv\u00e4tt: Det \u00e4r rekommenderat att tv\u00e4tta fotbollstr\u00f6jor f\u00f6r hand. Om du vill anv\u00e4nda tv\u00e4ttmaskinen ska du komma ih\u00e5g att v\u00e4nda fotbollstr\u00f6jorna ut och in och sedan tv\u00e4tta dem. Fyll maskinen med kallt vatten och anv\u00e4nd ett skonsamt program f\u00f6r att b\u00e4ttre skydda f\u00e4rgerna.<\/p>","protected":false},"excerpt":{"rendered":"<p>Den prisv\u00e4rda Real Madrid 24-25 bortatr\u00f6jan p\u00e5minner om tredjetr\u00f6jan fr\u00e5n 2013-2014 n\u00e4r det g\u00e4ller f\u00e4rg. Den \u00e4r \u00f6verv\u00e4gande ljusorange med svarta applikationer. Kragen har vita detaljer. F\u00e4rgen p\u00e5 Real Madrid 24-25 bortatr\u00f6ja p\u00e5minner om tredjetr\u00f6jan fr\u00e5n s\u00e4songen 2013-2014. Under s\u00e4songen 2013-2014 uppn\u00e5dde Madrid sin Decima-dr\u00f6m, den 10:e Champions League-titeln.<\/p>","protected":false},"featured_media":20563,"comment_status":"open","ping_status":"closed","template":"","meta":[],"product_brand":[],"product_cat":[165],"product_tag":[20,574,24,94,879,880,47,166],"class_list":{"0":"post-20573","1":"product","2":"type-product","3":"status-publish","4":"has-post-thumbnail","6":"product_cat-real-madrid-kindertrikot","7":"product_tag-coole-fussballtrikots","8":"product_tag-fussballtrikot-deutschland","9":"product_tag-guenstiges-fussballtrikot","10":"product_tag-kinder-fussball-trikotsatz","11":"product_tag-real-madrid-fussballtrikots-kinder","12":"product_tag-real-madrid-trikot-fuer-kinder","13":"product_tag-real-madrid-trikots","14":"product_tag-real-madrid-trikotsatz-fuer-kinder","16":"first","17":"instock","18":"shipping-taxable","19":"purchasable","20":"product-type-variable"},"_links":{"self":[{"href":"https:\/\/www.billigtrikotde.com\/sv\/wp-json\/wp\/v2\/product\/20573","targetHints":{"allow":["GET"]}}],"collection":[{"href":"https:\/\/www.billigtrikotde.com\/sv\/wp-json\/wp\/v2\/product"}],"about":[{"href":"https:\/\/www.billigtrikotde.com\/sv\/wp-json\/wp\/v2\/types\/product"}],"replies":[{"embeddable":true,"href":"https:\/\/www.billigtrikotde.com\/sv\/wp-json\/wp\/v2\/comments?post=20573"}],"wp:featuredmedia":[{"embeddable":true,"href":"https:\/\/www.billigtrikotde.com\/sv\/wp-json\/wp\/v2\/media\/20563"}],"wp:attachment":[{"href":"https:\/\/www.billigtrikotde.com\/sv\/wp-json\/wp\/v2\/media?parent=20573"}],"wp:term":[{"taxonomy":"product_brand","embeddable":true,"href":"https:\/\/www.billigtrikotde.com\/sv\/wp-json\/wp\/v2\/product_brand?post=20573"},{"taxonomy":"product_cat","embeddable":true,"href":"https:\/\/www.billigtrikotde.com\/sv\/wp-json\/wp\/v2\/product_cat?post=20573"},{"taxonomy":"product_tag","embeddable":true,"href":"https:\/\/www.billigtrikotde.com\/sv\/wp-json\/wp\/v2\/product_tag?post=20573"}],"curies":[{"name":"wp","href":"https:\/\/api.w.org\/{rel}","templated":true}]}}