{"id":20541,"date":"2025-01-07T09:34:10","date_gmt":"2025-01-07T08:34:10","guid":{"rendered":"https:\/\/www.billigtrikotde.com\/?post_type=product&#038;p=20541"},"modified":"2025-02-01T15:58:01","modified_gmt":"2025-02-01T14:58:01","slug":"kinder-fussballtrikots-real-madrid-heim-trikotsatz-2024-25-weiss-jude-bellingham-5","status":"publish","type":"product","link":"https:\/\/www.billigtrikotde.com\/sv\/kinder-fussballtrikots-real-madrid-heim-trikotsatz-2024-25-weiss-jude-bellingham-5\/","title":{"rendered":"Fotbollstr\u00f6jor f\u00f6r barn Real Madrid Hemmast\u00e4ll 2024-25 Vit Jude Bellingham 5"},"content":{"rendered":"<p>Real Madrid Club de F\u00fatbol 2024-25 tr\u00f6jan har lagets traditionella vita f\u00e4rg kombinerat med svart f\u00f6r de tre r\u00e4nderna. Real Madrid 2024-2025-tr\u00f6jan v\u00e4cker minnen av tr\u00f6jorna fr\u00e5n b\u00f6rjan av 2000-talet tack vare den klassiska f\u00e4rgkombinationen och den enkla designen, och hela tr\u00f6jan har ett hundtandsm\u00f6nster som f\u00f6rmedlar en modern atmosf\u00e4r. Tr\u00f6jan har sofistikerade svarta detaljer och m\u00e4rket i fullf\u00e4rg f\u00e5ngar omedelbart \u00f6gat n\u00e4r du kliver in p\u00e5 planen.<\/p>\n<p>Tips f\u00f6r utskrift: Om namn och nummer p\u00e5 bilden \u00e4r exakt vad du vill ha, beh\u00f6ver du inte ange dem igen. Om inte, ska du ange \u00f6nskat namn och nummer.<\/p>\n<p>Tips f\u00f6r tv\u00e4tt: Det \u00e4r rekommenderat att tv\u00e4tta fotbollstr\u00f6jor f\u00f6r hand. Om du vill anv\u00e4nda tv\u00e4ttmaskinen ska du komma ih\u00e5g att v\u00e4nda fotbollstr\u00f6jorna ut och in och sedan tv\u00e4tta dem. Fyll maskinen med kallt vatten och anv\u00e4nd ett skonsamt program f\u00f6r att b\u00e4ttre skydda f\u00e4rgerna.<\/p>","protected":false},"excerpt":{"rendered":"<p>Das Real Madrid Club de F\u00fatbol 2024-25 Trikot hat die traditionelle wei\u00dfe Farbe der Mannschaft kombiniert mit Schwarz f\u00fcr die Drei Streifen. Das Real Madrid 2024-2025 Trikot weckt dank der klassischen Farbkombination und des schlichten Designs Erinnerungen an die Trikots der fr\u00fchen 2000er Jahre.Das gesamte Trikot weist ein Hahnentrittmuster auf, das eine modische Atmosph\u00e4re vermittelt. [&hellip;]<\/p>","protected":false},"featured_media":20543,"comment_status":"open","ping_status":"closed","template":"","meta":[],"product_brand":[],"product_cat":[165],"product_tag":[20,574,24,1255,94,879,880,47,166],"class_list":{"0":"post-20541","1":"product","2":"type-product","3":"status-publish","4":"has-post-thumbnail","6":"product_cat-real-madrid-kindertrikot","7":"product_tag-coole-fussballtrikots","8":"product_tag-fussballtrikot-deutschland","9":"product_tag-guenstiges-fussballtrikot","10":"product_tag-jude-bellingham-trikots","11":"product_tag-kinder-fussball-trikotsatz","12":"product_tag-real-madrid-fussballtrikots-kinder","13":"product_tag-real-madrid-trikot-fuer-kinder","14":"product_tag-real-madrid-trikots","15":"product_tag-real-madrid-trikotsatz-fuer-kinder","17":"first","18":"instock","19":"shipping-taxable","20":"purchasable","21":"product-type-variable"},"_links":{"self":[{"href":"https:\/\/www.billigtrikotde.com\/sv\/wp-json\/wp\/v2\/product\/20541","targetHints":{"allow":["GET"]}}],"collection":[{"href":"https:\/\/www.billigtrikotde.com\/sv\/wp-json\/wp\/v2\/product"}],"about":[{"href":"https:\/\/www.billigtrikotde.com\/sv\/wp-json\/wp\/v2\/types\/product"}],"replies":[{"embeddable":true,"href":"https:\/\/www.billigtrikotde.com\/sv\/wp-json\/wp\/v2\/comments?post=20541"}],"wp:featuredmedia":[{"embeddable":true,"href":"https:\/\/www.billigtrikotde.com\/sv\/wp-json\/wp\/v2\/media\/20543"}],"wp:attachment":[{"href":"https:\/\/www.billigtrikotde.com\/sv\/wp-json\/wp\/v2\/media?parent=20541"}],"wp:term":[{"taxonomy":"product_brand","embeddable":true,"href":"https:\/\/www.billigtrikotde.com\/sv\/wp-json\/wp\/v2\/product_brand?post=20541"},{"taxonomy":"product_cat","embeddable":true,"href":"https:\/\/www.billigtrikotde.com\/sv\/wp-json\/wp\/v2\/product_cat?post=20541"},{"taxonomy":"product_tag","embeddable":true,"href":"https:\/\/www.billigtrikotde.com\/sv\/wp-json\/wp\/v2\/product_tag?post=20541"}],"curies":[{"name":"wp","href":"https:\/\/api.w.org\/{rel}","templated":true}]}}