{"id":20520,"date":"2025-01-07T07:51:51","date_gmt":"2025-01-07T06:51:51","guid":{"rendered":"https:\/\/www.billigtrikotde.com\/?post_type=product&#038;p=20520"},"modified":"2025-02-01T15:56:43","modified_gmt":"2025-02-01T14:56:43","slug":"guenstige-kinder-rb-leipzig-auswaertstrikot-2024-25-rot-fussballtrikots-benjamin-sesko-30","status":"publish","type":"product","link":"https:\/\/www.billigtrikotde.com\/sv\/guenstige-kinder-rb-leipzig-auswaertstrikot-2024-25-rot-fussballtrikots-benjamin-sesko-30\/","title":{"rendered":"Billiga Barn RB Leipzig Bortatr\u00f6ja 2024-25 R\u00f6d Fotbollstr\u00f6jor Benjamin Sesko 30"},"content":{"rendered":"<p>Den billiga RB Leipzig 2024-25 bortatr\u00f6jan har en snygg design f\u00f6r klubben som \u00e4gs av Red Bulls. Genom att kombinera tv\u00e5 nyanser av r\u00f6tt i en unik m\u00f6nsterdesign med alla logotyper i vitt, symboliserar designen p\u00e5 Leipzig 24-25 bortatr\u00f6ja den \"ostoppbara\" klubben.klubbm\u00e4rket p\u00e5 RB Leipzig 2024-25 bortatr\u00f6ja \u00e4r vitt p\u00e5 en r\u00f6dbrun bakgrund, tillverkad av h\u00f6gkvalitativ TPU med en 3D-effekt. Kragen \u00e4r ljusr\u00f6d och har en r\u00f6dbrun insats p\u00e5 framsidan.<\/p>\n<p>Tips f\u00f6r utskrift: Om namn och nummer p\u00e5 bilden \u00e4r exakt vad du vill ha, beh\u00f6ver du inte ange dem igen. Om inte, ska du ange \u00f6nskat namn och nummer.<\/p>\n<p>Tips f\u00f6r tv\u00e4tt: Det \u00e4r rekommenderat att tv\u00e4tta fotbollstr\u00f6jor f\u00f6r hand. Om du vill anv\u00e4nda tv\u00e4ttmaskinen ska du komma ih\u00e5g att v\u00e4nda fotbollstr\u00f6jorna ut och in och sedan tv\u00e4tta dem. Fyll maskinen med kallt vatten och anv\u00e4nd ett skonsamt program f\u00f6r att b\u00e4ttre skydda f\u00e4rgerna.<\/p>","protected":false},"excerpt":{"rendered":"<p>Das G\u00fcnstige RB Leipzig 2024-25 Ausw\u00e4rtstrikot hat ein stylisches Design f\u00fcr den Verein im Besitz der Roten Bullen. Es kombiniert zwei Rott\u00f6ne in einem einzigartigen Musterdesign mit allen Logos in Wei\u00df.Das Design des Leipzig 24-25 Ausw\u00e4rtstrikots symbolisiert den \u201eUnstoppable\u201c Club.Das Vereinswappen des RB Leipzig 2024-25 Ausw\u00e4rtstrikots ist wei\u00df auf rotbraunem Grund, hergestellt aus hochwertigem TPU [&hellip;]<\/p>","protected":false},"featured_media":20522,"comment_status":"open","ping_status":"closed","template":"","meta":[],"product_brand":[],"product_cat":[1330],"product_tag":[1335,20,574,24,94,1331,1332,1333,187,1334],"class_list":{"0":"post-20520","1":"product","2":"type-product","3":"status-publish","4":"has-post-thumbnail","6":"product_cat-rb-leipzig-kindertrikot","7":"product_tag-benjamin-sesko-trikots","8":"product_tag-coole-fussballtrikots","9":"product_tag-fussballtrikot-deutschland","10":"product_tag-guenstiges-fussballtrikot","11":"product_tag-kinder-fussball-trikotsatz","12":"product_tag-rb-leipzig-fussballtrikots-kinder","13":"product_tag-rb-leipzig-kinder-trikot-set","14":"product_tag-rb-leipzig-trikot-fuer-kinder","15":"product_tag-rb-leipzig-trikots","16":"product_tag-rb-leipzig-trikotsatz-fuer-kinder","18":"first","19":"instock","20":"shipping-taxable","21":"purchasable","22":"product-type-variable"},"_links":{"self":[{"href":"https:\/\/www.billigtrikotde.com\/sv\/wp-json\/wp\/v2\/product\/20520","targetHints":{"allow":["GET"]}}],"collection":[{"href":"https:\/\/www.billigtrikotde.com\/sv\/wp-json\/wp\/v2\/product"}],"about":[{"href":"https:\/\/www.billigtrikotde.com\/sv\/wp-json\/wp\/v2\/types\/product"}],"replies":[{"embeddable":true,"href":"https:\/\/www.billigtrikotde.com\/sv\/wp-json\/wp\/v2\/comments?post=20520"}],"wp:featuredmedia":[{"embeddable":true,"href":"https:\/\/www.billigtrikotde.com\/sv\/wp-json\/wp\/v2\/media\/20522"}],"wp:attachment":[{"href":"https:\/\/www.billigtrikotde.com\/sv\/wp-json\/wp\/v2\/media?parent=20520"}],"wp:term":[{"taxonomy":"product_brand","embeddable":true,"href":"https:\/\/www.billigtrikotde.com\/sv\/wp-json\/wp\/v2\/product_brand?post=20520"},{"taxonomy":"product_cat","embeddable":true,"href":"https:\/\/www.billigtrikotde.com\/sv\/wp-json\/wp\/v2\/product_cat?post=20520"},{"taxonomy":"product_tag","embeddable":true,"href":"https:\/\/www.billigtrikotde.com\/sv\/wp-json\/wp\/v2\/product_tag?post=20520"}],"curies":[{"name":"wp","href":"https:\/\/api.w.org\/{rel}","templated":true}]}}