{"id":20406,"date":"2024-12-19T09:07:12","date_gmt":"2024-12-19T08:07:12","guid":{"rendered":"https:\/\/www.gunstigfussballtrikot.de\/?post_type=product&#038;p=20406"},"modified":"2024-12-19T09:07:12","modified_gmt":"2024-12-19T08:07:12","slug":"rb-leipzig-heim-trikotsatz-2024-25-weiss-fussballtrikots-fuer-kinder-lutsharel-geertruida-3","status":"publish","type":"product","link":"https:\/\/www.billigtrikotde.com\/sv\/rb-leipzig-heim-trikotsatz-2024-25-weiss-fussballtrikots-fuer-kinder-lutsharel-geertruida-3\/","title":{"rendered":"RB Leipzig hemmast\u00e4ll 2024-25 vita fotbollstr\u00f6jor f\u00f6r barn Lutsharel Geertruida 3"},"content":{"rendered":"<p>RB Leipzig 2024-2025-tr\u00f6jan har en modern design i klubbf\u00e4rgerna vitt och r\u00f6tt. Det som g\u00f6r att RB Leipzig 2024-2025-tr\u00f6jan sticker ut \u00e4r designen p\u00e5 framsidan.44. Leipzig 24-25-tr\u00f6jan har en unik r\u00f6d grafisk design. M\u00f6nstret \u00e4r inspirerat av Leipzigs universitet och b\u00e5de kragen och manschetterna p\u00e5 Rasenballsports Leipzig 24-25 hemmatr\u00f6ja \u00e4r r\u00f6da.<\/p>\n<p>Tips f\u00f6r utskrift: Om namn och nummer p\u00e5 bilden \u00e4r exakt vad du vill ha, beh\u00f6ver du inte ange dem igen. Om inte, ska du ange \u00f6nskat namn och nummer.<\/p>\n<p>Tips f\u00f6r tv\u00e4tt: Det \u00e4r rekommenderat att tv\u00e4tta fotbollstr\u00f6jor f\u00f6r hand. Om du vill anv\u00e4nda tv\u00e4ttmaskinen ska du komma ih\u00e5g att v\u00e4nda fotbollstr\u00f6jorna ut och in och sedan tv\u00e4tta dem. Fyll maskinen med kallt vatten och anv\u00e4nd ett skonsamt program f\u00f6r att b\u00e4ttre skydda f\u00e4rgerna.<\/p>","protected":false},"excerpt":{"rendered":"<p>RB Leipzig 2024-2025-tr\u00f6jan har en modern design i klubbf\u00e4rgerna vitt och r\u00f6tt. Det som g\u00f6r att RB Leipzig 2024-2025-tr\u00f6jan sticker ut \u00e4r designen p\u00e5 framsidan.44. Leipzig 24-25-tr\u00f6jan har en unik r\u00f6d grafisk design. M\u00f6nstret \u00e4r inspirerat av Leipzigs universitet. B\u00e5de kragen och manschetterna p\u00e5 Rasenballsports Leipzig 24-25 hemmatr\u00f6ja \u00e4r r\u00f6da.<\/p>","protected":false},"featured_media":20408,"comment_status":"open","ping_status":"closed","template":"","meta":[],"product_brand":[],"product_cat":[1330],"product_tag":[20,574,24,94,1375,1331,1332,1333,187,1334],"class_list":{"0":"post-20406","1":"product","2":"type-product","3":"status-publish","4":"has-post-thumbnail","6":"product_cat-rb-leipzig-kindertrikot","7":"product_tag-coole-fussballtrikots","8":"product_tag-fussballtrikot-deutschland","9":"product_tag-guenstiges-fussballtrikot","10":"product_tag-kinder-fussball-trikotsatz","11":"product_tag-lutsharel-geertruida-trikots","12":"product_tag-rb-leipzig-fussballtrikots-kinder","13":"product_tag-rb-leipzig-kinder-trikot-set","14":"product_tag-rb-leipzig-trikot-fuer-kinder","15":"product_tag-rb-leipzig-trikots","16":"product_tag-rb-leipzig-trikotsatz-fuer-kinder","18":"first","19":"instock","20":"shipping-taxable","21":"purchasable","22":"product-type-variable"},"_links":{"self":[{"href":"https:\/\/www.billigtrikotde.com\/sv\/wp-json\/wp\/v2\/product\/20406","targetHints":{"allow":["GET"]}}],"collection":[{"href":"https:\/\/www.billigtrikotde.com\/sv\/wp-json\/wp\/v2\/product"}],"about":[{"href":"https:\/\/www.billigtrikotde.com\/sv\/wp-json\/wp\/v2\/types\/product"}],"replies":[{"embeddable":true,"href":"https:\/\/www.billigtrikotde.com\/sv\/wp-json\/wp\/v2\/comments?post=20406"}],"wp:featuredmedia":[{"embeddable":true,"href":"https:\/\/www.billigtrikotde.com\/sv\/wp-json\/wp\/v2\/media\/20408"}],"wp:attachment":[{"href":"https:\/\/www.billigtrikotde.com\/sv\/wp-json\/wp\/v2\/media?parent=20406"}],"wp:term":[{"taxonomy":"product_brand","embeddable":true,"href":"https:\/\/www.billigtrikotde.com\/sv\/wp-json\/wp\/v2\/product_brand?post=20406"},{"taxonomy":"product_cat","embeddable":true,"href":"https:\/\/www.billigtrikotde.com\/sv\/wp-json\/wp\/v2\/product_cat?post=20406"},{"taxonomy":"product_tag","embeddable":true,"href":"https:\/\/www.billigtrikotde.com\/sv\/wp-json\/wp\/v2\/product_tag?post=20406"}],"curies":[{"name":"wp","href":"https:\/\/api.w.org\/{rel}","templated":true}]}}