{"id":2014,"date":"2024-10-23T13:56:00","date_gmt":"2024-10-23T11:56:00","guid":{"rendered":"http:\/\/billigtrikots.com\/?post_type=product&#038;p=2014"},"modified":"2024-10-23T13:58:06","modified_gmt":"2024-10-23T11:58:06","slug":"personalisierbar-trikotsatz-chelsea-fc-2022-auswaertstrikot-gelb-schwarz-mendy-16","status":"publish","type":"product","link":"https:\/\/www.billigtrikotde.com\/sv\/personalisierbar-trikotsatz-chelsea-fc-2022-auswaertstrikot-gelb-schwarz-mendy-16\/","title":{"rendered":"Anpassningsbar Chelsea FC 2022 bortast\u00e4ll gul\/svart Mendy 16"},"content":{"rendered":"<p>Representera ditt lag i Chelsea FC Stadium Away-tr\u00f6jan. Materialet med h\u00f6g andningsf\u00f6rm\u00e5ga leder bort svett fr\u00e5n huden och h\u00e5ller dig sval och bekv\u00e4m oavsett om du \u00e4r p\u00e5 planen eller p\u00e5 l\u00e4ktaren.<\/p>\n<p>Nike Dri-FIT-teknik leder bort svett fr\u00e5n huden, s\u00e5 att den avdunstar snabbt och h\u00e5ller dig torr och bekv\u00e4m.<\/p>\n<p>Nike Breathe-materialet \u00e4r s\u00e4rskilt andningsbart och h\u00e5ller dig sval.<\/p>\n<p>Den autentiska designen \u00e4r baserad p\u00e5 de professionella spelarnas tr\u00f6jor.<\/p>\n<p>Tips f\u00f6r utskrift: Om namn och nummer p\u00e5 bilden \u00e4r exakt vad du vill ha, beh\u00f6ver du inte ange dem igen. Om inte, ska du ange \u00f6nskat namn och nummer.<\/p>\n<p>Tips f\u00f6r tv\u00e4tt: Det \u00e4r rekommenderat att tv\u00e4tta fotbollstr\u00f6jor f\u00f6r hand. Om du vill anv\u00e4nda tv\u00e4ttmaskinen ska du komma ih\u00e5g att v\u00e4nda fotbollstr\u00f6jorna ut och in och sedan tv\u00e4tta dem. Fyll maskinen med kallt vatten och anv\u00e4nd ett skonsamt program f\u00f6r att b\u00e4ttre skydda f\u00e4rgerna.<\/p>","protected":false},"excerpt":{"rendered":"<p>Representera ditt lag i Chelsea FC Stadium Borta-tr\u00f6ja. Det extremt andningsbara materialet leder bort svett fr\u00e5n huden och ger d\u00e4rmed en sval b\u00e4rkomfort \u2013 oavsett om du \u00e4r p\u00e5 planen eller p\u00e5 l\u00e4ktaren. Nike Dri-FIT-teknologin leder bort svett fr\u00e5n huden, vilket g\u00f6r att det snabbt avdunstar, och m\u00f6jligg\u00f6r torr b\u00e4rkomfort. Nike [...]<\/p>","protected":false},"featured_media":2044,"comment_status":"open","ping_status":"closed","template":"","meta":[],"product_brand":[],"product_cat":[72],"product_tag":[20,76,73,21,22,23,24],"class_list":{"0":"post-2014","1":"product","2":"type-product","3":"status-publish","4":"has-post-thumbnail","6":"product_cat-chelsea","7":"product_tag-coole-fussballtrikots","8":"product_tag-chelsea-auswaertstrikot","9":"product_tag-chelsea-trikots","10":"product_tag-fussballtrikot-fuer-herren","11":"product_tag-fussballtrikot-guenstig-kaufen","12":"product_tag-fussballtrikot-kurzarm","13":"product_tag-guenstiges-fussballtrikot","15":"first","16":"instock","17":"shipping-taxable","18":"purchasable","19":"product-type-variable"},"_links":{"self":[{"href":"https:\/\/www.billigtrikotde.com\/sv\/wp-json\/wp\/v2\/product\/2014","targetHints":{"allow":["GET"]}}],"collection":[{"href":"https:\/\/www.billigtrikotde.com\/sv\/wp-json\/wp\/v2\/product"}],"about":[{"href":"https:\/\/www.billigtrikotde.com\/sv\/wp-json\/wp\/v2\/types\/product"}],"replies":[{"embeddable":true,"href":"https:\/\/www.billigtrikotde.com\/sv\/wp-json\/wp\/v2\/comments?post=2014"}],"wp:featuredmedia":[{"embeddable":true,"href":"https:\/\/www.billigtrikotde.com\/sv\/wp-json\/wp\/v2\/media\/2044"}],"wp:attachment":[{"href":"https:\/\/www.billigtrikotde.com\/sv\/wp-json\/wp\/v2\/media?parent=2014"}],"wp:term":[{"taxonomy":"product_brand","embeddable":true,"href":"https:\/\/www.billigtrikotde.com\/sv\/wp-json\/wp\/v2\/product_brand?post=2014"},{"taxonomy":"product_cat","embeddable":true,"href":"https:\/\/www.billigtrikotde.com\/sv\/wp-json\/wp\/v2\/product_cat?post=2014"},{"taxonomy":"product_tag","embeddable":true,"href":"https:\/\/www.billigtrikotde.com\/sv\/wp-json\/wp\/v2\/product_tag?post=2014"}],"curies":[{"name":"wp","href":"https:\/\/api.w.org\/{rel}","templated":true}]}}