{"id":1977,"date":"2024-10-23T13:54:21","date_gmt":"2024-10-23T11:54:21","guid":{"rendered":"http:\/\/billigtrikots.com\/?post_type=product&#038;p=1977"},"modified":"2024-10-23T13:56:24","modified_gmt":"2024-10-23T11:56:24","slug":"chelsea-fc-2022-stadium-third-herren-fan-trikots-mit-aufdruck-havertz-29","status":"publish","type":"product","link":"https:\/\/www.billigtrikotde.com\/sv\/chelsea-fc-2022-stadium-third-herren-fan-trikots-mit-aufdruck-havertz-29\/","title":{"rendered":"Chelsea FC 2022 Stadium Third Herrsupporttr\u00f6jor med tryck Havertz 29"},"content":{"rendered":"<p>Chelsea FC Stadiumsers\u00e4ttningstr\u00f6jan imponerar med lagdetaljer och s\u00e4kerst\u00e4ller med mycket andningsaktivt material en sval, torr b\u00e4rkomfort p\u00e5 planen eller p\u00e5 l\u00e4ktaren n\u00e4r du hejar p\u00e5 ditt lag.<br \/>\nDen andningsbara Nike Dri-FIT-tekniken ger sval och torr komfort.<br \/>\nDen autentiska designen \u00e4r baserad p\u00e5 de professionella spelarnas tr\u00f6jor.<\/p>\n<p>Tips f\u00f6r utskrift: Om namn och nummer p\u00e5 bilden \u00e4r exakt vad du vill ha, beh\u00f6ver du inte ange dem igen. Om inte, ska du ange \u00f6nskat namn och nummer.<\/p>\n<p>Tips f\u00f6r tv\u00e4tt: Det \u00e4r rekommenderat att tv\u00e4tta fotbollstr\u00f6jor f\u00f6r hand. Om du vill anv\u00e4nda tv\u00e4ttmaskinen ska du komma ih\u00e5g att v\u00e4nda fotbollstr\u00f6jorna ut och in och sedan tv\u00e4tta dem. Fyll maskinen med kallt vatten och anv\u00e4nd ett skonsamt program f\u00f6r att b\u00e4ttre skydda f\u00e4rgerna.<\/p>","protected":false},"excerpt":{"rendered":"<p>Chelsea FC Stadion Reserve-tr\u00f6jan imponerar med lagdetaljer och ger sval, torr b\u00e4rkomfort p\u00e5 planen eller l\u00e4ngst l\u00e4ktaren n\u00e4r du hejar p\u00e5 ditt lag med det mest andningsbara materialet. Den ventilerande Nike Dri-FIT-teknologin s\u00e4kerst\u00e4ller sval och torr b\u00e4rkomfort. Den autentiska designen baseras p\u00e5 proffstr\u00f6jorna. Tips f\u00f6r tryck: N\u00e4r namn och nummer \u00e4r p\u00e5 [\u2026]<\/p>","protected":false},"featured_media":2007,"comment_status":"open","ping_status":"closed","template":"","meta":[],"product_brand":[],"product_cat":[72],"product_tag":[20,74,73,21,22,23,24],"class_list":{"0":"post-1977","1":"product","2":"type-product","3":"status-publish","4":"has-post-thumbnail","6":"product_cat-chelsea","7":"product_tag-coole-fussballtrikots","8":"product_tag-chelsea-ausweichtrikot","9":"product_tag-chelsea-trikots","10":"product_tag-fussballtrikot-fuer-herren","11":"product_tag-fussballtrikot-guenstig-kaufen","12":"product_tag-fussballtrikot-kurzarm","13":"product_tag-guenstiges-fussballtrikot","15":"first","16":"instock","17":"shipping-taxable","18":"purchasable","19":"product-type-variable"},"_links":{"self":[{"href":"https:\/\/www.billigtrikotde.com\/sv\/wp-json\/wp\/v2\/product\/1977","targetHints":{"allow":["GET"]}}],"collection":[{"href":"https:\/\/www.billigtrikotde.com\/sv\/wp-json\/wp\/v2\/product"}],"about":[{"href":"https:\/\/www.billigtrikotde.com\/sv\/wp-json\/wp\/v2\/types\/product"}],"replies":[{"embeddable":true,"href":"https:\/\/www.billigtrikotde.com\/sv\/wp-json\/wp\/v2\/comments?post=1977"}],"wp:featuredmedia":[{"embeddable":true,"href":"https:\/\/www.billigtrikotde.com\/sv\/wp-json\/wp\/v2\/media\/2007"}],"wp:attachment":[{"href":"https:\/\/www.billigtrikotde.com\/sv\/wp-json\/wp\/v2\/media?parent=1977"}],"wp:term":[{"taxonomy":"product_brand","embeddable":true,"href":"https:\/\/www.billigtrikotde.com\/sv\/wp-json\/wp\/v2\/product_brand?post=1977"},{"taxonomy":"product_cat","embeddable":true,"href":"https:\/\/www.billigtrikotde.com\/sv\/wp-json\/wp\/v2\/product_cat?post=1977"},{"taxonomy":"product_tag","embeddable":true,"href":"https:\/\/www.billigtrikotde.com\/sv\/wp-json\/wp\/v2\/product_tag?post=1977"}],"curies":[{"name":"wp","href":"https:\/\/api.w.org\/{rel}","templated":true}]}}