{"id":1973,"date":"2024-10-23T13:54:18","date_gmt":"2024-10-23T11:54:18","guid":{"rendered":"http:\/\/billigtrikots.com\/?post_type=product&#038;p=1973"},"modified":"2024-10-23T13:55:52","modified_gmt":"2024-10-23T11:55:52","slug":"fc-chelsea-stadium-2022-herren-edouard-mendy-16-fussball-trikot","status":"publish","type":"product","link":"https:\/\/www.billigtrikotde.com\/sv\/fc-chelsea-stadium-2022-herren-edouard-mendy-16-fussball-trikot\/","title":{"rendered":"FC Chelsea Stadium 2022 Herr Edouard Mendy 16# fotbolls tr\u00f6ja"},"content":{"rendered":"<p>Den nya Chelsea hemmatr\u00f6jan 2021\/22 \u00e4r \u00e4ntligen tillg\u00e4nglig! Chelsea hemmatr\u00f6ja 2021\/22 kommer utan tvekan att tillfredsst\u00e4lla de st\u00f6rsta fansen till den londonska klubben! Naturligtvis \u00e4r den bl\u00e5 f\u00e4rgen fortfarande huvudf\u00e4rgen f\u00f6r Blues fr\u00e5n Chelsea! F\u00f6r den h\u00e4r s\u00e4songen har Nike dock best\u00e4mt sig f\u00f6r att v\u00e5ga n\u00e5got och med en ny design som inte \u00e4r blyg alls.<\/p>\n<p>Fr\u00e5n schackbr\u00e4dan till zigzaggen \u2013 det \u00e4r tydligt ett vad Chelsea Football Club har tagit inf\u00f6r s\u00e4songen 21\/22. Det b\u00f6r beaktas att utseendet \u00e4ven p\u00e5 denna tr\u00f6ja fr\u00e5n Chelsea Trikot Home 21\/22 \u00e4r i gult som klubbens historiska f\u00e4rg. Det b\u00f6r \u00e4ven framh\u00e5llas att den nya Chelsea 21\/22-tr\u00f6jan \u00e4r tillverkad av \u00e5tervinningsbara material, en trevlig gest fr\u00e5n Blues!<\/p>\n<p>Visa din lojalitet till din hj\u00e4rteklubb och skaffa utan tvekan den nya Chelsea hemmatr\u00f6jan 2021\/22!<\/p>\n<p>Tips f\u00f6r utskrift: Om namn och nummer p\u00e5 bilden \u00e4r exakt vad du vill ha, beh\u00f6ver du inte ange dem igen. Om inte, ska du ange \u00f6nskat namn och nummer.<\/p>\n<p>Tips f\u00f6r tv\u00e4tt: Det \u00e4r rekommenderat att tv\u00e4tta fotbollstr\u00f6jor f\u00f6r hand. Om du vill anv\u00e4nda tv\u00e4ttmaskinen ska du komma ih\u00e5g att v\u00e4nda fotbollstr\u00f6jorna ut och in och sedan tv\u00e4tta dem. Fyll maskinen med kallt vatten och anv\u00e4nd ett skonsamt program f\u00f6r att b\u00e4ttre skydda f\u00e4rgerna.<\/p>","protected":false},"excerpt":{"rendered":"<p>Den nya Chelsea hemmatr\u00f6jan 2021\/22 \u00e4r \u00e4ntligen tillg\u00e4nglig! Chelsea hemmatr\u00f6ja 2021\/22 kommer utan tvekan att tillfredsst\u00e4lla de st\u00f6rsta fansen till den londonska klubben! Naturligtvis \u00e4r den bl\u00e5 f\u00e4rgen fortfarande huvudf\u00e4rgen f\u00f6r Blues fr\u00e5n Chelsea! F\u00f6r den h\u00e4r s\u00e4songen har Nike dock best\u00e4mt sig f\u00f6r att v\u00e5ga n\u00e5got och med en ny design som inte \u00e4r blyg alls.<\/p>","protected":false},"featured_media":2005,"comment_status":"open","ping_status":"closed","template":"","meta":[],"product_brand":[],"product_cat":[72],"product_tag":[20,73,21,23,24],"class_list":{"0":"post-1973","1":"product","2":"type-product","3":"status-publish","4":"has-post-thumbnail","6":"product_cat-chelsea","7":"product_tag-coole-fussballtrikots","8":"product_tag-chelsea-trikots","9":"product_tag-fussballtrikot-fuer-herren","10":"product_tag-fussballtrikot-kurzarm","11":"product_tag-guenstiges-fussballtrikot","13":"first","14":"instock","15":"shipping-taxable","16":"purchasable","17":"product-type-variable"},"_links":{"self":[{"href":"https:\/\/www.billigtrikotde.com\/sv\/wp-json\/wp\/v2\/product\/1973","targetHints":{"allow":["GET"]}}],"collection":[{"href":"https:\/\/www.billigtrikotde.com\/sv\/wp-json\/wp\/v2\/product"}],"about":[{"href":"https:\/\/www.billigtrikotde.com\/sv\/wp-json\/wp\/v2\/types\/product"}],"replies":[{"embeddable":true,"href":"https:\/\/www.billigtrikotde.com\/sv\/wp-json\/wp\/v2\/comments?post=1973"}],"wp:featuredmedia":[{"embeddable":true,"href":"https:\/\/www.billigtrikotde.com\/sv\/wp-json\/wp\/v2\/media\/2005"}],"wp:attachment":[{"href":"https:\/\/www.billigtrikotde.com\/sv\/wp-json\/wp\/v2\/media?parent=1973"}],"wp:term":[{"taxonomy":"product_brand","embeddable":true,"href":"https:\/\/www.billigtrikotde.com\/sv\/wp-json\/wp\/v2\/product_brand?post=1973"},{"taxonomy":"product_cat","embeddable":true,"href":"https:\/\/www.billigtrikotde.com\/sv\/wp-json\/wp\/v2\/product_cat?post=1973"},{"taxonomy":"product_tag","embeddable":true,"href":"https:\/\/www.billigtrikotde.com\/sv\/wp-json\/wp\/v2\/product_tag?post=1973"}],"curies":[{"name":"wp","href":"https:\/\/api.w.org\/{rel}","templated":true}]}}