{"id":1967,"date":"2024-10-23T13:53:50","date_gmt":"2024-10-23T11:53:50","guid":{"rendered":"http:\/\/billigtrikots.com\/?post_type=product&#038;p=1967"},"modified":"2024-10-23T13:55:51","modified_gmt":"2024-10-23T11:55:51","slug":"herren-chelsea-fc-2022-drittes-trikot-mit-aufdruck-azpilicueta-28","status":"publish","type":"product","link":"https:\/\/www.billigtrikotde.com\/sv\/herren-chelsea-fc-2022-drittes-trikot-mit-aufdruck-azpilicueta-28\/","title":{"rendered":"Herr Chelsea FC 2022 Tredje tr\u00f6ja med tryck Azpilicueta 28"},"content":{"rendered":"<p>Chelsea FC Stadiumsers\u00e4ttningstr\u00f6jan imponerar med lagdetaljer och s\u00e4kerst\u00e4ller med mycket andningsaktivt material en sval, torr b\u00e4rkomfort p\u00e5 planen eller p\u00e5 l\u00e4ktaren n\u00e4r du hejar p\u00e5 ditt lag.<br \/>\nDen andningsbara Nike Dri-FIT-tekniken ger sval och torr komfort.<br \/>\nDen autentiska designen \u00e4r baserad p\u00e5 de professionella spelarnas tr\u00f6jor.<\/p>\n<p>Tips f\u00f6r utskrift: Om namn och nummer p\u00e5 bilden \u00e4r exakt vad du vill ha, beh\u00f6ver du inte ange dem igen. Om inte, ska du ange \u00f6nskat namn och nummer.<\/p>\n<p>Tipps zum Waschen: Es wird empfohlen, Fu\u00dfballtrikots von Hand zu waschen. Wenn Sie die Waschmaschine benutzen m\u00f6chten, denken Sie daran, Fu\u00dfballtrikots umzudrehen und dann zu waschen. F\u00fcllen Sie die Maschine mit kaltem Wasser und verwenden Sie einen Schonwaschgang, um die Farben besser zu sch\u00fctzen<\/p>","protected":false},"excerpt":{"rendered":"<p>Chelsea FC Stadion Reserve-tr\u00f6jan imponerar med lagdetaljer och ger sval, torr b\u00e4rkomfort p\u00e5 planen eller l\u00e4ngst l\u00e4ktaren n\u00e4r du hejar p\u00e5 ditt lag med det mest andningsbara materialet. Den ventilerande Nike Dri-FIT-teknologin s\u00e4kerst\u00e4ller sval och torr b\u00e4rkomfort. Den autentiska designen baseras p\u00e5 proffstr\u00f6jorna. Tips f\u00f6r tryck: N\u00e4r namn och nummer \u00e4r p\u00e5 [\u2026]<\/p>","protected":false},"featured_media":2005,"comment_status":"open","ping_status":"closed","template":"","meta":[],"product_brand":[],"product_cat":[72],"product_tag":[20,74,73,21,22,23,24],"class_list":{"0":"post-1967","1":"product","2":"type-product","3":"status-publish","4":"has-post-thumbnail","6":"product_cat-chelsea","7":"product_tag-coole-fussballtrikots","8":"product_tag-chelsea-ausweichtrikot","9":"product_tag-chelsea-trikots","10":"product_tag-fussballtrikot-fuer-herren","11":"product_tag-fussballtrikot-guenstig-kaufen","12":"product_tag-fussballtrikot-kurzarm","13":"product_tag-guenstiges-fussballtrikot","15":"first","16":"instock","17":"shipping-taxable","18":"purchasable","19":"product-type-variable"},"_links":{"self":[{"href":"https:\/\/www.billigtrikotde.com\/sv\/wp-json\/wp\/v2\/product\/1967","targetHints":{"allow":["GET"]}}],"collection":[{"href":"https:\/\/www.billigtrikotde.com\/sv\/wp-json\/wp\/v2\/product"}],"about":[{"href":"https:\/\/www.billigtrikotde.com\/sv\/wp-json\/wp\/v2\/types\/product"}],"replies":[{"embeddable":true,"href":"https:\/\/www.billigtrikotde.com\/sv\/wp-json\/wp\/v2\/comments?post=1967"}],"wp:featuredmedia":[{"embeddable":true,"href":"https:\/\/www.billigtrikotde.com\/sv\/wp-json\/wp\/v2\/media\/2005"}],"wp:attachment":[{"href":"https:\/\/www.billigtrikotde.com\/sv\/wp-json\/wp\/v2\/media?parent=1967"}],"wp:term":[{"taxonomy":"product_brand","embeddable":true,"href":"https:\/\/www.billigtrikotde.com\/sv\/wp-json\/wp\/v2\/product_brand?post=1967"},{"taxonomy":"product_cat","embeddable":true,"href":"https:\/\/www.billigtrikotde.com\/sv\/wp-json\/wp\/v2\/product_cat?post=1967"},{"taxonomy":"product_tag","embeddable":true,"href":"https:\/\/www.billigtrikotde.com\/sv\/wp-json\/wp\/v2\/product_tag?post=1967"}],"curies":[{"name":"wp","href":"https:\/\/api.w.org\/{rel}","templated":true}]}}