{"id":1965,"date":"2024-10-23T13:53:48","date_gmt":"2024-10-23T11:53:48","guid":{"rendered":"http:\/\/billigtrikots.com\/?post_type=product&#038;p=1965"},"modified":"2024-10-23T13:55:51","modified_gmt":"2024-10-23T11:55:51","slug":"chelsea-stadium-2022-heim-mateo-kovacic-17-fussball-trikot","status":"publish","type":"product","link":"https:\/\/www.billigtrikotde.com\/sv\/chelsea-stadium-2022-heim-mateo-kovacic-17-fussball-trikot\/","title":{"rendered":"Chelsea Stadium 2022 Hemmatr\u00f6ja Mateo Kovacic 17# fotbolls tr\u00f6ja"},"content":{"rendered":"<p>Nike lanserar en bl\u00e5 tr\u00f6ja som l\u00e5ter dig st\u00f6dja din favoritklubb i b\u00e5de goda och d\u00e5liga tider med hj\u00e4rta och engagemang. Som en riktig FC Chelsea London-fantast beh\u00f6ver du denna hemstr\u00f6ja som spelarna b\u00e4r i Premier League. Vi rekommenderar denna svettavledande, l\u00e4tta, bekv\u00e4ma och andningsbara modell med den behagliga k\u00e4nslan att b\u00e4ra. En h\u00f6g h\u00e5llbarhet erbjuds dig. Den fantastiska looken hos denna sportt-tr\u00f6ja understrykes av ett klubbm\u00e4rke p\u00e5 br\u00f6stet. Med denna sporttr\u00f6ja \u00e4r du f\u00f6r varje enhet idealiskt kl\u00e4dd.<\/p>\n<p>Tips f\u00f6r utskrift: Om namn och nummer p\u00e5 bilden \u00e4r exakt vad du vill ha, beh\u00f6ver du inte ange dem igen. Om inte, ska du ange \u00f6nskat namn och nummer.<\/p>\n<p>Tips f\u00f6r tv\u00e4tt: Det \u00e4r rekommenderat att tv\u00e4tta fotbollstr\u00f6jor f\u00f6r hand. Om du vill anv\u00e4nda tv\u00e4ttmaskinen ska du komma ih\u00e5g att v\u00e4nda fotbollstr\u00f6jorna ut och in och sedan tv\u00e4tta dem. Fyll maskinen med kallt vatten och anv\u00e4nd ett skonsamt program f\u00f6r att b\u00e4ttre skydda f\u00e4rgerna.<\/p>","protected":false},"excerpt":{"rendered":"<p>Nike bringt mit dem Trikot in Blau ein Produkt heraus, mit dem du deinen Lieblingsverein in guten wie in schlechten Zeiten mit Herzblut und Hingabe unterst\u00fctzen kannst. Als echter FC Chelsea London-Fan brauchst du dieses Heim-Trikot, das die Spieler in der Premier League tragen. Wir empfehlen dieses schwei\u00dfableitende, leichte, bequeme und atmungsaktive Modell mit dem [&hellip;]<\/p>","protected":false},"featured_media":1995,"comment_status":"open","ping_status":"closed","template":"","meta":[],"product_brand":[],"product_cat":[72],"product_tag":[20,73,21,23,24],"class_list":{"0":"post-1965","1":"product","2":"type-product","3":"status-publish","4":"has-post-thumbnail","6":"product_cat-chelsea","7":"product_tag-coole-fussballtrikots","8":"product_tag-chelsea-trikots","9":"product_tag-fussballtrikot-fuer-herren","10":"product_tag-fussballtrikot-kurzarm","11":"product_tag-guenstiges-fussballtrikot","13":"first","14":"instock","15":"shipping-taxable","16":"purchasable","17":"product-type-variable"},"_links":{"self":[{"href":"https:\/\/www.billigtrikotde.com\/sv\/wp-json\/wp\/v2\/product\/1965","targetHints":{"allow":["GET"]}}],"collection":[{"href":"https:\/\/www.billigtrikotde.com\/sv\/wp-json\/wp\/v2\/product"}],"about":[{"href":"https:\/\/www.billigtrikotde.com\/sv\/wp-json\/wp\/v2\/types\/product"}],"replies":[{"embeddable":true,"href":"https:\/\/www.billigtrikotde.com\/sv\/wp-json\/wp\/v2\/comments?post=1965"}],"wp:featuredmedia":[{"embeddable":true,"href":"https:\/\/www.billigtrikotde.com\/sv\/wp-json\/wp\/v2\/media\/1995"}],"wp:attachment":[{"href":"https:\/\/www.billigtrikotde.com\/sv\/wp-json\/wp\/v2\/media?parent=1965"}],"wp:term":[{"taxonomy":"product_brand","embeddable":true,"href":"https:\/\/www.billigtrikotde.com\/sv\/wp-json\/wp\/v2\/product_brand?post=1965"},{"taxonomy":"product_cat","embeddable":true,"href":"https:\/\/www.billigtrikotde.com\/sv\/wp-json\/wp\/v2\/product_cat?post=1965"},{"taxonomy":"product_tag","embeddable":true,"href":"https:\/\/www.billigtrikotde.com\/sv\/wp-json\/wp\/v2\/product_tag?post=1965"}],"curies":[{"name":"wp","href":"https:\/\/api.w.org\/{rel}","templated":true}]}}