{"id":19553,"date":"2024-10-24T11:35:48","date_gmt":"2024-10-24T09:35:48","guid":{"rendered":"http:\/\/billigtrikots.com\/?post_type=product&#038;p=19553"},"modified":"2024-10-24T11:38:39","modified_gmt":"2024-10-24T09:38:39","slug":"billige-fussballtrikots-paris-saint-germain-psg-auswaertstrikot-2024-25-manuel-ugarte-4","status":"publish","type":"product","link":"https:\/\/www.billigtrikotde.com\/sv\/billige-fussballtrikots-paris-saint-germain-psg-auswaertstrikot-2024-25-manuel-ugarte-4\/","title":{"rendered":"Billiga Fotbollstr\u00f6jor Paris Saint-Germain PSG Bortatr\u00f6ja 2024-25 Manuel Ugarte 4"},"content":{"rendered":"<p>PSG:s bortatr\u00f6ja 2024-2026 \u00e4r vit, bl\u00e5 och r\u00f6d. Det speciella med tr\u00f6jan \u00e4r designen. Bortatr\u00f6jan PSG 2024-26 har en grafik med Eiffeltornet. Det \u00e4r en referenstr\u00f6ja f\u00f6r de olympiska spelen 2024 i Paris, men den \u00e4r ocks\u00e5 inspirerad av bortatr\u00f6jan fr\u00e5n 1990-91.<\/p>\n<p>Tips f\u00f6r utskrift: Om namn och nummer p\u00e5 bilden \u00e4r exakt vad du vill ha, beh\u00f6ver du inte ange dem igen. Om inte, ska du ange \u00f6nskat namn och nummer.<\/p>\n<p>Tips f\u00f6r tv\u00e4tt: Det \u00e4r rekommenderat att tv\u00e4tta fotbollstr\u00f6jor f\u00f6r hand. Om du vill anv\u00e4nda tv\u00e4ttmaskinen ska du komma ih\u00e5g att v\u00e4nda fotbollstr\u00f6jorna ut och in och sedan tv\u00e4tta dem. Fyll maskinen med kallt vatten och anv\u00e4nd ett skonsamt program f\u00f6r att b\u00e4ttre skydda f\u00e4rgerna.<\/p>","protected":false},"excerpt":{"rendered":"<p>PSG 2024-2026 Bortatr\u00f6jan \u00e4r vit, bl\u00e5 och r\u00f6d. Det som g\u00f6r tr\u00f6jan speciell \u00e4r designen. PSG 2024-26 Bortatr\u00f6jan har en grafik med Eiffeltornet. Det \u00e4r en referenstr\u00f6ja f\u00f6r Olympiska spelen 2024 i Paris, men ocks\u00e5 inspirerad av bortatr\u00f6jan 1990-91. Tips f\u00f6r tryck: N\u00e4rnamnet och numret placeras p\u00e5 [\u2026]<\/p>","protected":false},"featured_media":19601,"comment_status":"open","ping_status":"closed","template":"","meta":[],"product_brand":[],"product_cat":[39],"product_tag":[20,535,577,1324,332,1325,1326,1272,1273,41,1274],"class_list":{"0":"post-19553","1":"product","2":"type-product","3":"status-publish","4":"has-post-thumbnail","6":"product_cat-paris-saint-germain","7":"product_tag-coole-fussballtrikots","8":"product_tag-deutschland-trikot","9":"product_tag-fussballtrikots-trikotsatz","10":"product_tag-guenstige-manuel-ugarte-trikot","11":"product_tag-herren-fussball-trikotsatz","12":"product_tag-manuel-ugarte-trikot-kaufen","13":"product_tag-manuel-ugarte-trikots","14":"product_tag-paris-saint-germain-psg-fussballtrikots-herren","15":"product_tag-paris-saint-germain-psg-trikot-fuer-herren","16":"product_tag-paris-saint-germain-trikots","17":"product_tag-psg-trikotsatz-fuer-herren","19":"first","20":"instock","21":"shipping-taxable","22":"purchasable","23":"product-type-variable"},"_links":{"self":[{"href":"https:\/\/www.billigtrikotde.com\/sv\/wp-json\/wp\/v2\/product\/19553","targetHints":{"allow":["GET"]}}],"collection":[{"href":"https:\/\/www.billigtrikotde.com\/sv\/wp-json\/wp\/v2\/product"}],"about":[{"href":"https:\/\/www.billigtrikotde.com\/sv\/wp-json\/wp\/v2\/types\/product"}],"replies":[{"embeddable":true,"href":"https:\/\/www.billigtrikotde.com\/sv\/wp-json\/wp\/v2\/comments?post=19553"}],"wp:featuredmedia":[{"embeddable":true,"href":"https:\/\/www.billigtrikotde.com\/sv\/wp-json\/wp\/v2\/media\/19601"}],"wp:attachment":[{"href":"https:\/\/www.billigtrikotde.com\/sv\/wp-json\/wp\/v2\/media?parent=19553"}],"wp:term":[{"taxonomy":"product_brand","embeddable":true,"href":"https:\/\/www.billigtrikotde.com\/sv\/wp-json\/wp\/v2\/product_brand?post=19553"},{"taxonomy":"product_cat","embeddable":true,"href":"https:\/\/www.billigtrikotde.com\/sv\/wp-json\/wp\/v2\/product_cat?post=19553"},{"taxonomy":"product_tag","embeddable":true,"href":"https:\/\/www.billigtrikotde.com\/sv\/wp-json\/wp\/v2\/product_tag?post=19553"}],"curies":[{"name":"wp","href":"https:\/\/api.w.org\/{rel}","templated":true}]}}