{"id":19543,"date":"2024-10-24T11:35:14","date_gmt":"2024-10-24T09:35:14","guid":{"rendered":"http:\/\/billigtrikots.com\/?post_type=product&#038;p=19543"},"modified":"2024-10-24T11:38:04","modified_gmt":"2024-10-24T09:38:04","slug":"kinder-fussball-trikot-liverpool-2024-25-auswaerts-trikotsatz-personalisierbar","status":"publish","type":"product","link":"https:\/\/www.billigtrikotde.com\/sv\/kinder-fussball-trikot-liverpool-2024-25-auswaerts-trikotsatz-personalisierbar\/","title":{"rendered":"Barn Fotbollstr\u00f6ja Liverpool 2024-25 Away Kit Anpassningsbar"},"content":{"rendered":"<p>Liverpools bortatr\u00f6ja 2024-2025 kombinerar en m\u00f6rk antracitf\u00e4rgad basf\u00e4rg (n\u00e4stan svart) med ljusturkosa och ljusare antracitf\u00e4rgade applikationer. Logotyperna \u00e4r gr\u00e4ddf\u00e4rgade. De officiella f\u00e4rgerna \u00e4r \"Night Forest\/Anthracite\/Washed Teal\/Sail\". N\u00e4r det g\u00e4ller designen \u00e4r Liverpool Football Club 24-25 bortatr\u00f6ja mycket enkel. Den har inget m\u00f6nster eller grafisk design.<\/p>\n<p>Tips f\u00f6r utskrift: Om namn och nummer p\u00e5 bilden \u00e4r exakt vad du vill ha, beh\u00f6ver du inte ange dem igen. Om inte, ska du ange \u00f6nskat namn och nummer.<\/p>\n<p>Tips f\u00f6r tv\u00e4tt: Det \u00e4r rekommenderat att tv\u00e4tta fotbollstr\u00f6jor f\u00f6r hand. Om du vill anv\u00e4nda tv\u00e4ttmaskinen ska du komma ih\u00e5g att v\u00e4nda fotbollstr\u00f6jorna ut och in och sedan tv\u00e4tta dem. Fyll maskinen med kallt vatten och anv\u00e4nd ett skonsamt program f\u00f6r att b\u00e4ttre skydda f\u00e4rgerna.<\/p>","protected":false},"excerpt":{"rendered":"<p>Det Liverpool 2024-2025 borta tr\u00f6ja kombinerar en m\u00f6rk grafitbaserad f\u00e4rg (n\u00e4stan svart) med ljus turkosa och ljusare grafitf\u00e4rgade applikationer. Logosarna \u00e4r skira. De officiella f\u00e4rgerna \u00e4r \u201eNight Forest\/Anthracite\/Washed Teal\/Sail\u201c. Designen p\u00e5 Liverpool Football Club 24-25 borta tr\u00f6ja \u00e4r mycket enkel. Den har inga m\u00f6nster eller grafisk utformning. Tips f\u00f6r tryckning: N\u00e4r namnet och [\u2026]<\/p>","protected":false},"featured_media":19589,"comment_status":"open","ping_status":"closed","template":"","meta":[],"product_brand":[],"product_cat":[151],"product_tag":[20,574,24,94,865,277,866,153,154],"class_list":{"0":"post-19543","1":"product","2":"type-product","3":"status-publish","4":"has-post-thumbnail","6":"product_cat-liverpool-kindertrikot","7":"product_tag-coole-fussballtrikots","8":"product_tag-fussballtrikot-deutschland","9":"product_tag-guenstiges-fussballtrikot","10":"product_tag-kinder-fussball-trikotsatz","11":"product_tag-liverpool-fussballtrikots-kinder","12":"product_tag-liverpool-kinder-trikot-set","13":"product_tag-liverpool-trikot-fuer-kinder","14":"product_tag-liverpool-trikots","15":"product_tag-liverpool-trikotsatz-fuer-kinder","17":"first","18":"instock","19":"shipping-taxable","20":"purchasable","21":"product-type-variable"},"_links":{"self":[{"href":"https:\/\/www.billigtrikotde.com\/sv\/wp-json\/wp\/v2\/product\/19543","targetHints":{"allow":["GET"]}}],"collection":[{"href":"https:\/\/www.billigtrikotde.com\/sv\/wp-json\/wp\/v2\/product"}],"about":[{"href":"https:\/\/www.billigtrikotde.com\/sv\/wp-json\/wp\/v2\/types\/product"}],"replies":[{"embeddable":true,"href":"https:\/\/www.billigtrikotde.com\/sv\/wp-json\/wp\/v2\/comments?post=19543"}],"wp:featuredmedia":[{"embeddable":true,"href":"https:\/\/www.billigtrikotde.com\/sv\/wp-json\/wp\/v2\/media\/19589"}],"wp:attachment":[{"href":"https:\/\/www.billigtrikotde.com\/sv\/wp-json\/wp\/v2\/media?parent=19543"}],"wp:term":[{"taxonomy":"product_brand","embeddable":true,"href":"https:\/\/www.billigtrikotde.com\/sv\/wp-json\/wp\/v2\/product_brand?post=19543"},{"taxonomy":"product_cat","embeddable":true,"href":"https:\/\/www.billigtrikotde.com\/sv\/wp-json\/wp\/v2\/product_cat?post=19543"},{"taxonomy":"product_tag","embeddable":true,"href":"https:\/\/www.billigtrikotde.com\/sv\/wp-json\/wp\/v2\/product_tag?post=19543"}],"curies":[{"name":"wp","href":"https:\/\/api.w.org\/{rel}","templated":true}]}}