{"id":19530,"date":"2024-10-24T11:34:36","date_gmt":"2024-10-24T09:34:36","guid":{"rendered":"http:\/\/billigtrikots.com\/?post_type=product&#038;p=19530"},"modified":"2024-10-24T11:37:27","modified_gmt":"2024-10-24T09:37:27","slug":"guenstige-kindertrikots-liverpool-heimtrikotsatz-2024-25-dominik-szoboszlai-8","status":"publish","type":"product","link":"https:\/\/www.billigtrikotde.com\/sv\/guenstige-kindertrikots-liverpool-heimtrikotsatz-2024-25-dominik-szoboszlai-8\/","title":{"rendered":"Billiga barntr\u00f6jor Liverpool hemmast\u00e4ll 2024-25 Dominik Szoboszlai 8"},"content":{"rendered":"<p>Liverpool Football Club 24-25 Jersey \u00e4r en kombination av Gym Red, White och Chrome Yellow. Kroppen \u00e4r r\u00f6d, logotyperna \u00e4r gula och vitt anv\u00e4nds f\u00f6r sponsorlogotyperna och detaljerna.det som g\u00f6r att Liverpool 24-25-tr\u00f6jan sticker ut \u00e4r designen p\u00e5 framsidan. Den har gula kritstreck som bildar ett YNWA-m\u00f6nster (You'll Never Walk Alone).<\/p>\n<p>Tips f\u00f6r utskrift: Om namn och nummer p\u00e5 bilden \u00e4r exakt vad du vill ha, beh\u00f6ver du inte ange dem igen. Om inte, ska du ange \u00f6nskat namn och nummer.<\/p>\n<p>Tips f\u00f6r tv\u00e4tt: Det \u00e4r rekommenderat att tv\u00e4tta fotbollstr\u00f6jor f\u00f6r hand. Om du vill anv\u00e4nda tv\u00e4ttmaskinen ska du komma ih\u00e5g att v\u00e4nda fotbollstr\u00f6jorna ut och in och sedan tv\u00e4tta dem. Fyll maskinen med kallt vatten och anv\u00e4nd ett skonsamt program f\u00f6r att b\u00e4ttre skydda f\u00e4rgerna.<\/p>","protected":false},"excerpt":{"rendered":"<p>Liverpool Football Club 24-25 Jersey \u00e4r en kombination av Gym Red, White och Chrome Yellow. Kroppen \u00e4r r\u00f6d, logotyperna \u00e4r gula och vitt anv\u00e4nds f\u00f6r sponsorlogotyperna och detaljerna.det som g\u00f6r att Liverpool 24-25-tr\u00f6jan sticker ut \u00e4r designen p\u00e5 framsidan. Den har gula kritstreck som bildar ett YNWA-m\u00f6nster (You'll Never Walk Alone).<\/p>","protected":false},"featured_media":19578,"comment_status":"open","ping_status":"closed","template":"","meta":[],"product_brand":[],"product_cat":[151],"product_tag":[20,1320,574,24,94,865,277,866,153,154],"class_list":{"0":"post-19530","1":"product","2":"type-product","3":"status-publish","4":"has-post-thumbnail","6":"product_cat-liverpool-kindertrikot","7":"product_tag-coole-fussballtrikots","8":"product_tag-dominik-szoboszlai-trikots","9":"product_tag-fussballtrikot-deutschland","10":"product_tag-guenstiges-fussballtrikot","11":"product_tag-kinder-fussball-trikotsatz","12":"product_tag-liverpool-fussballtrikots-kinder","13":"product_tag-liverpool-kinder-trikot-set","14":"product_tag-liverpool-trikot-fuer-kinder","15":"product_tag-liverpool-trikots","16":"product_tag-liverpool-trikotsatz-fuer-kinder","18":"first","19":"instock","20":"shipping-taxable","21":"purchasable","22":"product-type-variable"},"_links":{"self":[{"href":"https:\/\/www.billigtrikotde.com\/sv\/wp-json\/wp\/v2\/product\/19530","targetHints":{"allow":["GET"]}}],"collection":[{"href":"https:\/\/www.billigtrikotde.com\/sv\/wp-json\/wp\/v2\/product"}],"about":[{"href":"https:\/\/www.billigtrikotde.com\/sv\/wp-json\/wp\/v2\/types\/product"}],"replies":[{"embeddable":true,"href":"https:\/\/www.billigtrikotde.com\/sv\/wp-json\/wp\/v2\/comments?post=19530"}],"wp:featuredmedia":[{"embeddable":true,"href":"https:\/\/www.billigtrikotde.com\/sv\/wp-json\/wp\/v2\/media\/19578"}],"wp:attachment":[{"href":"https:\/\/www.billigtrikotde.com\/sv\/wp-json\/wp\/v2\/media?parent=19530"}],"wp:term":[{"taxonomy":"product_brand","embeddable":true,"href":"https:\/\/www.billigtrikotde.com\/sv\/wp-json\/wp\/v2\/product_brand?post=19530"},{"taxonomy":"product_cat","embeddable":true,"href":"https:\/\/www.billigtrikotde.com\/sv\/wp-json\/wp\/v2\/product_cat?post=19530"},{"taxonomy":"product_tag","embeddable":true,"href":"https:\/\/www.billigtrikotde.com\/sv\/wp-json\/wp\/v2\/product_tag?post=19530"}],"curies":[{"name":"wp","href":"https:\/\/api.w.org\/{rel}","templated":true}]}}