{"id":19497,"date":"2024-10-24T11:32:42","date_gmt":"2024-10-24T09:32:42","guid":{"rendered":"http:\/\/billigtrikots.com\/?post_type=product&#038;p=19497"},"modified":"2025-05-30T16:13:24","modified_gmt":"2025-05-30T14:13:24","slug":"personalisierbar-kinder-manchester-united-auswaerts-trikotsatz-2024-25","status":"publish","type":"product","link":"https:\/\/www.billigtrikotde.com\/sv\/personalisierbar-kinder-manchester-united-auswaerts-trikotsatz-2024-25\/","title":{"rendered":"Manchester United bortast\u00e4ll f\u00f6r barn 2024-25"},"content":{"rendered":"<p>Den nya Manchester United FC 24-25 bortatr\u00f6jan har en marinbl\u00e5 huvudf\u00e4rg (\"Night Indigo\"), kombinerad med ljusa silverlogotyper och r\u00f6da accenter. Manchester United 24-25 bortatr\u00f6jan har ett sicksackmotiv p\u00e5 framsidan som best\u00e5r av bokstaven M. Den ljusbl\u00e5 grafiken p\u00e5 den smarta polokragen \u00e4r en hyllning till den flod som Old Trafford ligger vid.<\/p>\n<p>Tips f\u00f6r utskrift: Om namn och nummer p\u00e5 bilden \u00e4r exakt vad du vill ha, beh\u00f6ver du inte ange dem igen. Om inte, ska du ange \u00f6nskat namn och nummer.<\/p>\n<p>Tips f\u00f6r tv\u00e4tt: Det \u00e4r rekommenderat att tv\u00e4tta fotbollstr\u00f6jor f\u00f6r hand. Om du vill anv\u00e4nda tv\u00e4ttmaskinen ska du komma ih\u00e5g att v\u00e4nda fotbollstr\u00f6jorna ut och in och sedan tv\u00e4tta dem. Fyll maskinen med kallt vatten och anv\u00e4nd ett skonsamt program f\u00f6r att b\u00e4ttre skydda f\u00e4rgerna.<\/p>","protected":false},"excerpt":{"rendered":"<p>Den nya Manchester United FC 24-25 bortatr\u00f6jan har en marinbl\u00e5 huvudf\u00e4rg (\"Night Indigo\"), kombinerad med ljusa silverlogotyper och r\u00f6da accenter. Manchester United 24-25 bortatr\u00f6jan har ett sicksackmotiv p\u00e5 framsidan som best\u00e5r av bokstaven M. Den ljusbl\u00e5 grafiken p\u00e5 den smarta polokragen \u00e4r en hyllning till den flod som Old Trafford ligger vid.<\/p>","protected":false},"featured_media":19536,"comment_status":"open","ping_status":"closed","template":"","meta":[],"product_brand":[],"product_cat":[140],"product_tag":[20,574,664,24,1262,898,899,52,142],"class_list":{"0":"post-19497","1":"product","2":"type-product","3":"status-publish","4":"has-post-thumbnail","6":"product_cat-manchester-united-kindertrikot","7":"product_tag-coole-fussballtrikots","8":"product_tag-fussballtrikot-deutschland","9":"product_tag-fussballtrikot-trikotsatz","10":"product_tag-guenstiges-fussballtrikot","11":"product_tag-manchester-united-24-25-trikot","12":"product_tag-manchester-united-fussballtrikots-kinder","13":"product_tag-manchester-united-trikot-fuer-kinder","14":"product_tag-manchester-united-trikots","15":"product_tag-manchester-united-trikotsatz-fuer-kinder","17":"first","18":"instock","19":"shipping-taxable","20":"purchasable","21":"product-type-variable"},"_links":{"self":[{"href":"https:\/\/www.billigtrikotde.com\/sv\/wp-json\/wp\/v2\/product\/19497","targetHints":{"allow":["GET"]}}],"collection":[{"href":"https:\/\/www.billigtrikotde.com\/sv\/wp-json\/wp\/v2\/product"}],"about":[{"href":"https:\/\/www.billigtrikotde.com\/sv\/wp-json\/wp\/v2\/types\/product"}],"replies":[{"embeddable":true,"href":"https:\/\/www.billigtrikotde.com\/sv\/wp-json\/wp\/v2\/comments?post=19497"}],"wp:featuredmedia":[{"embeddable":true,"href":"https:\/\/www.billigtrikotde.com\/sv\/wp-json\/wp\/v2\/media\/19536"}],"wp:attachment":[{"href":"https:\/\/www.billigtrikotde.com\/sv\/wp-json\/wp\/v2\/media?parent=19497"}],"wp:term":[{"taxonomy":"product_brand","embeddable":true,"href":"https:\/\/www.billigtrikotde.com\/sv\/wp-json\/wp\/v2\/product_brand?post=19497"},{"taxonomy":"product_cat","embeddable":true,"href":"https:\/\/www.billigtrikotde.com\/sv\/wp-json\/wp\/v2\/product_cat?post=19497"},{"taxonomy":"product_tag","embeddable":true,"href":"https:\/\/www.billigtrikotde.com\/sv\/wp-json\/wp\/v2\/product_tag?post=19497"}],"curies":[{"name":"wp","href":"https:\/\/api.w.org\/{rel}","templated":true}]}}