{"id":19482,"date":"2024-10-24T11:31:35","date_gmt":"2024-10-24T09:31:35","guid":{"rendered":"http:\/\/billigtrikots.com\/?post_type=product&#038;p=19482"},"modified":"2025-06-16T16:03:01","modified_gmt":"2025-06-16T14:03:01","slug":"juventus-ausweich-trikotsatz-2024-25-fussballtrikots-guenstig","status":"publish","type":"product","link":"https:\/\/www.billigtrikotde.com\/sv\/juventus-ausweich-trikotsatz-2024-25-fussballtrikots-guenstig\/","title":{"rendered":"Juventus 2024-25 Fotbollstr\u00f6jor Billiga"},"content":{"rendered":"<p>Den nya tredje tr\u00f6jan f\u00f6r Juventus FC 24-25 \u00e4r huvudsakligen antracitf\u00e4rgad med guldiga logotyper. Den mest intressanta egenskapen hos den tredje tr\u00f6jan f\u00f6r Juventus FC 24-25 \u00e4r framtr\u00e4dandet av Trefoil-logotypen och Juventus-zebram\u00e4rket. Det ger klass och nostalgi till den tredje tr\u00f6jan f\u00f6r Juventus 24-25. Den anv\u00e4nder en klassisk polo krage f\u00f6r en \u00e4nnu starkare retro-k\u00e4nsla. Ett m\u00f6nster, som best\u00e5r av den aktuella Juventus-logotypen, full\u00e4ndar looken.<\/p>\n<p>Tips f\u00f6r utskrift: Om namn och nummer p\u00e5 bilden \u00e4r exakt vad du vill ha, beh\u00f6ver du inte ange dem igen. Om inte, ska du ange \u00f6nskat namn och nummer.<\/p>\n<p>Tips f\u00f6r tv\u00e4tt: Det \u00e4r rekommenderat att tv\u00e4tta fotbollstr\u00f6jor f\u00f6r hand. Om du vill anv\u00e4nda tv\u00e4ttmaskinen ska du komma ih\u00e5g att v\u00e4nda fotbollstr\u00f6jorna ut och in och sedan tv\u00e4tta dem. Fyll maskinen med kallt vatten och anv\u00e4nd ett skonsamt program f\u00f6r att b\u00e4ttre skydda f\u00e4rgerna.<\/p>","protected":false},"excerpt":{"rendered":"<p>Das neue dritte Trikot von Juventus FC 24-25 ist \u00fcberwiegend anthrazitfarben mit goldenen Logos. Das interessanteste Merkmal des dritten Trikots des Juventus FC 24-25 ist das Auftauchen des Trefoil-Logos und des Juventus-Zebra-Wappens. Das bringt Klassik und Nostalgie in das dritte Trikot von Juventus 24-25. Es verwendet einen klassischen Polokragen f\u00fcr ein noch st\u00e4rkeres Retro-Gef\u00fchl. Ein [&hellip;]<\/p>","protected":false},"featured_media":19525,"comment_status":"open","ping_status":"closed","template":"","meta":[],"product_brand":[],"product_cat":[59],"product_tag":[20,574,21,23,24,617,618,61],"class_list":{"0":"post-19482","1":"product","2":"type-product","3":"status-publish","4":"has-post-thumbnail","6":"product_cat-juventus","7":"product_tag-coole-fussballtrikots","8":"product_tag-fussballtrikot-deutschland","9":"product_tag-fussballtrikot-fuer-herren","10":"product_tag-fussballtrikot-kurzarm","11":"product_tag-guenstiges-fussballtrikot","12":"product_tag-juventus-fussballtrikot","13":"product_tag-juventus-trikot","14":"product_tag-juventus-trikots","16":"first","17":"instock","18":"shipping-taxable","19":"purchasable","20":"product-type-variable"},"_links":{"self":[{"href":"https:\/\/www.billigtrikotde.com\/sv\/wp-json\/wp\/v2\/product\/19482","targetHints":{"allow":["GET"]}}],"collection":[{"href":"https:\/\/www.billigtrikotde.com\/sv\/wp-json\/wp\/v2\/product"}],"about":[{"href":"https:\/\/www.billigtrikotde.com\/sv\/wp-json\/wp\/v2\/types\/product"}],"replies":[{"embeddable":true,"href":"https:\/\/www.billigtrikotde.com\/sv\/wp-json\/wp\/v2\/comments?post=19482"}],"wp:featuredmedia":[{"embeddable":true,"href":"https:\/\/www.billigtrikotde.com\/sv\/wp-json\/wp\/v2\/media\/19525"}],"wp:attachment":[{"href":"https:\/\/www.billigtrikotde.com\/sv\/wp-json\/wp\/v2\/media?parent=19482"}],"wp:term":[{"taxonomy":"product_brand","embeddable":true,"href":"https:\/\/www.billigtrikotde.com\/sv\/wp-json\/wp\/v2\/product_brand?post=19482"},{"taxonomy":"product_cat","embeddable":true,"href":"https:\/\/www.billigtrikotde.com\/sv\/wp-json\/wp\/v2\/product_cat?post=19482"},{"taxonomy":"product_tag","embeddable":true,"href":"https:\/\/www.billigtrikotde.com\/sv\/wp-json\/wp\/v2\/product_tag?post=19482"}],"curies":[{"name":"wp","href":"https:\/\/api.w.org\/{rel}","templated":true}]}}