{"id":19442,"date":"2024-10-24T11:29:10","date_gmt":"2024-10-24T09:29:10","guid":{"rendered":"http:\/\/billigtrikots.com\/?post_type=product&#038;p=19442"},"modified":"2025-06-09T04:41:39","modified_gmt":"2025-06-09T02:41:39","slug":"kaufe-herren-arsenal-2024-25-heimtrikot-rot-und-weiss-trikotsatz-kit","status":"publish","type":"product","link":"https:\/\/www.billigtrikotde.com\/sv\/kaufe-herren-arsenal-2024-25-heimtrikot-rot-und-weiss-trikotsatz-kit\/","title":{"rendered":"K\u00f6p Arsenal 2024-25 hemmatr\u00f6ja, r\u00f6d och vit, herr"},"content":{"rendered":"<p>Arsenals tr\u00f6ja 2024-2025 kombinerar klubbens klassiska r\u00f6da huvudf\u00e4rg (Better Scarlet) med vita logotyper och m\u00f6rkbl\u00e5 designelement. N\u00e4r det g\u00e4ller design \u00e4r Arsenal 2024-25-tr\u00f6jan ganska enkel. Den \u00e4r baserad p\u00e5 den nya 2024-25-mallen, som har distinkta sidoetiketter, som i det h\u00e4r fallet \u00e4r bl\u00e5.<\/p>\n<p>Tips f\u00f6r utskrift: Om namn och nummer p\u00e5 bilden \u00e4r exakt vad du vill ha, beh\u00f6ver du inte ange dem igen. Om inte, ska du ange \u00f6nskat namn och nummer.<\/p>\n<p>Tips f\u00f6r tv\u00e4tt: Det \u00e4r rekommenderat att tv\u00e4tta fotbollstr\u00f6jor f\u00f6r hand. Om du vill anv\u00e4nda tv\u00e4ttmaskinen ska du komma ih\u00e5g att v\u00e4nda fotbollstr\u00f6jorna ut och in och sedan tv\u00e4tta dem. Fyll maskinen med kallt vatten och anv\u00e4nd ett skonsamt program f\u00f6r att b\u00e4ttre skydda f\u00e4rgerna.<\/p>","protected":false},"excerpt":{"rendered":"<p>Das Arsenal 2024-2025 Trikot kombiniert die klassische rote Hauptfarbe des Vereins (Better Scarlet) mit wei\u00dfen Logos und dunkelblauen Designelementen. Vom Design her ist das Arsenal 2024-25 Trikot eher schlicht gehalten. Es baut auf der neuen 2024-25 Template auf, die markante Seitenetiketten hat, die in diesem Fall blau sind. Tipps zum Drucken: Wenn der Name und [&hellip;]<\/p>","protected":false},"featured_media":19483,"comment_status":"open","ping_status":"closed","template":"","meta":[],"product_brand":[],"product_cat":[55],"product_tag":[609,610,1007,21,23,24],"class_list":{"0":"post-19442","1":"product","2":"type-product","3":"status-publish","4":"has-post-thumbnail","6":"product_cat-arsenal","7":"product_tag-arsenal-fussballtrikot","8":"product_tag-arsenal-trikot","9":"product_tag-arsenal-trikot-2024","10":"product_tag-fussballtrikot-fuer-herren","11":"product_tag-fussballtrikot-kurzarm","12":"product_tag-guenstiges-fussballtrikot","14":"first","15":"instock","16":"shipping-taxable","17":"purchasable","18":"product-type-variable"},"_links":{"self":[{"href":"https:\/\/www.billigtrikotde.com\/sv\/wp-json\/wp\/v2\/product\/19442","targetHints":{"allow":["GET"]}}],"collection":[{"href":"https:\/\/www.billigtrikotde.com\/sv\/wp-json\/wp\/v2\/product"}],"about":[{"href":"https:\/\/www.billigtrikotde.com\/sv\/wp-json\/wp\/v2\/types\/product"}],"replies":[{"embeddable":true,"href":"https:\/\/www.billigtrikotde.com\/sv\/wp-json\/wp\/v2\/comments?post=19442"}],"wp:featuredmedia":[{"embeddable":true,"href":"https:\/\/www.billigtrikotde.com\/sv\/wp-json\/wp\/v2\/media\/19483"}],"wp:attachment":[{"href":"https:\/\/www.billigtrikotde.com\/sv\/wp-json\/wp\/v2\/media?parent=19442"}],"wp:term":[{"taxonomy":"product_brand","embeddable":true,"href":"https:\/\/www.billigtrikotde.com\/sv\/wp-json\/wp\/v2\/product_brand?post=19442"},{"taxonomy":"product_cat","embeddable":true,"href":"https:\/\/www.billigtrikotde.com\/sv\/wp-json\/wp\/v2\/product_cat?post=19442"},{"taxonomy":"product_tag","embeddable":true,"href":"https:\/\/www.billigtrikotde.com\/sv\/wp-json\/wp\/v2\/product_tag?post=19442"}],"curies":[{"name":"wp","href":"https:\/\/api.w.org\/{rel}","templated":true}]}}