{"id":19437,"date":"2024-10-24T11:28:38","date_gmt":"2024-10-24T09:28:38","guid":{"rendered":"http:\/\/billigtrikots.com\/?post_type=product&#038;p=19437"},"modified":"2025-04-26T09:55:28","modified_gmt":"2025-04-26T07:55:28","slug":"billige-borussia-dortmund-bvb-2024-25-heimtrikot-fussballtrikots-set","status":"publish","type":"product","link":"https:\/\/www.billigtrikotde.com\/sv\/billige-borussia-dortmund-bvb-2024-25-heimtrikot-fussballtrikots-set\/","title":{"rendered":"Billiga Borussia Dortmund BVB 2024-25 Hemmatr\u00f6ja Fotbollstr\u00f6ja Set"},"content":{"rendered":"<p>Den <strong>BVB 24-25-tr\u00f6ja<\/strong> har en gul kropp kombinerad med kontrasterande svarta \u00e4rmar. Detta \u00e4r de klassiska f\u00e4rgerna f\u00f6r det tyska laget. Det som g\u00f6r BVB 24-25-tr\u00f6jan unik \u00e4r randdesignen p\u00e5 framsidan, som \u00e4r inspirerad av Champions League-vinnande tr\u00f6jan 1996\/97 fr\u00e5n Nike. Baksidan av tr\u00f6jan har bara r\u00e4nder l\u00e4ngst ner och \u00e4r huvudsakligen enf\u00e4rgad gul.<\/p>\n<p>Tips f\u00f6r utskrift: Om namn och nummer p\u00e5 bilden \u00e4r exakt vad du vill ha, beh\u00f6ver du inte ange dem igen. Om inte, ska du ange \u00f6nskat namn och nummer.<\/p>\n<p>Tips f\u00f6r tv\u00e4tt: Det \u00e4r rekommenderat att tv\u00e4tta fotbollstr\u00f6jor f\u00f6r hand. Om du vill anv\u00e4nda tv\u00e4ttmaskinen ska du komma ih\u00e5g att v\u00e4nda fotbollstr\u00f6jorna ut och in och sedan tv\u00e4tta dem. Fyll maskinen med kallt vatten och anv\u00e4nd ett skonsamt program f\u00f6r att b\u00e4ttre skydda f\u00e4rgerna.<\/p>","protected":false},"excerpt":{"rendered":"<p>har en gul kropp kombinerad med kontrasterande svarta \u00e4rmar. Detta \u00e4r de klassiska f\u00e4rgerna f\u00f6r det tyska laget. Det som g\u00f6r BVB 24-25-tr\u00f6jan unik \u00e4r randdesignen p\u00e5 framsidan, som \u00e4r inspirerad av Champions League-vinnande tr\u00f6jan 1996\/97 fr\u00e5n Nike. Baksidan av tr\u00f6jan har bara r\u00e4nder l\u00e4ngst ner och \u00e4r huvudsakligen enf\u00e4rgad gul.<\/p>","protected":false},"featured_media":19476,"comment_status":"open","ping_status":"closed","template":"","meta":[],"product_brand":[],"product_cat":[63],"product_tag":[20,65,649,650,66,574,21,23,24],"class_list":{"0":"post-19437","1":"product","2":"type-product","3":"status-publish","4":"has-post-thumbnail","6":"product_cat-borussia-dortmund","7":"product_tag-coole-fussballtrikots","8":"product_tag-borussia-dortmund-trikots","9":"product_tag-bvb-borussia-dortmund-fussballtrikot","10":"product_tag-bvb-borussia-dortmund-trikot","11":"product_tag-bvb-trikots","12":"product_tag-fussballtrikot-deutschland","13":"product_tag-fussballtrikot-fuer-herren","14":"product_tag-fussballtrikot-kurzarm","15":"product_tag-guenstiges-fussballtrikot","17":"first","18":"instock","19":"shipping-taxable","20":"purchasable","21":"product-type-variable"},"_links":{"self":[{"href":"https:\/\/www.billigtrikotde.com\/sv\/wp-json\/wp\/v2\/product\/19437","targetHints":{"allow":["GET"]}}],"collection":[{"href":"https:\/\/www.billigtrikotde.com\/sv\/wp-json\/wp\/v2\/product"}],"about":[{"href":"https:\/\/www.billigtrikotde.com\/sv\/wp-json\/wp\/v2\/types\/product"}],"replies":[{"embeddable":true,"href":"https:\/\/www.billigtrikotde.com\/sv\/wp-json\/wp\/v2\/comments?post=19437"}],"wp:featuredmedia":[{"embeddable":true,"href":"https:\/\/www.billigtrikotde.com\/sv\/wp-json\/wp\/v2\/media\/19476"}],"wp:attachment":[{"href":"https:\/\/www.billigtrikotde.com\/sv\/wp-json\/wp\/v2\/media?parent=19437"}],"wp:term":[{"taxonomy":"product_brand","embeddable":true,"href":"https:\/\/www.billigtrikotde.com\/sv\/wp-json\/wp\/v2\/product_brand?post=19437"},{"taxonomy":"product_cat","embeddable":true,"href":"https:\/\/www.billigtrikotde.com\/sv\/wp-json\/wp\/v2\/product_cat?post=19437"},{"taxonomy":"product_tag","embeddable":true,"href":"https:\/\/www.billigtrikotde.com\/sv\/wp-json\/wp\/v2\/product_tag?post=19437"}],"curies":[{"name":"wp","href":"https:\/\/api.w.org\/{rel}","templated":true}]}}